{"id":20032,"date":"2025-02-03T14:53:47","date_gmt":"2025-02-03T14:53:47","guid":{"rendered":"https:\/\/promochaudiere.be\/?post_type=product&#038;p=20032"},"modified":"2026-02-03T19:28:14","modified_gmt":"2026-02-03T18:28:14","slug":"dab-panel-ng-e-box-plus-enkel-driefasen-1-2-pompen-60211088","status":"publish","type":"product","link":"https:\/\/promochaudiere.be\/nl\/product\/dab-panel-ng-e-box-plus-enkel-driefasen-1-2-pompen-60211088\/","title":{"rendered":"DAB PANEL NG E.BOX PLUS ENKEL-\/DRIEFASEN 1-2 POMPEN 60211088"},"content":{"rendered":"<p>Met dit bedieningspaneel kunt u 1 tot 2 pompen effici\u00ebnt aansturen in \u00e9\u00e9n- of driefasenmodus. Het zorgt voor automatische regeling van starten en stoppen. De intu\u00eftieve interface vereenvoudigt de configuratie en monitoring. Het beschermt pompen tegen overbelasting en spanningsschommelingen. Eenvoudig te installeren en geschikt voor industri\u00eble en huishoudelijke hydraulische netwerken. Een essentieel apparaat voor intelligent pompbeheer.<\/p>","protected":false},"excerpt":{"rendered":"<p>DAB PANEL NG E.BOX PLUS ENKEL-\/DRIEFASEN 1-2 POMPEN 60211088<\/p>","protected":false},"featured_media":21003,"comment_status":"open","ping_status":"closed","template":"","meta":[],"product_brand":[],"product_cat":[1025],"product_tag":[],"class_list":{"0":"post-20032","1":"product","2":"type-product","3":"status-publish","4":"has-post-thumbnail","6":"product_cat-pompen","7":"pa_marque-dab","9":"first","10":"instock","11":"sale","12":"taxable","13":"shipping-taxable","14":"purchasable","15":"product-type-simple"},"aioseo_notices":[],"_links":{"self":[{"href":"https:\/\/promochaudiere.be\/nl\/wp-json\/wp\/v2\/product\/20032","targetHints":{"allow":["GET"]}}],"collection":[{"href":"https:\/\/promochaudiere.be\/nl\/wp-json\/wp\/v2\/product"}],"about":[{"href":"https:\/\/promochaudiere.be\/nl\/wp-json\/wp\/v2\/types\/product"}],"replies":[{"embeddable":true,"href":"https:\/\/promochaudiere.be\/nl\/wp-json\/wp\/v2\/comments?post=20032"}],"version-history":[{"count":1,"href":"https:\/\/promochaudiere.be\/nl\/wp-json\/wp\/v2\/product\/20032\/revisions"}],"predecessor-version":[{"id":42671,"href":"https:\/\/promochaudiere.be\/nl\/wp-json\/wp\/v2\/product\/20032\/revisions\/42671"}],"wp:featuredmedia":[{"embeddable":true,"href":"https:\/\/promochaudiere.be\/nl\/wp-json\/wp\/v2\/media\/21003"}],"wp:attachment":[{"href":"https:\/\/promochaudiere.be\/nl\/wp-json\/wp\/v2\/media?parent=20032"}],"wp:term":[{"taxonomy":"product_brand","embeddable":true,"href":"https:\/\/promochaudiere.be\/nl\/wp-json\/wp\/v2\/product_brand?post=20032"},{"taxonomy":"product_cat","embeddable":true,"href":"https:\/\/promochaudiere.be\/nl\/wp-json\/wp\/v2\/product_cat?post=20032"},{"taxonomy":"product_tag","embeddable":true,"href":"https:\/\/promochaudiere.be\/nl\/wp-json\/wp\/v2\/product_tag?post=20032"}],"curies":[{"name":"wp","href":"https:\/\/api.w.org\/{rel}","templated":true}]}}