{"id":20039,"date":"2025-02-03T14:53:51","date_gmt":"2025-02-03T14:53:51","guid":{"rendered":"https:\/\/promochaudiere.be\/?post_type=product&#038;p=20039"},"modified":"2026-02-03T19:28:33","modified_gmt":"2026-02-03T18:28:33","slug":"easyair-geisoleerde-dakdoorvoer-160mm-zwart-400480632","status":"publish","type":"product","link":"https:\/\/promochaudiere.be\/nl\/product\/easyair-geisoleerde-dakdoorvoer-160mm-zwart-400480632\/","title":{"rendered":"EASYAIR GE\u00cfSOLEERDE DAKDOORVOER 160MM ZWART 400480632"},"content":{"rendered":"<p>Deze ge\u00efsoleerde EasyAir dakdoorvoer is ontworpen voor installaties waarbij een afvoer van \u00d8160 mm nodig is. Het zorgt voor een effici\u00ebnte evacuatie en beschermt tegen waterinfiltratie en warmteverlies. Dankzij de ge\u00efntegreerde isolatie worden de energieprestaties van ventilatiesystemen geoptimaliseerd. Eenvoudig te installeren en een duurzame en betrouwbare oplossing. Het zwarte design past bij alle soorten daken. Een ideale oplossing om de ventilatie-effici\u00ebntie te verbeteren en optimaal comfort te garanderen.<\/p>","protected":false},"excerpt":{"rendered":"<p>EASYAIR GE\u00cfSOLEERDE DAKDOORVOER 160MM ZWART 400480632<\/p>","protected":false},"featured_media":22258,"comment_status":"open","ping_status":"closed","template":"","meta":[],"product_brand":[],"product_cat":[5910,8840],"product_tag":[],"class_list":{"0":"post-20039","1":"product","2":"type-product","3":"status-publish","4":"has-post-thumbnail","6":"product_cat-dakdoorvoer","7":"product_cat-test","9":"first","10":"instock","11":"sale","12":"taxable","13":"shipping-taxable","14":"purchasable","15":"product-type-simple"},"aioseo_notices":[],"_links":{"self":[{"href":"https:\/\/promochaudiere.be\/nl\/wp-json\/wp\/v2\/product\/20039","targetHints":{"allow":["GET"]}}],"collection":[{"href":"https:\/\/promochaudiere.be\/nl\/wp-json\/wp\/v2\/product"}],"about":[{"href":"https:\/\/promochaudiere.be\/nl\/wp-json\/wp\/v2\/types\/product"}],"replies":[{"embeddable":true,"href":"https:\/\/promochaudiere.be\/nl\/wp-json\/wp\/v2\/comments?post=20039"}],"version-history":[{"count":1,"href":"https:\/\/promochaudiere.be\/nl\/wp-json\/wp\/v2\/product\/20039\/revisions"}],"predecessor-version":[{"id":52093,"href":"https:\/\/promochaudiere.be\/nl\/wp-json\/wp\/v2\/product\/20039\/revisions\/52093"}],"wp:featuredmedia":[{"embeddable":true,"href":"https:\/\/promochaudiere.be\/nl\/wp-json\/wp\/v2\/media\/22258"}],"wp:attachment":[{"href":"https:\/\/promochaudiere.be\/nl\/wp-json\/wp\/v2\/media?parent=20039"}],"wp:term":[{"taxonomy":"product_brand","embeddable":true,"href":"https:\/\/promochaudiere.be\/nl\/wp-json\/wp\/v2\/product_brand?post=20039"},{"taxonomy":"product_cat","embeddable":true,"href":"https:\/\/promochaudiere.be\/nl\/wp-json\/wp\/v2\/product_cat?post=20039"},{"taxonomy":"product_tag","embeddable":true,"href":"https:\/\/promochaudiere.be\/nl\/wp-json\/wp\/v2\/product_tag?post=20039"}],"curies":[{"name":"wp","href":"https:\/\/api.w.org\/{rel}","templated":true}]}}