{"id":20093,"date":"2025-02-03T14:54:33","date_gmt":"2025-02-03T14:54:33","guid":{"rendered":"https:\/\/promochaudiere.be\/?post_type=product&#038;p=20093"},"modified":"2026-02-03T19:28:09","modified_gmt":"2026-02-03T18:28:09","slug":"vaillant-buffertank-8-aansluitingen-100l-0010021456","status":"publish","type":"product","link":"https:\/\/promochaudiere.be\/nl\/product\/vaillant-buffertank-8-aansluitingen-100l-0010021456\/","title":{"rendered":"VAILLANT BUFFERTANK +8 AANSLUITINGEN 100L 0010021456"},"content":{"rendered":"<p>Deze 100L Vaillant buffertank is ontworpen om de distributie van warm water in verwarmingscircuits te optimaliseren. Hierdoor kan thermische energie worden opgeslagen en effici\u00ebnter worden gebruikt. Dankzij de 8 aansluitingen is de installatie flexibel. De effici\u00ebnte isolatie beperkt het warmteverlies. Een ideale keuze voor het verbeteren van de verwarmingseffici\u00ebntie.<\/p>","protected":false},"excerpt":{"rendered":"<p>VAILLANT BUFFERTANK +8 AANSLUITINGEN 100L 0010021456<\/p>","protected":false},"featured_media":22300,"comment_status":"open","ping_status":"closed","template":"","meta":[],"product_brand":[],"product_cat":[7311,8842],"product_tag":[],"class_list":{"0":"post-20093","1":"product","2":"type-product","3":"status-publish","4":"has-post-thumbnail","6":"product_cat-buffervat","7":"product_cat-test-nl","8":"pa_marque-vaillant","10":"first","11":"instock","12":"sale","13":"taxable","14":"shipping-taxable","15":"purchasable","16":"product-type-simple"},"aioseo_notices":[],"_links":{"self":[{"href":"https:\/\/promochaudiere.be\/nl\/wp-json\/wp\/v2\/product\/20093","targetHints":{"allow":["GET"]}}],"collection":[{"href":"https:\/\/promochaudiere.be\/nl\/wp-json\/wp\/v2\/product"}],"about":[{"href":"https:\/\/promochaudiere.be\/nl\/wp-json\/wp\/v2\/types\/product"}],"replies":[{"embeddable":true,"href":"https:\/\/promochaudiere.be\/nl\/wp-json\/wp\/v2\/comments?post=20093"}],"version-history":[{"count":1,"href":"https:\/\/promochaudiere.be\/nl\/wp-json\/wp\/v2\/product\/20093\/revisions"}],"predecessor-version":[{"id":52066,"href":"https:\/\/promochaudiere.be\/nl\/wp-json\/wp\/v2\/product\/20093\/revisions\/52066"}],"wp:featuredmedia":[{"embeddable":true,"href":"https:\/\/promochaudiere.be\/nl\/wp-json\/wp\/v2\/media\/22300"}],"wp:attachment":[{"href":"https:\/\/promochaudiere.be\/nl\/wp-json\/wp\/v2\/media?parent=20093"}],"wp:term":[{"taxonomy":"product_brand","embeddable":true,"href":"https:\/\/promochaudiere.be\/nl\/wp-json\/wp\/v2\/product_brand?post=20093"},{"taxonomy":"product_cat","embeddable":true,"href":"https:\/\/promochaudiere.be\/nl\/wp-json\/wp\/v2\/product_cat?post=20093"},{"taxonomy":"product_tag","embeddable":true,"href":"https:\/\/promochaudiere.be\/nl\/wp-json\/wp\/v2\/product_tag?post=20093"}],"curies":[{"name":"wp","href":"https:\/\/api.w.org\/{rel}","templated":true}]}}