{"id":20131,"date":"2025-02-03T14:55:18","date_gmt":"2025-02-03T14:55:18","guid":{"rendered":"https:\/\/promochaudiere.be\/?post_type=product&#038;p=20131"},"modified":"2026-02-03T19:28:32","modified_gmt":"2026-02-03T18:28:32","slug":"spiro-d-mud-separatormagnet-4-4-universeel-ue100whk54","status":"publish","type":"product","link":"https:\/\/promochaudiere.be\/nl\/product\/spiro-d-mud-separatormagnet-4-4-universeel-ue100whk54\/","title":{"rendered":"SPIRO D-MUD SEPARATOR+MAGNET 4\/4&Prime; UNIVERSEEL UE100WHK54"},"content":{"rendered":"<p>Deze Spiro D-modderafscheider is ontworpen om onzuiverheden en metaaldeeltjes in verwarmingscircuits op te vangen. De 4\/4&Prime; aansluiting maakt het compatibel met vele installaties. De ge\u00efntegreerde magneet garandeert een effici\u00ebnte verwijdering van resten, wat de circulatie en thermische effici\u00ebntie verbetert. Het robuuste ontwerp zorgt voor een lange levensduur en vereenvoudigd onderhoud. Ideaal voor het beschermen van verwarmingssystemen en het verminderen van het risico van vervuiling.<\/p>","protected":false},"excerpt":{"rendered":"<p>SPIRO D-MUD SEPARATOR+MAGNET 4\/4&Prime; UNIVERSEEL UE100WHK54<\/p>","protected":false},"featured_media":22335,"comment_status":"open","ping_status":"closed","template":"","meta":[],"product_brand":[],"product_cat":[7181,8842],"product_tag":[],"class_list":{"0":"post-20131","1":"product","2":"type-product","3":"status-publish","4":"has-post-thumbnail","6":"product_cat-lucht-en-slibscheider","7":"product_cat-test-nl","9":"first","10":"instock","11":"sale","12":"taxable","13":"shipping-taxable","14":"purchasable","15":"product-type-simple"},"aioseo_notices":[],"_links":{"self":[{"href":"https:\/\/promochaudiere.be\/nl\/wp-json\/wp\/v2\/product\/20131","targetHints":{"allow":["GET"]}}],"collection":[{"href":"https:\/\/promochaudiere.be\/nl\/wp-json\/wp\/v2\/product"}],"about":[{"href":"https:\/\/promochaudiere.be\/nl\/wp-json\/wp\/v2\/types\/product"}],"replies":[{"embeddable":true,"href":"https:\/\/promochaudiere.be\/nl\/wp-json\/wp\/v2\/comments?post=20131"}],"version-history":[{"count":1,"href":"https:\/\/promochaudiere.be\/nl\/wp-json\/wp\/v2\/product\/20131\/revisions"}],"predecessor-version":[{"id":52059,"href":"https:\/\/promochaudiere.be\/nl\/wp-json\/wp\/v2\/product\/20131\/revisions\/52059"}],"wp:featuredmedia":[{"embeddable":true,"href":"https:\/\/promochaudiere.be\/nl\/wp-json\/wp\/v2\/media\/22335"}],"wp:attachment":[{"href":"https:\/\/promochaudiere.be\/nl\/wp-json\/wp\/v2\/media?parent=20131"}],"wp:term":[{"taxonomy":"product_brand","embeddable":true,"href":"https:\/\/promochaudiere.be\/nl\/wp-json\/wp\/v2\/product_brand?post=20131"},{"taxonomy":"product_cat","embeddable":true,"href":"https:\/\/promochaudiere.be\/nl\/wp-json\/wp\/v2\/product_cat?post=20131"},{"taxonomy":"product_tag","embeddable":true,"href":"https:\/\/promochaudiere.be\/nl\/wp-json\/wp\/v2\/product_tag?post=20131"}],"curies":[{"name":"wp","href":"https:\/\/api.w.org\/{rel}","templated":true}]}}