{"id":20143,"date":"2025-02-03T14:55:26","date_gmt":"2025-02-03T14:55:26","guid":{"rendered":"https:\/\/promochaudiere.be\/?post_type=product&#038;p=20143"},"modified":"2026-02-03T19:28:40","modified_gmt":"2026-02-03T18:28:40","slug":"vaillant-servomotor-115363","status":"publish","type":"product","link":"https:\/\/promochaudiere.be\/nl\/product\/vaillant-servomotor-115363\/","title":{"rendered":"Vaillant servomotor 115363"},"content":{"rendered":"<p>Deze Vaillant servomotor is ontworpen voor automatische regeling van verwarmingskleppen. Het maakt een nauwkeurige regeling van de warmtestroom mogelijk voor optimaal thermisch comfort. Compatibel met verschillende Vaillant-ketelmodellen, garandeert een snelle en betrouwbare installatie. Het robuuste ontwerp garandeert een lange levensduur en maximale energie-effici\u00ebntie. Ideaal voor intelligent en effici\u00ebnt verwarmingsbeheer. Een essentieel onderdeel voor een effici\u00ebnt regelsysteem.<\/p>","protected":false},"excerpt":{"rendered":"<p>Vaillant servomotor 115363<\/p>","protected":false},"featured_media":22346,"comment_status":"open","ping_status":"closed","template":"","meta":[],"product_brand":[],"product_cat":[8919,8842],"product_tag":[],"class_list":{"0":"post-20143","1":"product","2":"type-product","3":"status-publish","4":"has-post-thumbnail","6":"product_cat-reserveonderdelen-vaillant","7":"product_cat-test-nl","8":"pa_marque-vaillant","10":"first","11":"instock","12":"sale","13":"taxable","14":"shipping-taxable","15":"purchasable","16":"product-type-simple"},"aioseo_notices":[],"_links":{"self":[{"href":"https:\/\/promochaudiere.be\/nl\/wp-json\/wp\/v2\/product\/20143","targetHints":{"allow":["GET"]}}],"collection":[{"href":"https:\/\/promochaudiere.be\/nl\/wp-json\/wp\/v2\/product"}],"about":[{"href":"https:\/\/promochaudiere.be\/nl\/wp-json\/wp\/v2\/types\/product"}],"replies":[{"embeddable":true,"href":"https:\/\/promochaudiere.be\/nl\/wp-json\/wp\/v2\/comments?post=20143"}],"version-history":[{"count":1,"href":"https:\/\/promochaudiere.be\/nl\/wp-json\/wp\/v2\/product\/20143\/revisions"}],"predecessor-version":[{"id":52047,"href":"https:\/\/promochaudiere.be\/nl\/wp-json\/wp\/v2\/product\/20143\/revisions\/52047"}],"wp:featuredmedia":[{"embeddable":true,"href":"https:\/\/promochaudiere.be\/nl\/wp-json\/wp\/v2\/media\/22346"}],"wp:attachment":[{"href":"https:\/\/promochaudiere.be\/nl\/wp-json\/wp\/v2\/media?parent=20143"}],"wp:term":[{"taxonomy":"product_brand","embeddable":true,"href":"https:\/\/promochaudiere.be\/nl\/wp-json\/wp\/v2\/product_brand?post=20143"},{"taxonomy":"product_cat","embeddable":true,"href":"https:\/\/promochaudiere.be\/nl\/wp-json\/wp\/v2\/product_cat?post=20143"},{"taxonomy":"product_tag","embeddable":true,"href":"https:\/\/promochaudiere.be\/nl\/wp-json\/wp\/v2\/product_tag?post=20143"}],"curies":[{"name":"wp","href":"https:\/\/api.w.org\/{rel}","templated":true}]}}