{"id":252,"date":"2022-04-14T13:30:00","date_gmt":"2022-04-14T13:30:00","guid":{"rendered":"https:\/\/promochaudiere.be\/produit\/vaillant-chaudiere-murale-a-condensation-gaz-ecotec-vc486-5-5-79-441-kw\/"},"modified":"2026-02-03T19:40:22","modified_gmt":"2026-02-03T18:40:22","slug":"vaillant-chaudiere-murale-a-condensation-gaz-ecotec-vc486-5-5-79-441-kw","status":"publish","type":"product","link":"https:\/\/promochaudiere.be\/nl\/product\/vaillant-chaudiere-murale-a-condensation-gaz-ecotec-vc486-5-5-79-441-kw\/","title":{"rendered":"Vaillant chaudi\u00e8re murale \u00e0 condensation gaz Ecotec + VC486\/5-5 7,9-44,1 KW 0010021508"},"content":{"rendered":"<p>Vous \u00eates \u00e0 la recherche d\u2019une chaudi\u00e8re de qualit\u00e9 pour votre habitation\u00a0? Cette chaudi\u00e8re de la marque Vaillant est la solution id\u00e9ale pour vous\u00a0!<\/p>\n<p>Cette chaudi\u00e8re dispose d\u2019un affichage d\u2019\u00e9tat de service et de diagnostic et d&rsquo;un r\u00e9glage \u00e9lectronique de la charge partielle chauffage et sanitaire.<\/p>\n<p>Sa conception est faite d&rsquo;une mati\u00e8re de tr\u00e8s bonne qualit\u00e9 qui propose une durabilit\u00e9 optimale durant les ann\u00e9es d&rsquo;utilisation.<\/p>","protected":false},"excerpt":{"rendered":"<p><strong>Caract\u00e9ristiques\u00a0:<\/strong><\/p>\n<ul>\n<li>Classe \u00e9nerg\u00e9tique : A<\/li>\n<li>Puissance\u00a0: 7,9-44,1 KW<\/li>\n<li>Hauteur\u00a0: 820 mm<\/li>\n<li>Largeur\u00a0: 440 mm<\/li>\n<li>Profondeur\u00a0: 405 mm<\/li>\n<\/ul>","protected":false},"featured_media":336,"comment_status":"open","ping_status":"closed","template":"","meta":[],"product_brand":[],"product_cat":[8855],"product_tag":[],"class_list":{"0":"post-252","1":"product","2":"type-product","3":"status-publish","4":"has-post-thumbnail","6":"product_cat-chaudiere-murale-gaz-a-condensation-sans-eau-chaude-sanitaire","7":"pa_marque-vaillant","9":"first","10":"instock","11":"sale","12":"taxable","13":"shipping-taxable","14":"purchasable","15":"product-type-simple"},"aioseo_notices":[],"_links":{"self":[{"href":"https:\/\/promochaudiere.be\/nl\/wp-json\/wp\/v2\/product\/252","targetHints":{"allow":["GET"]}}],"collection":[{"href":"https:\/\/promochaudiere.be\/nl\/wp-json\/wp\/v2\/product"}],"about":[{"href":"https:\/\/promochaudiere.be\/nl\/wp-json\/wp\/v2\/types\/product"}],"replies":[{"embeddable":true,"href":"https:\/\/promochaudiere.be\/nl\/wp-json\/wp\/v2\/comments?post=252"}],"version-history":[{"count":0,"href":"https:\/\/promochaudiere.be\/nl\/wp-json\/wp\/v2\/product\/252\/revisions"}],"wp:featuredmedia":[{"embeddable":true,"href":"https:\/\/promochaudiere.be\/nl\/wp-json\/wp\/v2\/media\/336"}],"wp:attachment":[{"href":"https:\/\/promochaudiere.be\/nl\/wp-json\/wp\/v2\/media?parent=252"}],"wp:term":[{"taxonomy":"product_brand","embeddable":true,"href":"https:\/\/promochaudiere.be\/nl\/wp-json\/wp\/v2\/product_brand?post=252"},{"taxonomy":"product_cat","embeddable":true,"href":"https:\/\/promochaudiere.be\/nl\/wp-json\/wp\/v2\/product_cat?post=252"},{"taxonomy":"product_tag","embeddable":true,"href":"https:\/\/promochaudiere.be\/nl\/wp-json\/wp\/v2\/product_tag?post=252"}],"curies":[{"name":"wp","href":"https:\/\/api.w.org\/{rel}","templated":true}]}}