{"id":254,"date":"2022-04-14T13:37:00","date_gmt":"2022-04-14T13:37:00","guid":{"rendered":"https:\/\/promochaudiere.be\/produit\/vaillant-chaudiere-murale-a-condensation-gaz-ecotec-exclusive-vc-20cs-1-7-i-n-be-27-21-kw\/"},"modified":"2026-02-03T19:40:21","modified_gmt":"2026-02-03T18:40:21","slug":"vaillant-chaudiere-murale-a-condensation-gaz-ecotec-exclusive-vc-20cs-1-7-i-n-be-27-21-kw","status":"publish","type":"product","link":"https:\/\/promochaudiere.be\/nl\/product\/vaillant-chaudiere-murale-a-condensation-gaz-ecotec-exclusive-vc-20cs-1-7-i-n-be-27-21-kw\/","title":{"rendered":"Vaillant chaudi\u00e8re murale \u00e0 condensation gaz Ecotec Exclusive VC 20CS\/1-7 I (N-BE) 2,7-21 KW 0010024563"},"content":{"rendered":"<p>Optez pour votre habitation cette chaudi\u00e8re de la marque Vaillant qui r\u00e9pond parfaitement \u00e0 vos besoins.<\/p>\n<p>Cette chaudi\u00e8re dispose d\u2019un affichage de l\u2019\u00e9tat de service, de diagnostic et choix de la langue. Elle est dot\u00e9e d\u2019une technologie IoniDetect (une technologie bas\u00e9e sur l\u2019ionisation, qui permet de contr\u00f4ler la combustion d&rsquo;une mani\u00e8re autonome et compense les fluctuations de la qualit\u00e9 du gaz en assurant un rendement optimal sans perte de puissance).<\/p>\n<p>Sa conception est faite d&rsquo;une mati\u00e8re de tr\u00e8s bonne qualit\u00e9 qui propose une durabilit\u00e9 optimale durant les ann\u00e9es d&rsquo;utilisation.<\/p>","protected":false},"excerpt":{"rendered":"<p><strong>Caract\u00e9ristiques\u00a0:<\/strong><\/p>\n<ul>\n<li>Puissance\u00a0: 2,7-21 KW<\/li>\n<li>Hauteur\u00a0: 720 mm<\/li>\n<li>Largeur\u00a0: 440 mm<\/li>\n<li>Profondeur\u00a0: 348 mm<\/li>\n<li>Alimentation \u00e9lectrique\u00a0: 230 V\/50 Hz, 1~\/N\/PE<\/li>\n<li>Classe de protection\u00a0: IP X4 D<\/li>\n<\/ul>","protected":false},"featured_media":338,"comment_status":"open","ping_status":"closed","template":"","meta":[],"product_brand":[],"product_cat":[8855],"product_tag":[],"class_list":{"0":"post-254","1":"product","2":"type-product","3":"status-publish","4":"has-post-thumbnail","6":"product_cat-chaudiere-murale-gaz-a-condensation-sans-eau-chaude-sanitaire","7":"pa_marque-vaillant","9":"first","10":"instock","11":"sale","12":"taxable","13":"shipping-taxable","14":"purchasable","15":"product-type-simple"},"aioseo_notices":[],"_links":{"self":[{"href":"https:\/\/promochaudiere.be\/nl\/wp-json\/wp\/v2\/product\/254","targetHints":{"allow":["GET"]}}],"collection":[{"href":"https:\/\/promochaudiere.be\/nl\/wp-json\/wp\/v2\/product"}],"about":[{"href":"https:\/\/promochaudiere.be\/nl\/wp-json\/wp\/v2\/types\/product"}],"replies":[{"embeddable":true,"href":"https:\/\/promochaudiere.be\/nl\/wp-json\/wp\/v2\/comments?post=254"}],"version-history":[{"count":1,"href":"https:\/\/promochaudiere.be\/nl\/wp-json\/wp\/v2\/product\/254\/revisions"}],"predecessor-version":[{"id":1153,"href":"https:\/\/promochaudiere.be\/nl\/wp-json\/wp\/v2\/product\/254\/revisions\/1153"}],"wp:featuredmedia":[{"embeddable":true,"href":"https:\/\/promochaudiere.be\/nl\/wp-json\/wp\/v2\/media\/338"}],"wp:attachment":[{"href":"https:\/\/promochaudiere.be\/nl\/wp-json\/wp\/v2\/media?parent=254"}],"wp:term":[{"taxonomy":"product_brand","embeddable":true,"href":"https:\/\/promochaudiere.be\/nl\/wp-json\/wp\/v2\/product_brand?post=254"},{"taxonomy":"product_cat","embeddable":true,"href":"https:\/\/promochaudiere.be\/nl\/wp-json\/wp\/v2\/product_cat?post=254"},{"taxonomy":"product_tag","embeddable":true,"href":"https:\/\/promochaudiere.be\/nl\/wp-json\/wp\/v2\/product_tag?post=254"}],"curies":[{"name":"wp","href":"https:\/\/api.w.org\/{rel}","templated":true}]}}