{"id":267,"date":"2022-04-14T13:15:02","date_gmt":"2022-04-14T13:15:02","guid":{"rendered":"https:\/\/promochaudiere.be\/produit\/vaillant-chaudiere-sol-a-condensation-ecovit-vkk476-4-137-468-kw\/"},"modified":"2026-02-03T19:40:23","modified_gmt":"2026-02-03T18:40:23","slug":"vaillant-chaudiere-sol-a-condensation-ecovit-vkk476-4-137-468-kw","status":"publish","type":"product","link":"https:\/\/promochaudiere.be\/nl\/product\/vaillant-chaudiere-sol-a-condensation-ecovit-vkk476-4-137-468-kw\/","title":{"rendered":"Vaillant chaudi\u00e8re sol \u00e0 condensation Ecovit VKK476\/4 13,7-46,8 KW 0010007523"},"content":{"rendered":"<p>Optez pour votre habitation cette chaudi\u00e8re de la marque Vaillant qui r\u00e9pond parfaitement \u00e0 vos besoins.<\/p>\n<p>Cette chaudi\u00e8re dispose d\u2019un affichage d\u2019\u00e9tat de service et de diagnostic et d\u2019un r\u00e9glage \u00e9lectronique de la charge partielle chauffage et sanitaire. Elle a une chambre de combustion herm\u00e9tique et serpentin enti\u00e8rement en acier inoxydable, avec \u00e9vacuation des gaz br\u00fbl\u00e9s en contre-courant et une cuve en acier avec une grande capacit\u00e9 d&rsquo;eau (100 l) et faible r\u00e9sistance hydraulique.<\/p>\n<p>Sa conception est faite d&rsquo;une mati\u00e8re de tr\u00e8s bonne qualit\u00e9 qui propose une durabilit\u00e9 optimale durant les ann\u00e9es d&rsquo;utilisation.<\/p>","protected":false},"excerpt":{"rendered":"<p><strong>Caract\u00e9ristiques\u00a0:<\/strong><\/p>\n<ul>\n<li>Classe \u00e9nerg\u00e9tique chauffage\u00a0: A<\/li>\n<li>Puissance\u00a0: 13,7-46,8 KW<\/li>\n<li>Hauteur\u00a0: 1257 mm<\/li>\n<li>Largeur\u00a0: 570 mm<\/li>\n<li>Profondeur\u00a0: 691 mm<\/li>\n<li>Alimentation \u00e9lectrique\u00a0: 230 V\/50 Hz<\/li>\n<li>Classe de protection\u00a0: IP 20<\/li>\n<\/ul>","protected":false},"featured_media":353,"comment_status":"open","ping_status":"closed","template":"","meta":[],"product_brand":[],"product_cat":[8908],"product_tag":[],"class_list":{"0":"post-267","1":"product","2":"type-product","3":"status-publish","4":"has-post-thumbnail","6":"product_cat-chaudiere-sol","7":"pa_marque-vaillant","9":"first","10":"instock","11":"sale","12":"taxable","13":"shipping-taxable","14":"purchasable","15":"product-type-simple"},"aioseo_notices":[],"_links":{"self":[{"href":"https:\/\/promochaudiere.be\/nl\/wp-json\/wp\/v2\/product\/267","targetHints":{"allow":["GET"]}}],"collection":[{"href":"https:\/\/promochaudiere.be\/nl\/wp-json\/wp\/v2\/product"}],"about":[{"href":"https:\/\/promochaudiere.be\/nl\/wp-json\/wp\/v2\/types\/product"}],"replies":[{"embeddable":true,"href":"https:\/\/promochaudiere.be\/nl\/wp-json\/wp\/v2\/comments?post=267"}],"version-history":[{"count":1,"href":"https:\/\/promochaudiere.be\/nl\/wp-json\/wp\/v2\/product\/267\/revisions"}],"predecessor-version":[{"id":354,"href":"https:\/\/promochaudiere.be\/nl\/wp-json\/wp\/v2\/product\/267\/revisions\/354"}],"wp:featuredmedia":[{"embeddable":true,"href":"https:\/\/promochaudiere.be\/nl\/wp-json\/wp\/v2\/media\/353"}],"wp:attachment":[{"href":"https:\/\/promochaudiere.be\/nl\/wp-json\/wp\/v2\/media?parent=267"}],"wp:term":[{"taxonomy":"product_brand","embeddable":true,"href":"https:\/\/promochaudiere.be\/nl\/wp-json\/wp\/v2\/product_brand?post=267"},{"taxonomy":"product_cat","embeddable":true,"href":"https:\/\/promochaudiere.be\/nl\/wp-json\/wp\/v2\/product_cat?post=267"},{"taxonomy":"product_tag","embeddable":true,"href":"https:\/\/promochaudiere.be\/nl\/wp-json\/wp\/v2\/product_tag?post=267"}],"curies":[{"name":"wp","href":"https:\/\/api.w.org\/{rel}","templated":true}]}}