{"id":272,"date":"2022-04-14T13:29:03","date_gmt":"2022-04-14T13:29:03","guid":{"rendered":"https:\/\/promochaudiere.be\/produit\/vaillant-chaudiere-sol-a-condensation-eco-compact-vcc266-4-5-25-kw-avec-boiler\/"},"modified":"2026-02-03T19:40:23","modified_gmt":"2026-02-03T18:40:23","slug":"vaillant-chaudiere-sol-a-condensation-eco-compact-vcc266-4-5-25-kw-avec-boiler","status":"publish","type":"product","link":"https:\/\/promochaudiere.be\/nl\/product\/vaillant-chaudiere-sol-a-condensation-eco-compact-vcc266-4-5-25-kw-avec-boiler\/","title":{"rendered":"Vaillant chaudi\u00e8re sol \u00e0 condensation Eco compact VCC266\/4-5 25 KW avec boiler 0010014629"},"content":{"rendered":"<p>Choisissez cette chaudi\u00e8re de la marque Vaillant qui ira id\u00e9alement pour vous\u00a0! Elle convient parfaitement pour tout type d\u2019habitation.<\/p>\n<p>Cette chaudi\u00e8re dispose d\u2019un affichage d\u2019\u00e9tat de service et de diagnostic et d\u2019un r\u00e9glage \u00e9lectronique de la charge partielle chauffage. Elle assure un confort d\u2019eau chaude sanitaire tr\u00e8s \u00e9lev\u00e9 gr\u00e2ce au pr\u00e9parateur \u00e0 serpentin avec \u00e9chauffement rapide.<\/p>\n<p>Sa conception est faite d&rsquo;une mati\u00e8re de tr\u00e8s bonne qualit\u00e9 qui propose une durabilit\u00e9 optimale durant les ann\u00e9es d&rsquo;utilisation.<\/p>","protected":false},"excerpt":{"rendered":"<p><strong>Caract\u00e9ristiques\u00a0:<\/strong><\/p>\n<ul>\n<li>Classe \u00e9nerg\u00e9tique chauffage\u00a0: A<\/li>\n<li>Classe \u00e9nerg\u00e9tique sanitaire\u00a0: A<\/li>\n<li>Profil de puisage sanitaire\u00a0: XL<\/li>\n<li>Puissance\u00a0: 25 KW<\/li>\n<li>Hauteur\u00a0: 1640 mm<\/li>\n<li>Largeur\u00a0: 599 mm<\/li>\n<li>Profondeur\u00a0: 693 mm<\/li>\n<li>Alimentation \u00e9lectrique\u00a0: 230 V\/50 Hz<\/li>\n<li>Classe de protection\u00a0: IP X4 D<\/li>\n<\/ul>","protected":false},"featured_media":359,"comment_status":"open","ping_status":"closed","template":"","meta":[],"product_brand":[],"product_cat":[8908],"product_tag":[],"class_list":{"0":"post-272","1":"product","2":"type-product","3":"status-publish","4":"has-post-thumbnail","6":"product_cat-chaudiere-sol","7":"pa_marque-vaillant","9":"first","10":"instock","11":"sale","12":"taxable","13":"shipping-taxable","14":"purchasable","15":"product-type-simple"},"aioseo_notices":[],"_links":{"self":[{"href":"https:\/\/promochaudiere.be\/nl\/wp-json\/wp\/v2\/product\/272","targetHints":{"allow":["GET"]}}],"collection":[{"href":"https:\/\/promochaudiere.be\/nl\/wp-json\/wp\/v2\/product"}],"about":[{"href":"https:\/\/promochaudiere.be\/nl\/wp-json\/wp\/v2\/types\/product"}],"replies":[{"embeddable":true,"href":"https:\/\/promochaudiere.be\/nl\/wp-json\/wp\/v2\/comments?post=272"}],"version-history":[{"count":0,"href":"https:\/\/promochaudiere.be\/nl\/wp-json\/wp\/v2\/product\/272\/revisions"}],"wp:featuredmedia":[{"embeddable":true,"href":"https:\/\/promochaudiere.be\/nl\/wp-json\/wp\/v2\/media\/359"}],"wp:attachment":[{"href":"https:\/\/promochaudiere.be\/nl\/wp-json\/wp\/v2\/media?parent=272"}],"wp:term":[{"taxonomy":"product_brand","embeddable":true,"href":"https:\/\/promochaudiere.be\/nl\/wp-json\/wp\/v2\/product_brand?post=272"},{"taxonomy":"product_cat","embeddable":true,"href":"https:\/\/promochaudiere.be\/nl\/wp-json\/wp\/v2\/product_cat?post=272"},{"taxonomy":"product_tag","embeddable":true,"href":"https:\/\/promochaudiere.be\/nl\/wp-json\/wp\/v2\/product_tag?post=272"}],"curies":[{"name":"wp","href":"https:\/\/api.w.org\/{rel}","templated":true}]}}