{"id":275,"date":"2022-04-14T13:25:04","date_gmt":"2022-04-14T13:25:04","guid":{"rendered":"https:\/\/promochaudiere.be\/produit\/vaillant-chaudiere-murale-gaz-atmotec-vuw244-4-5-24-kw\/"},"modified":"2026-02-03T19:40:19","modified_gmt":"2026-02-03T18:40:19","slug":"vaillant-chaudiere-murale-gaz-atmotec-vuw244-4-5-24-kw","status":"publish","type":"product","link":"https:\/\/promochaudiere.be\/nl\/product\/vaillant-chaudiere-murale-gaz-atmotec-vuw244-4-5-24-kw\/","title":{"rendered":"Vaillant chaudi\u00e8re murale gaz ATMOTEC VUW244\/4-5 24 KW 0010028011"},"content":{"rendered":"<p>Choisissez cette chaudi\u00e8re de la marque Vaillant qui ira id\u00e9alement pour vous ! Elle convient parfaitement pour tout type d\u2019habitation.<\/p>\n<p>Cette chaudi\u00e8re dispose d\u2019un affichage d\u2019\u00e9tat de service et de diagnostic, d\u2019un r\u00e9glage \u00e9lectronique de la charge partielle chauffage et d\u2019un br\u00fbleur bas-NOx modulant.<\/p>\n<p>Sa conception est faite d&rsquo;une mati\u00e8re de tr\u00e8s bonne qualit\u00e9 qui propose une durabilit\u00e9 optimale durant les ann\u00e9es d&rsquo;utilisation.<\/p>","protected":false},"excerpt":{"rendered":"<p><strong>Caract\u00e9ristiques\u00a0:<\/strong><\/p>\n<ul>\n<li>Classe \u00e9nerg\u00e9tique chauffage\u00a0: C<\/li>\n<li>Classe \u00e9nerg\u00e9tique sanitaire\u00a0: B<\/li>\n<li>Profil de puisage eau chaude sanitaire\u00a0: XL<\/li>\n<li>Puissance\u00a0: 24 KW<\/li>\n<li>Hauteur\u00a0: 800 mm<\/li>\n<li>Largeur\u00a0: 440 mm<\/li>\n<li>Profondeur\u00a0: 360 mm<\/li>\n<li>Alimentation \u00e9lectrique\u00a0: 230 V\/50 Hz<\/li>\n<li>Classe de protection\u00a0: IP X4 D<\/li>\n<\/ul>","protected":false},"featured_media":362,"comment_status":"open","ping_status":"closed","template":"","meta":[],"product_brand":[],"product_cat":[8853],"product_tag":[],"class_list":{"0":"post-275","1":"product","2":"type-product","3":"status-publish","4":"has-post-thumbnail","6":"product_cat-chaudiere-murale-gaz-a-condensation-avec-eau-chaude-sanitaire","7":"pa_marque-vaillant","9":"first","10":"instock","11":"sale","12":"taxable","13":"shipping-taxable","14":"purchasable","15":"product-type-simple"},"aioseo_notices":[],"_links":{"self":[{"href":"https:\/\/promochaudiere.be\/nl\/wp-json\/wp\/v2\/product\/275","targetHints":{"allow":["GET"]}}],"collection":[{"href":"https:\/\/promochaudiere.be\/nl\/wp-json\/wp\/v2\/product"}],"about":[{"href":"https:\/\/promochaudiere.be\/nl\/wp-json\/wp\/v2\/types\/product"}],"replies":[{"embeddable":true,"href":"https:\/\/promochaudiere.be\/nl\/wp-json\/wp\/v2\/comments?post=275"}],"version-history":[{"count":1,"href":"https:\/\/promochaudiere.be\/nl\/wp-json\/wp\/v2\/product\/275\/revisions"}],"predecessor-version":[{"id":1154,"href":"https:\/\/promochaudiere.be\/nl\/wp-json\/wp\/v2\/product\/275\/revisions\/1154"}],"wp:featuredmedia":[{"embeddable":true,"href":"https:\/\/promochaudiere.be\/nl\/wp-json\/wp\/v2\/media\/362"}],"wp:attachment":[{"href":"https:\/\/promochaudiere.be\/nl\/wp-json\/wp\/v2\/media?parent=275"}],"wp:term":[{"taxonomy":"product_brand","embeddable":true,"href":"https:\/\/promochaudiere.be\/nl\/wp-json\/wp\/v2\/product_brand?post=275"},{"taxonomy":"product_cat","embeddable":true,"href":"https:\/\/promochaudiere.be\/nl\/wp-json\/wp\/v2\/product_cat?post=275"},{"taxonomy":"product_tag","embeddable":true,"href":"https:\/\/promochaudiere.be\/nl\/wp-json\/wp\/v2\/product_tag?post=275"}],"curies":[{"name":"wp","href":"https:\/\/api.w.org\/{rel}","templated":true}]}}