{"id":276,"date":"2022-04-01T15:43:04","date_gmt":"2022-04-01T15:43:04","guid":{"rendered":"https:\/\/promochaudiere.be\/produit\/bulex-chaudiere-murale-gaz-a-condensation-isotwin-condens-t-25-31-cs-1-n-be-25-kw\/"},"modified":"2026-02-03T18:17:23","modified_gmt":"2026-02-03T17:17:23","slug":"bulex-chaudiere-murale-gaz-a-condensation-isotwin-condens-t-25-31-cs-1-n-be-25-kw","status":"publish","type":"product","link":"https:\/\/promochaudiere.be\/nl\/product\/bulex-chaudiere-murale-gaz-a-condensation-isotwin-condens-t-25-31-cs-1-n-be-25-kw\/","title":{"rendered":"Bulex wandketel gas condensatie Isotwin condens T 25\/31-CS\/1 N-BE 25 KW 0010025203"},"content":{"rendered":"<p>Nous mettons \u00e0 votre disposition cette chaudi\u00e8re de la marque Bulex qui r\u00e9pond parfaitement \u00e0 vos besoins. Isotwin condens T 25\/31 assure un excellent chauffage et production d&rsquo;eau chaude sanitaire pour un confort maximal.<\/p>\n<p>Cette chaudi\u00e8re est dot\u00e9e d&rsquo;un r\u00e9servoir en acier inoxydable int\u00e9gr\u00e9 de 42 L (2&#215;21 L). Elle est facile \u00e0 utiliser gr\u00e2ce \u00e0 son affichage tactile et intuitif avec texte clair.<\/p>\n<p>Sa conception est faite d&rsquo;une mati\u00e8re de tr\u00e8s bonne qualit\u00e9 qui propose une durabilit\u00e9 optimale durant les ann\u00e9es d&rsquo;utilisation.<\/p>","protected":false},"excerpt":{"rendered":"<p><strong>Caract\u00e9ristiques\u00a0:<\/strong><\/p>\n<ul>\n<li>Classe \u00e9nerg\u00e9tique chauffage\u00a0: A<\/li>\n<li>Classe \u00e9nerg\u00e9tique sanitaire\u00a0: A<\/li>\n<li>Profil de puisage eau chaude sanitaire\u00a0: XL<\/li>\n<li>Puissance\u00a0: 25 KW<\/li>\n<li>Hauteur\u00a0: 893 mm<\/li>\n<li>Largeur\u00a0: 470 mm<\/li>\n<li>Profondeur\u00a0: 582 mm<\/li>\n<li>Alimentation \u00e9lectrique\u00a0: 230 V\/50 Hz<\/li>\n<li>Classe de protection\u00a0: IP X4 D<\/li>\n<\/ul>","protected":false},"featured_media":365,"comment_status":"open","ping_status":"closed","template":"","meta":[],"product_brand":[],"product_cat":[9497],"product_tag":[],"class_list":{"0":"post-276","1":"product","2":"type-product","3":"status-publish","4":"has-post-thumbnail","6":"product_cat-chaudiere-murale-gaz-a-condensation-avec-eau-chaude-sanitaire-fr-bulex","7":"pa_marque-bulex","9":"first","10":"instock","11":"sale","12":"taxable","13":"shipping-taxable","14":"purchasable","15":"product-type-simple"},"aioseo_notices":[],"_links":{"self":[{"href":"https:\/\/promochaudiere.be\/nl\/wp-json\/wp\/v2\/product\/276","targetHints":{"allow":["GET"]}}],"collection":[{"href":"https:\/\/promochaudiere.be\/nl\/wp-json\/wp\/v2\/product"}],"about":[{"href":"https:\/\/promochaudiere.be\/nl\/wp-json\/wp\/v2\/types\/product"}],"replies":[{"embeddable":true,"href":"https:\/\/promochaudiere.be\/nl\/wp-json\/wp\/v2\/comments?post=276"}],"version-history":[{"count":2,"href":"https:\/\/promochaudiere.be\/nl\/wp-json\/wp\/v2\/product\/276\/revisions"}],"predecessor-version":[{"id":51857,"href":"https:\/\/promochaudiere.be\/nl\/wp-json\/wp\/v2\/product\/276\/revisions\/51857"}],"wp:featuredmedia":[{"embeddable":true,"href":"https:\/\/promochaudiere.be\/nl\/wp-json\/wp\/v2\/media\/365"}],"wp:attachment":[{"href":"https:\/\/promochaudiere.be\/nl\/wp-json\/wp\/v2\/media?parent=276"}],"wp:term":[{"taxonomy":"product_brand","embeddable":true,"href":"https:\/\/promochaudiere.be\/nl\/wp-json\/wp\/v2\/product_brand?post=276"},{"taxonomy":"product_cat","embeddable":true,"href":"https:\/\/promochaudiere.be\/nl\/wp-json\/wp\/v2\/product_cat?post=276"},{"taxonomy":"product_tag","embeddable":true,"href":"https:\/\/promochaudiere.be\/nl\/wp-json\/wp\/v2\/product_tag?post=276"}],"curies":[{"name":"wp","href":"https:\/\/api.w.org\/{rel}","templated":true}]}}