{"id":278,"date":"2022-04-01T15:43:05","date_gmt":"2022-04-01T15:43:05","guid":{"rendered":"https:\/\/promochaudiere.be\/produit\/bulex-chaudiere-murale-gaz-a-condensation-themacondens-f25-30-245-kw\/"},"modified":"2026-02-03T19:40:15","modified_gmt":"2026-02-03T18:40:15","slug":"bulex-chaudiere-murale-gaz-a-condensation-themacondens-f25-30-245-kw","status":"publish","type":"product","link":"https:\/\/promochaudiere.be\/product\/bulex-chaudiere-murale-gaz-a-condensation-themacondens-f25-30-245-kw\/","title":{"rendered":"Bulex combiketel Themacondens F25\/30 24,5 KW 0010017363"},"content":{"rendered":"<p>Nous mettons \u00e0 votre disposition cette chaudi\u00e8re de la marque Bulex qui r\u00e9pond parfaitement \u00e0 vos besoins. Themacondens F25\/30 assure un excellent chauffage et production d&rsquo;eau chaude sanitaire pour un confort maximal.<\/p>\n<p>Cette chaudi\u00e8re est \u00e9quip\u00e9e d\u2019un br\u00fbleur modulant de 7,5 KW allant jusqu\u2019\u00e0 24,5 KW. \u00a0Elle est facile \u00e0 utiliser gr\u00e2ce \u00e0 son affichage num\u00e9rique avec des symboles.<\/p>\n<p>Sa conception est faite d&rsquo;une mati\u00e8re de tr\u00e8s bonne qualit\u00e9 qui propose une durabilit\u00e9 optimale durant les ann\u00e9es d&rsquo;utilisation.<\/p>","protected":false},"excerpt":{"rendered":"<p><strong>Caract\u00e9ristiques\u00a0:<\/strong><\/p>\n<ul>\n<li>Classe \u00e9nerg\u00e9tique chauffage\u00a0: A<\/li>\n<li>Classe \u00e9nerg\u00e9tique sanitaire\u00a0: A<\/li>\n<li>Puissance de chauffage : 24,5 KW<\/li>\n<li>Puissance de sanitaire\u00a0: 30,6 KW<\/li>\n<li>Hauteur\u00a0: 740 mm<\/li>\n<li>Largeur\u00a0: 418 mm<\/li>\n<li>Profondeur\u00a0: 344 mm<\/li>\n<li>D\u00e9bit d&rsquo;eau chaude : 17,5 l\/min<\/li>\n<\/ul>","protected":false},"featured_media":369,"comment_status":"open","ping_status":"closed","template":"","meta":[],"product_brand":[],"product_cat":[9497,522],"product_tag":[12016,12019,12020,12017,12018],"class_list":{"0":"post-278","1":"product","2":"type-product","3":"status-publish","4":"has-post-thumbnail","6":"product_cat-chaudiere-murale-gaz-a-condensation-avec-eau-chaude-sanitaire-fr-bulex","7":"product_cat-meilleures-ventes","8":"product_tag-bulex-themacondens","9":"product_tag-chaudiere-avec-eau-chaude-sanitaire","10":"product_tag-chaudiere-classe-a","11":"product_tag-chaudiere-gaz-a-condensation","12":"product_tag-chaudiere-murale-gaz","13":"pa_marque-bulex","15":"first","16":"instock","17":"sale","18":"taxable","19":"shipping-taxable","20":"purchasable","21":"product-type-simple"},"aioseo_notices":[],"_links":{"self":[{"href":"https:\/\/promochaudiere.be\/nl\/wp-json\/wp\/v2\/product\/278","targetHints":{"allow":["GET"]}}],"collection":[{"href":"https:\/\/promochaudiere.be\/nl\/wp-json\/wp\/v2\/product"}],"about":[{"href":"https:\/\/promochaudiere.be\/nl\/wp-json\/wp\/v2\/types\/product"}],"replies":[{"embeddable":true,"href":"https:\/\/promochaudiere.be\/nl\/wp-json\/wp\/v2\/comments?post=278"}],"version-history":[{"count":2,"href":"https:\/\/promochaudiere.be\/nl\/wp-json\/wp\/v2\/product\/278\/revisions"}],"predecessor-version":[{"id":51854,"href":"https:\/\/promochaudiere.be\/nl\/wp-json\/wp\/v2\/product\/278\/revisions\/51854"}],"wp:featuredmedia":[{"embeddable":true,"href":"https:\/\/promochaudiere.be\/nl\/wp-json\/wp\/v2\/media\/369"}],"wp:attachment":[{"href":"https:\/\/promochaudiere.be\/nl\/wp-json\/wp\/v2\/media?parent=278"}],"wp:term":[{"taxonomy":"product_brand","embeddable":true,"href":"https:\/\/promochaudiere.be\/nl\/wp-json\/wp\/v2\/product_brand?post=278"},{"taxonomy":"product_cat","embeddable":true,"href":"https:\/\/promochaudiere.be\/nl\/wp-json\/wp\/v2\/product_cat?post=278"},{"taxonomy":"product_tag","embeddable":true,"href":"https:\/\/promochaudiere.be\/nl\/wp-json\/wp\/v2\/product_tag?post=278"}],"curies":[{"name":"wp","href":"https:\/\/api.w.org\/{rel}","templated":true}]}}