{"id":280,"date":"2022-04-01T15:43:05","date_gmt":"2022-04-01T15:43:05","guid":{"rendered":"https:\/\/promochaudiere.be\/produit\/bulex-chaudiere-murale-gaz-a-condensation-thema-condens-a-30-cs-1-p-be-propane-30-kw\/"},"modified":"2026-02-03T18:17:20","modified_gmt":"2026-02-03T17:17:20","slug":"bulex-chaudiere-murale-gaz-a-condensation-thema-condens-a-30-cs-1-p-be-propane-30-kw","status":"publish","type":"product","link":"https:\/\/promochaudiere.be\/nl\/product\/bulex-chaudiere-murale-gaz-a-condensation-thema-condens-a-30-cs-1-p-be-propane-30-kw\/","title":{"rendered":"Bulex wandketel gas condensatie Thema condens A 30-CS\/1 P-BE propaan 30 KW 0010039986"},"content":{"rendered":"<p>Nous mettons \u00e0 votre disposition cette chaudi\u00e8re de la marque Bulex qui r\u00e9pond parfaitement \u00e0 vos besoins.<\/p>\n<p>Cette chaudi\u00e8re est dot\u00e9e d\u2019une \u00e9lectrode d\u2019allumage et de contr\u00f4le, un vase d\u2019expansion chauffage 8L bypass et soupape s\u00e9curit\u00e9 3 bar, et une vanne de 3 voies. \u00a0Elle est facile \u00e0 utiliser gr\u00e2ce \u00e0 son affichage tactile et intuitif avec texte clair.<\/p>\n<p>Sa conception est faite d&rsquo;une mati\u00e8re de tr\u00e8s bonne qualit\u00e9 qui propose une durabilit\u00e9 optimale durant les ann\u00e9es d&rsquo;utilisation.<\/p>","protected":false},"excerpt":{"rendered":"<p><strong>Caract\u00e9ristiques\u00a0:<\/strong><\/p>\n<ul>\n<li>Classe \u00e9nerg\u00e9tique chauffage\u00a0: A<\/li>\n<li>Puissance : 30 KW<\/li>\n<li>Hauteur\u00a0: 740 mm<\/li>\n<li>Largeur\u00a0: 418 mm<\/li>\n<li>Profondeur\u00a0: 344 mm<\/li>\n<li>Alimentation \u00e9lectrique\u00a0: 230 V\/50 Hz<\/li>\n<li>Classe de protection\u00a0: IP X4 D<\/li>\n<\/ul>","protected":false},"featured_media":371,"comment_status":"open","ping_status":"closed","template":"","meta":[],"product_brand":[],"product_cat":[9502],"product_tag":[],"class_list":{"0":"post-280","1":"product","2":"type-product","3":"status-publish","4":"has-post-thumbnail","6":"product_cat-chaudiere-murale-gaz-a-condensation-sans-eau-chaude-sanitaire-nl-fr","7":"pa_marque-bulex","9":"first","10":"instock","11":"sale","12":"taxable","13":"shipping-taxable","14":"purchasable","15":"product-type-simple"},"aioseo_notices":[],"_links":{"self":[{"href":"https:\/\/promochaudiere.be\/nl\/wp-json\/wp\/v2\/product\/280","targetHints":{"allow":["GET"]}}],"collection":[{"href":"https:\/\/promochaudiere.be\/nl\/wp-json\/wp\/v2\/product"}],"about":[{"href":"https:\/\/promochaudiere.be\/nl\/wp-json\/wp\/v2\/types\/product"}],"replies":[{"embeddable":true,"href":"https:\/\/promochaudiere.be\/nl\/wp-json\/wp\/v2\/comments?post=280"}],"version-history":[{"count":1,"href":"https:\/\/promochaudiere.be\/nl\/wp-json\/wp\/v2\/product\/280\/revisions"}],"predecessor-version":[{"id":51856,"href":"https:\/\/promochaudiere.be\/nl\/wp-json\/wp\/v2\/product\/280\/revisions\/51856"}],"wp:featuredmedia":[{"embeddable":true,"href":"https:\/\/promochaudiere.be\/nl\/wp-json\/wp\/v2\/media\/371"}],"wp:attachment":[{"href":"https:\/\/promochaudiere.be\/nl\/wp-json\/wp\/v2\/media?parent=280"}],"wp:term":[{"taxonomy":"product_brand","embeddable":true,"href":"https:\/\/promochaudiere.be\/nl\/wp-json\/wp\/v2\/product_brand?post=280"},{"taxonomy":"product_cat","embeddable":true,"href":"https:\/\/promochaudiere.be\/nl\/wp-json\/wp\/v2\/product_cat?post=280"},{"taxonomy":"product_tag","embeddable":true,"href":"https:\/\/promochaudiere.be\/nl\/wp-json\/wp\/v2\/product_tag?post=280"}],"curies":[{"name":"wp","href":"https:\/\/api.w.org\/{rel}","templated":true}]}}