{"id":289,"date":"2022-04-01T15:43:07","date_gmt":"2022-04-01T15:43:07","guid":{"rendered":"https:\/\/promochaudiere.be\/produit\/bulex-chaudiere-murale-gaz-a-condensation-themaplus-condens-ma-25-31-cs-1-n-be-25-kw\/"},"modified":"2026-02-03T18:17:21","modified_gmt":"2026-02-03T17:17:21","slug":"bulex-chaudiere-murale-gaz-a-condensation-themaplus-condens-ma-25-31-cs-1-n-be-25-kw","status":"publish","type":"product","link":"https:\/\/promochaudiere.be\/nl\/product\/bulex-chaudiere-murale-gaz-a-condensation-themaplus-condens-ma-25-31-cs-1-n-be-25-kw\/","title":{"rendered":"Bulex gaswandketel condensatie Themaplus condens MA 25\/31-CS\/1 N-BE 25 KW 0010025080"},"content":{"rendered":"<p>\u00cates-vous confus de choisir quelle chaudi\u00e8re correspond \u00e0 votre besoin\u00a0? Nous vous pr\u00e9sentons cette chaudi\u00e8re de la marque Bulex qui r\u00e9pond parfaitement \u00e0 vos exigences.<\/p>\n<p>Cette chaudi\u00e8re est dot\u00e9e d\u2019une \u00e9lectrode de contr\u00f4le, un mini boiler de 3,2 L en inox avec une r\u00e9sistance \u00e9lectrique de 25 KW, un vase d\u2019expansion chauffage 8L bypass et soupape s\u00e9curit\u00e9 3 bar, et une soupape s\u00e9curit\u00e9 10 bar. \u00a0Elle est facile \u00e0 utiliser gr\u00e2ce \u00e0 son affichage tactile et intuitif avec texte clair.<\/p>\n<p>Sa conception est faite d&rsquo;une mati\u00e8re de tr\u00e8s bonne qualit\u00e9 qui propose une durabilit\u00e9 optimale durant les ann\u00e9es d&rsquo;utilisation.<\/p>","protected":false},"excerpt":{"rendered":"<p><strong>Caract\u00e9ristiques\u00a0:<\/strong><\/p>\n<ul>\n<li>Classe \u00e9nerg\u00e9tique chauffage\u00a0: A<\/li>\n<li>Classe \u00e9nerg\u00e9tique sanitaire\u00a0: A<\/li>\n<li>Profil de soutirage\u00a0: XL<\/li>\n<li>Puissance : 25 KW<\/li>\n<li>Hauteur\u00a0: 740 mm<\/li>\n<li>Largeur\u00a0: 418 mm<\/li>\n<li>Profondeur\u00a0: 344 mm<\/li>\n<li>Alimentation \u00e9lectrique\u00a0: 230 V\/50 Hz<\/li>\n<li>Classe de protection\u00a0: IP X4 D<\/li>\n<\/ul>","protected":false},"featured_media":384,"comment_status":"open","ping_status":"closed","template":"","meta":[],"product_brand":[],"product_cat":[9497],"product_tag":[],"class_list":{"0":"post-289","1":"product","2":"type-product","3":"status-publish","4":"has-post-thumbnail","6":"product_cat-chaudiere-murale-gaz-a-condensation-avec-eau-chaude-sanitaire-fr-bulex","7":"pa_marque-bulex","9":"first","10":"instock","11":"sale","12":"taxable","13":"shipping-taxable","14":"purchasable","15":"product-type-simple"},"aioseo_notices":[],"_links":{"self":[{"href":"https:\/\/promochaudiere.be\/nl\/wp-json\/wp\/v2\/product\/289","targetHints":{"allow":["GET"]}}],"collection":[{"href":"https:\/\/promochaudiere.be\/nl\/wp-json\/wp\/v2\/product"}],"about":[{"href":"https:\/\/promochaudiere.be\/nl\/wp-json\/wp\/v2\/types\/product"}],"replies":[{"embeddable":true,"href":"https:\/\/promochaudiere.be\/nl\/wp-json\/wp\/v2\/comments?post=289"}],"version-history":[{"count":2,"href":"https:\/\/promochaudiere.be\/nl\/wp-json\/wp\/v2\/product\/289\/revisions"}],"predecessor-version":[{"id":51847,"href":"https:\/\/promochaudiere.be\/nl\/wp-json\/wp\/v2\/product\/289\/revisions\/51847"}],"wp:featuredmedia":[{"embeddable":true,"href":"https:\/\/promochaudiere.be\/nl\/wp-json\/wp\/v2\/media\/384"}],"wp:attachment":[{"href":"https:\/\/promochaudiere.be\/nl\/wp-json\/wp\/v2\/media?parent=289"}],"wp:term":[{"taxonomy":"product_brand","embeddable":true,"href":"https:\/\/promochaudiere.be\/nl\/wp-json\/wp\/v2\/product_brand?post=289"},{"taxonomy":"product_cat","embeddable":true,"href":"https:\/\/promochaudiere.be\/nl\/wp-json\/wp\/v2\/product_cat?post=289"},{"taxonomy":"product_tag","embeddable":true,"href":"https:\/\/promochaudiere.be\/nl\/wp-json\/wp\/v2\/product_tag?post=289"}],"curies":[{"name":"wp","href":"https:\/\/api.w.org\/{rel}","templated":true}]}}