{"id":307,"date":"2022-04-01T15:43:10","date_gmt":"2022-04-01T15:43:10","guid":{"rendered":"https:\/\/promochaudiere.be\/produit\/bosch-chaudiere-murale-gaz-a-condensation-gc7000-iw-24-23-blanc-24-kw\/"},"modified":"2026-02-03T18:17:20","modified_gmt":"2026-02-03T17:17:20","slug":"bosch-chaudiere-murale-gaz-a-condensation-gc7000-iw-24-23-blanc-24-kw","status":"publish","type":"product","link":"https:\/\/promochaudiere.be\/nl\/product\/bosch-chaudiere-murale-gaz-a-condensation-gc7000-iw-24-23-blanc-24-kw\/","title":{"rendered":"Bosch chaudi\u00e8re murale gaz \u00e0 condensation GC7000 IW-24 23 blanc 24 KW 7736901084"},"content":{"rendered":"<p>D\u2019un design ultra moderne et compact, cette chaudi\u00e8re GC7000 IW-24 23 de la marque Bosch permet d\u2019\u00e9conomiser jusqu&rsquo;\u00e0 25% d&rsquo;\u00e9nergie. Elle s\u2019adaptera parfaitement dans tout type d\u2019habitation.<\/p>\n<p>Cette chaudi\u00e8re est \u00e9quip\u00e9e d\u2019un br\u00fbleur modulant chauffe sur une plage de 12,5 \u00e0 100% de la puissance maximale. Gr\u00e2ce \u00e0 la technologie intelligente EasyControl, la s\u00e9rie GC7000 IW-24 vous permet de g\u00e9rer votre chaudi\u00e8re \u00e0 distance via votre smartphone ou votre tablette.<\/p>\n<p>Sa conception est r\u00e9alis\u00e9e \u00e0 partir des mat\u00e9riaux de tr\u00e8s bonne qualit\u00e9 qui assurera une durabilit\u00e9 optimale.<\/p>","protected":false},"excerpt":{"rendered":"<p><strong>Caract\u00e9ristiques\u00a0:<\/strong><\/p>\n<ul>\n<li>Puissance : 24 KW<\/li>\n<li>Hauteur\u00a0: 840 mm<\/li>\n<li>Largeur\u00a0: 440 mm<\/li>\n<li>Profondeur\u00a0: 350 mm<\/li>\n<\/ul>","protected":false},"featured_media":472,"comment_status":"open","ping_status":"closed","template":"","meta":[],"product_brand":[],"product_cat":[9481],"product_tag":[],"class_list":{"0":"post-307","1":"product","2":"type-product","3":"status-publish","4":"has-post-thumbnail","6":"product_cat-chaudiere-murale-gaz-a-condensation-sans-eau-chaude-sanitaire-fr","7":"pa_marque-bosch","9":"first","10":"instock","11":"sale","12":"taxable","13":"shipping-taxable","14":"purchasable","15":"product-type-simple"},"aioseo_notices":[],"_links":{"self":[{"href":"https:\/\/promochaudiere.be\/nl\/wp-json\/wp\/v2\/product\/307","targetHints":{"allow":["GET"]}}],"collection":[{"href":"https:\/\/promochaudiere.be\/nl\/wp-json\/wp\/v2\/product"}],"about":[{"href":"https:\/\/promochaudiere.be\/nl\/wp-json\/wp\/v2\/types\/product"}],"replies":[{"embeddable":true,"href":"https:\/\/promochaudiere.be\/nl\/wp-json\/wp\/v2\/comments?post=307"}],"version-history":[{"count":1,"href":"https:\/\/promochaudiere.be\/nl\/wp-json\/wp\/v2\/product\/307\/revisions"}],"predecessor-version":[{"id":51830,"href":"https:\/\/promochaudiere.be\/nl\/wp-json\/wp\/v2\/product\/307\/revisions\/51830"}],"wp:featuredmedia":[{"embeddable":true,"href":"https:\/\/promochaudiere.be\/nl\/wp-json\/wp\/v2\/media\/472"}],"wp:attachment":[{"href":"https:\/\/promochaudiere.be\/nl\/wp-json\/wp\/v2\/media?parent=307"}],"wp:term":[{"taxonomy":"product_brand","embeddable":true,"href":"https:\/\/promochaudiere.be\/nl\/wp-json\/wp\/v2\/product_brand?post=307"},{"taxonomy":"product_cat","embeddable":true,"href":"https:\/\/promochaudiere.be\/nl\/wp-json\/wp\/v2\/product_cat?post=307"},{"taxonomy":"product_tag","embeddable":true,"href":"https:\/\/promochaudiere.be\/nl\/wp-json\/wp\/v2\/product_tag?post=307"}],"curies":[{"name":"wp","href":"https:\/\/api.w.org\/{rel}","templated":true}]}}