{"id":313,"date":"2022-04-01T15:43:11","date_gmt":"2022-04-01T15:43:11","guid":{"rendered":"https:\/\/promochaudiere.be\/produit\/remeha-chaudiere-murale-gaz-a-condensation-tzerra-ace-35-40c-combi-347-kw\/"},"modified":"2026-02-03T18:17:19","modified_gmt":"2026-02-03T17:17:19","slug":"remeha-chaudiere-murale-gaz-a-condensation-tzerra-ace-35-40c-combi-347-kw","status":"publish","type":"product","link":"https:\/\/promochaudiere.be\/nl\/product\/remeha-chaudiere-murale-gaz-a-condensation-tzerra-ace-35-40c-combi-347-kw\/","title":{"rendered":"Remeha chaudi\u00e8re murale gaz \u00e0 condensation TZERRA ACE 35\/40C combi 34,7 KW 7678098"},"content":{"rendered":"<p>R\u00e9duire et \u00e9conomisez vos factures tout en ajoutant cette chaudi\u00e8re Tzerra Ace de la marque Remeha.<\/p>\n<p>Fiable, compacte et l\u00e9g\u00e8re, cette chaudi\u00e8re s\u2019adaptera parfaitement dans tout type d\u2019habitation. Elle est dot\u00e9e d\u2019un tableau de commande avec \u00e9cran LCD tr\u00e8s lisible et d\u2019une plateforme \u00e9lectronique nouvelle (F-Control). Vous permet de communiquer et g\u00e9rer votre chaudi\u00e8re \u00e0 distance.<\/p>\n<p>Sa conception est r\u00e9alis\u00e9e \u00e0 partir des mat\u00e9riaux de tr\u00e8s bonne qualit\u00e9 qui assurera une durabilit\u00e9 optimale.<\/p>","protected":false},"excerpt":{"rendered":"<p><strong>Caract\u00e9ristiques\u00a0:<\/strong><\/p>\n<ul>\n<li>Classe \u00e9nerg\u00e9tique chauffage\u00a0: A<\/li>\n<li>Classe \u00e9nerg\u00e9tique sanitaire\u00a0: A<\/li>\n<li>Profil de soutirage\u00a0: XXL<\/li>\n<li>Puissance de chauffage : 34,7 KW<\/li>\n<li>Puissance de sanitaire\u00a0: 37,8 KW<\/li>\n<li>Hauteur\u00a0: 541 mm<\/li>\n<li>Largeur\u00a0: 368 mm<\/li>\n<li>Profondeur\u00a0: 364 mm<\/li>\n<\/ul>","protected":false},"featured_media":481,"comment_status":"open","ping_status":"closed","template":"","meta":[],"product_brand":[],"product_cat":[9519],"product_tag":[],"class_list":{"0":"post-313","1":"product","2":"type-product","3":"status-publish","4":"has-post-thumbnail","6":"product_cat-chaudiere-murale-gaz-a-condensation-avec-eau-chaude-sanitaire-fr-remeha","7":"pa_marque-remeha","9":"first","10":"instock","11":"sale","12":"taxable","13":"shipping-taxable","14":"purchasable","15":"product-type-simple"},"aioseo_notices":[],"_links":{"self":[{"href":"https:\/\/promochaudiere.be\/nl\/wp-json\/wp\/v2\/product\/313","targetHints":{"allow":["GET"]}}],"collection":[{"href":"https:\/\/promochaudiere.be\/nl\/wp-json\/wp\/v2\/product"}],"about":[{"href":"https:\/\/promochaudiere.be\/nl\/wp-json\/wp\/v2\/types\/product"}],"replies":[{"embeddable":true,"href":"https:\/\/promochaudiere.be\/nl\/wp-json\/wp\/v2\/comments?post=313"}],"version-history":[{"count":1,"href":"https:\/\/promochaudiere.be\/nl\/wp-json\/wp\/v2\/product\/313\/revisions"}],"predecessor-version":[{"id":51807,"href":"https:\/\/promochaudiere.be\/nl\/wp-json\/wp\/v2\/product\/313\/revisions\/51807"}],"wp:featuredmedia":[{"embeddable":true,"href":"https:\/\/promochaudiere.be\/nl\/wp-json\/wp\/v2\/media\/481"}],"wp:attachment":[{"href":"https:\/\/promochaudiere.be\/nl\/wp-json\/wp\/v2\/media?parent=313"}],"wp:term":[{"taxonomy":"product_brand","embeddable":true,"href":"https:\/\/promochaudiere.be\/nl\/wp-json\/wp\/v2\/product_brand?post=313"},{"taxonomy":"product_cat","embeddable":true,"href":"https:\/\/promochaudiere.be\/nl\/wp-json\/wp\/v2\/product_cat?post=313"},{"taxonomy":"product_tag","embeddable":true,"href":"https:\/\/promochaudiere.be\/nl\/wp-json\/wp\/v2\/product_tag?post=313"}],"curies":[{"name":"wp","href":"https:\/\/api.w.org\/{rel}","templated":true}]}}