{"id":315,"date":"2022-04-01T15:43:11","date_gmt":"2022-04-01T15:43:11","guid":{"rendered":"https:\/\/promochaudiere.be\/produit\/remeha-chaudiere-murale-gaz-a-condensation-tzerra-avanta-ace-28c-28kw\/"},"modified":"2026-02-03T19:40:16","modified_gmt":"2026-02-03T18:40:16","slug":"remeha-chaudiere-murale-gaz-a-condensation-tzerra-avanta-ace-28c-28kw","status":"publish","type":"product","link":"https:\/\/promochaudiere.be\/nl\/product\/remeha-chaudiere-murale-gaz-a-condensation-tzerra-avanta-ace-28c-28kw\/","title":{"rendered":"Remeha chaudi\u00e8re murale gaz \u00e0 condensation Avanta ACE 28C 28KW 7770043"},"content":{"rendered":"<p>La chaudi\u00e8re murale Remeha Avanta Ace 28C Combi est une solution id\u00e9ale pour un chauffage performant et une production d\u2019eau chaude optimis\u00e9e. Gr\u00e2ce \u00e0 sa technologie de condensation, elle assure une efficacit\u00e9 \u00e9nerg\u00e9tique maximale en r\u00e9cup\u00e9rant la chaleur des fum\u00e9es. Son format compact permet une installation ais\u00e9e dans tout type d\u2019int\u00e9rieur. Son syst\u00e8me de r\u00e9gulation avanc\u00e9 garantit un confort thermique constant. Facile \u00e0 utiliser avec une interface intuitive, elle offre un excellent rapport performance-\u00e9conomie.<\/p>","protected":false},"excerpt":{"rendered":"<p><strong>Caract\u00e9ristiques\u00a0:<\/strong><\/p>\n<ul>\n<li>Classe \u00e9nerg\u00e9tique\u00a0chauffage : A<\/li>\n<li>Classe \u00e9nerg\u00e9tique sanitaire\u00a0: A<\/li>\n<li>Puissance : 28 KW<\/li>\n<li>Hauteur\u00a0: 700 mm<\/li>\n<li>Largeur\u00a0: 395 mm<\/li>\n<li>Profondeur\u00a0: 285 mm<\/li>\n<li>D\u00e9bit d\u2019eau chaude\u00a0: 13,4 l\/min<\/li>\n<\/ul>","protected":false},"featured_media":20915,"comment_status":"open","ping_status":"closed","template":"","meta":[],"product_brand":[],"product_cat":[9519],"product_tag":[],"class_list":{"0":"post-315","1":"product","2":"type-product","3":"status-publish","4":"has-post-thumbnail","6":"product_cat-chaudiere-murale-gaz-a-condensation-avec-eau-chaude-sanitaire-fr-remeha","7":"pa_marque-remeha","9":"first","10":"instock","11":"sale","12":"taxable","13":"shipping-taxable","14":"purchasable","15":"product-type-simple"},"aioseo_notices":[],"_links":{"self":[{"href":"https:\/\/promochaudiere.be\/nl\/wp-json\/wp\/v2\/product\/315","targetHints":{"allow":["GET"]}}],"collection":[{"href":"https:\/\/promochaudiere.be\/nl\/wp-json\/wp\/v2\/product"}],"about":[{"href":"https:\/\/promochaudiere.be\/nl\/wp-json\/wp\/v2\/types\/product"}],"replies":[{"embeddable":true,"href":"https:\/\/promochaudiere.be\/nl\/wp-json\/wp\/v2\/comments?post=315"}],"version-history":[{"count":2,"href":"https:\/\/promochaudiere.be\/nl\/wp-json\/wp\/v2\/product\/315\/revisions"}],"predecessor-version":[{"id":51809,"href":"https:\/\/promochaudiere.be\/nl\/wp-json\/wp\/v2\/product\/315\/revisions\/51809"}],"wp:featuredmedia":[{"embeddable":true,"href":"https:\/\/promochaudiere.be\/nl\/wp-json\/wp\/v2\/media\/20915"}],"wp:attachment":[{"href":"https:\/\/promochaudiere.be\/nl\/wp-json\/wp\/v2\/media?parent=315"}],"wp:term":[{"taxonomy":"product_brand","embeddable":true,"href":"https:\/\/promochaudiere.be\/nl\/wp-json\/wp\/v2\/product_brand?post=315"},{"taxonomy":"product_cat","embeddable":true,"href":"https:\/\/promochaudiere.be\/nl\/wp-json\/wp\/v2\/product_cat?post=315"},{"taxonomy":"product_tag","embeddable":true,"href":"https:\/\/promochaudiere.be\/nl\/wp-json\/wp\/v2\/product_tag?post=315"}],"curies":[{"name":"wp","href":"https:\/\/api.w.org\/{rel}","templated":true}]}}