{"id":318,"date":"2022-04-01T15:43:11","date_gmt":"2022-04-01T15:43:11","guid":{"rendered":"https:\/\/promochaudiere.be\/produit\/acv-bruleur-fioul-bmv1-42-kw-avec-couvercle\/"},"modified":"2026-02-03T18:17:14","modified_gmt":"2026-02-03T17:17:14","slug":"acv-bruleur-fioul-bmv1-42-kw-avec-couvercle","status":"publish","type":"product","link":"https:\/\/promochaudiere.be\/nl\/product\/acv-bruleur-fioul-bmv1-42-kw-avec-couvercle\/","title":{"rendered":"ACV br\u00fbleur fioul BMV1 42 KW avec couvercle"},"content":{"rendered":"<p>Vous cherchez un br\u00fbleur efficace et de qualit\u00e9\u00a0? Nous mettons \u00e0 votre disposition ce br\u00fbleur de la marque ACV qui r\u00e9pond sp\u00e9cialement \u00e0 vos exigences. Il est plus \u00e9conomique et facile \u00e0 entretenir.<\/p>\n<p>Ce br\u00fbleur bas NOx \u00e0 tr\u00e8s haute performance qui s\u2019adapte aux chaudi\u00e8res. Il est dot\u00e9 d\u2019une cellule photor\u00e9sistance, un moteur, un condensateur, un r\u00e9chauffeur fioul, une unit\u00e9 d\u2019allumage, une bobine magn\u00e9tique, une pompe fioul et un relais.<\/p>\n<p>Sa conception est r\u00e9alis\u00e9e \u00e0 partir des mat\u00e9riaux de tr\u00e8s bonne qualit\u00e9 qui assurera une durabilit\u00e9 optimale.<\/p>","protected":false},"excerpt":{"rendered":"<p>ACV br\u00fbleur fioul BMV1 42 KW avec couvercle<\/p>","protected":false},"featured_media":990,"comment_status":"open","ping_status":"closed","template":"","meta":[],"product_brand":[],"product_cat":[47],"product_tag":[],"class_list":{"0":"post-318","1":"product","2":"type-product","3":"status-publish","4":"has-post-thumbnail","6":"product_cat-bruleur-mazout","7":"pa_marque-acv","9":"first","10":"instock","11":"sale","12":"taxable","13":"shipping-taxable","14":"purchasable","15":"product-type-simple"},"aioseo_notices":[],"_links":{"self":[{"href":"https:\/\/promochaudiere.be\/nl\/wp-json\/wp\/v2\/product\/318","targetHints":{"allow":["GET"]}}],"collection":[{"href":"https:\/\/promochaudiere.be\/nl\/wp-json\/wp\/v2\/product"}],"about":[{"href":"https:\/\/promochaudiere.be\/nl\/wp-json\/wp\/v2\/types\/product"}],"replies":[{"embeddable":true,"href":"https:\/\/promochaudiere.be\/nl\/wp-json\/wp\/v2\/comments?post=318"}],"version-history":[{"count":1,"href":"https:\/\/promochaudiere.be\/nl\/wp-json\/wp\/v2\/product\/318\/revisions"}],"predecessor-version":[{"id":51812,"href":"https:\/\/promochaudiere.be\/nl\/wp-json\/wp\/v2\/product\/318\/revisions\/51812"}],"wp:featuredmedia":[{"embeddable":true,"href":"https:\/\/promochaudiere.be\/nl\/wp-json\/wp\/v2\/media\/990"}],"wp:attachment":[{"href":"https:\/\/promochaudiere.be\/nl\/wp-json\/wp\/v2\/media?parent=318"}],"wp:term":[{"taxonomy":"product_brand","embeddable":true,"href":"https:\/\/promochaudiere.be\/nl\/wp-json\/wp\/v2\/product_brand?post=318"},{"taxonomy":"product_cat","embeddable":true,"href":"https:\/\/promochaudiere.be\/nl\/wp-json\/wp\/v2\/product_cat?post=318"},{"taxonomy":"product_tag","embeddable":true,"href":"https:\/\/promochaudiere.be\/nl\/wp-json\/wp\/v2\/product_tag?post=318"}],"curies":[{"name":"wp","href":"https:\/\/api.w.org\/{rel}","templated":true}]}}