{"id":3224,"date":"2022-06-13T08:38:25","date_gmt":"2022-06-13T08:38:25","guid":{"rendered":"https:\/\/promochaudiere.be\/produit\/codume-ventilateur-a-debit-constant-smart\/"},"modified":"2025-12-09T17:04:18","modified_gmt":"2025-12-09T17:04:18","slug":"codume-ventilateur-a-debit-constant-smart","status":"publish","type":"product","link":"https:\/\/promochaudiere.be\/nl\/product\/codume-ventilateur-a-debit-constant-smart\/","title":{"rendered":"Codume ventilateur \u00e0 d\u00e9bit constant-smart"},"content":{"rendered":"<p>Vous cherchez une unit\u00e9 de ventilation efficace et de haute qualit\u00e9 ?<\/p>\n<p>Nous vous recommandons de choisir ce ventilateur \u00e0 d\u00e9bit constant-smart de marque <strong>Codume<\/strong> qui vous assure un confort maximal avec une consommation \u00e9nerg\u00e9tique minimale ainsi il convient parfaitement \u00e0 toutes les applications de ventilation du logement.<\/p>\n<p><strong>Codume<\/strong> vous propose le meilleur en qualit\u00e9 premium.<\/p>","protected":false},"excerpt":{"rendered":"<p><strong>Caract\u00e9ristiques :<\/strong><\/p>\n<ul style=\"list-style-type: disc;\">\n<li>Cat\u00e9gorie : Ventilation<\/li>\n<li>Couleur : blanc<\/li>\n<li>Type : Bouche d&rsquo;aspiration<\/li>\n<li>Diam\u00e8tre ext\u00e9rieur : 199 mm<\/li>\n<li>Epaisseur du ventilateur : limit\u00e9e \u00e0 50 mm<\/li>\n<\/ul>","protected":false},"featured_media":3313,"comment_status":"open","ping_status":"closed","template":"","meta":[],"product_brand":[],"product_cat":[10874],"product_tag":[],"class_list":{"0":"post-3224","1":"product","2":"type-product","3":"status-publish","4":"has-post-thumbnail","6":"product_cat-ventilateur","7":"pa_marque-codume","9":"first","10":"instock","11":"sale","12":"taxable","13":"shipping-taxable","14":"purchasable","15":"product-type-simple"},"aioseo_notices":[],"_links":{"self":[{"href":"https:\/\/promochaudiere.be\/nl\/wp-json\/wp\/v2\/product\/3224","targetHints":{"allow":["GET"]}}],"collection":[{"href":"https:\/\/promochaudiere.be\/nl\/wp-json\/wp\/v2\/product"}],"about":[{"href":"https:\/\/promochaudiere.be\/nl\/wp-json\/wp\/v2\/types\/product"}],"replies":[{"embeddable":true,"href":"https:\/\/promochaudiere.be\/nl\/wp-json\/wp\/v2\/comments?post=3224"}],"version-history":[{"count":2,"href":"https:\/\/promochaudiere.be\/nl\/wp-json\/wp\/v2\/product\/3224\/revisions"}],"predecessor-version":[{"id":51151,"href":"https:\/\/promochaudiere.be\/nl\/wp-json\/wp\/v2\/product\/3224\/revisions\/51151"}],"wp:featuredmedia":[{"embeddable":true,"href":"https:\/\/promochaudiere.be\/nl\/wp-json\/wp\/v2\/media\/3313"}],"wp:attachment":[{"href":"https:\/\/promochaudiere.be\/nl\/wp-json\/wp\/v2\/media?parent=3224"}],"wp:term":[{"taxonomy":"product_brand","embeddable":true,"href":"https:\/\/promochaudiere.be\/nl\/wp-json\/wp\/v2\/product_brand?post=3224"},{"taxonomy":"product_cat","embeddable":true,"href":"https:\/\/promochaudiere.be\/nl\/wp-json\/wp\/v2\/product_cat?post=3224"},{"taxonomy":"product_tag","embeddable":true,"href":"https:\/\/promochaudiere.be\/nl\/wp-json\/wp\/v2\/product_tag?post=3224"}],"curies":[{"name":"wp","href":"https:\/\/api.w.org\/{rel}","templated":true}]}}