{"id":3229,"date":"2022-06-13T08:38:27","date_gmt":"2022-06-13T08:38:27","guid":{"rendered":"https:\/\/promochaudiere.be\/produit\/soler-palau-ventilateur-tubulaire-100mm-110m%c2%b3-h\/"},"modified":"2026-02-03T18:15:07","modified_gmt":"2026-02-03T17:15:07","slug":"soler-palau-ventilateur-tubulaire-100mm-110m%c2%b3-h","status":"publish","type":"product","link":"https:\/\/promochaudiere.be\/nl\/product\/soler-palau-ventilateur-tubulaire-100mm-110m%c2%b3-h\/","title":{"rendered":"Soler &#038; Palau ventilateur tubulaire 100mm 110m\u00b3\/h"},"content":{"rendered":"<p>En combinaison la meilleur qualit\u00e9 et la modernit\u00e9 en vous pr\u00e9sente ce ventilateur tubulaire de la marque <strong>Soler &amp; Palau<\/strong> leader sur le march\u00e9 qui va r\u00e9pondre sans doute \u00e0 vos exigence.<\/p>\n<p>Ce ventilateur tubulaire se distingue par un design unique qui vous offre une esth\u00e9tique intemporelle et fonctionnelle. Ainsi un montage et utilisation facile aussi un entretien minimal.<\/p>\n<p>Dot\u00e9 d\u2019une conception solide puisque qu\u2019il est fabriqu\u00e9 en mati\u00e8re d\u2019une qualit\u00e9 sup\u00e9rieure, robuste et r\u00e9sistante \u00e0 l&rsquo;usure.<\/p>","protected":false},"excerpt":{"rendered":"<p><b>Caract\u00e9ristiques :<\/b><\/p>\n<ul style=\"list-style-type: disc;\">\n<li>Cat\u00e9gorie : ventilation<\/li>\n<li>D\u00e9bits d&rsquo;air : 110 \u00e0 300 m3\/h<\/li>\n<li>Moteur 230V \/ 50Hz<\/li>\n<li>Diam\u00e8tre : 100 mm<\/li>\n<\/ul>","protected":false},"featured_media":3318,"comment_status":"open","ping_status":"closed","template":"","meta":[],"product_brand":[],"product_cat":[10874],"product_tag":[],"class_list":{"0":"post-3229","1":"product","2":"type-product","3":"status-publish","4":"has-post-thumbnail","6":"product_cat-ventilateur","7":"pa_marque-soler-palau","9":"first","10":"instock","11":"sale","12":"taxable","13":"shipping-taxable","14":"purchasable","15":"product-type-simple"},"aioseo_notices":[],"_links":{"self":[{"href":"https:\/\/promochaudiere.be\/nl\/wp-json\/wp\/v2\/product\/3229","targetHints":{"allow":["GET"]}}],"collection":[{"href":"https:\/\/promochaudiere.be\/nl\/wp-json\/wp\/v2\/product"}],"about":[{"href":"https:\/\/promochaudiere.be\/nl\/wp-json\/wp\/v2\/types\/product"}],"replies":[{"embeddable":true,"href":"https:\/\/promochaudiere.be\/nl\/wp-json\/wp\/v2\/comments?post=3229"}],"version-history":[{"count":1,"href":"https:\/\/promochaudiere.be\/nl\/wp-json\/wp\/v2\/product\/3229\/revisions"}],"predecessor-version":[{"id":3319,"href":"https:\/\/promochaudiere.be\/nl\/wp-json\/wp\/v2\/product\/3229\/revisions\/3319"}],"wp:featuredmedia":[{"embeddable":true,"href":"https:\/\/promochaudiere.be\/nl\/wp-json\/wp\/v2\/media\/3318"}],"wp:attachment":[{"href":"https:\/\/promochaudiere.be\/nl\/wp-json\/wp\/v2\/media?parent=3229"}],"wp:term":[{"taxonomy":"product_brand","embeddable":true,"href":"https:\/\/promochaudiere.be\/nl\/wp-json\/wp\/v2\/product_brand?post=3229"},{"taxonomy":"product_cat","embeddable":true,"href":"https:\/\/promochaudiere.be\/nl\/wp-json\/wp\/v2\/product_cat?post=3229"},{"taxonomy":"product_tag","embeddable":true,"href":"https:\/\/promochaudiere.be\/nl\/wp-json\/wp\/v2\/product_tag?post=3229"}],"curies":[{"name":"wp","href":"https:\/\/api.w.org\/{rel}","templated":true}]}}