{"id":3238,"date":"2022-06-13T08:38:29","date_gmt":"2022-06-13T08:38:29","guid":{"rendered":"https:\/\/promochaudiere.be\/produit\/duco-unite-de-ventilation-c-silent-connecte\/"},"modified":"2026-02-03T18:16:21","modified_gmt":"2026-02-03T17:16:21","slug":"duco-unite-de-ventilation-c-silent-connecte","status":"publish","type":"product","link":"https:\/\/promochaudiere.be\/nl\/product\/duco-unite-de-ventilation-c-silent-connecte\/","title":{"rendered":"Duco unit\u00e9 de ventilation C Silent connecte"},"content":{"rendered":"<p>Si vous recherchiez quelque chose totalement solide et performant, vous serez en mesure de le trouver chez nous.<\/p>\n<p>La marque <strong>Duco<\/strong> r\u00e9put\u00e9e pour la qualit\u00e9 ultime et le design unique vous pr\u00e9sentez l&rsquo;une des meilleures ventilations avec un syst\u00e8me naturelle, optimale et tr\u00e8s efficace. Ce ventilateur d&rsquo;extraction silencieux, compact, durable et extr\u00eamement \u00e9conome en \u00e9nergie est con\u00e7u sp\u00e9cialement pour r\u00e9pondre \u00e0 vos besoins de confort.<\/p>","protected":false},"excerpt":{"rendered":"<p><b>Caract\u00e9ristiques :<\/b><\/p>\n<ul style=\"list-style-type: disc;\">\n<li>Cat\u00e9gorie : ventilation<\/li>\n<li>S\u00e9rie : sillent<\/li>\n<li>D\u00e9bit d&rsquo;air maximal : 400 m\u00b3<\/li>\n<\/ul>","protected":false},"featured_media":3328,"comment_status":"open","ping_status":"closed","template":"","meta":[],"product_brand":[],"product_cat":[10882],"product_tag":[],"class_list":{"0":"post-3238","1":"product","2":"type-product","3":"status-publish","4":"has-post-thumbnail","6":"product_cat-unite-type-c-duco","7":"pa_marque-duco","9":"first","10":"instock","11":"sale","12":"taxable","13":"shipping-taxable","14":"purchasable","15":"product-type-simple"},"aioseo_notices":[],"_links":{"self":[{"href":"https:\/\/promochaudiere.be\/nl\/wp-json\/wp\/v2\/product\/3238","targetHints":{"allow":["GET"]}}],"collection":[{"href":"https:\/\/promochaudiere.be\/nl\/wp-json\/wp\/v2\/product"}],"about":[{"href":"https:\/\/promochaudiere.be\/nl\/wp-json\/wp\/v2\/types\/product"}],"replies":[{"embeddable":true,"href":"https:\/\/promochaudiere.be\/nl\/wp-json\/wp\/v2\/comments?post=3238"}],"version-history":[{"count":1,"href":"https:\/\/promochaudiere.be\/nl\/wp-json\/wp\/v2\/product\/3238\/revisions"}],"predecessor-version":[{"id":51149,"href":"https:\/\/promochaudiere.be\/nl\/wp-json\/wp\/v2\/product\/3238\/revisions\/51149"}],"wp:featuredmedia":[{"embeddable":true,"href":"https:\/\/promochaudiere.be\/nl\/wp-json\/wp\/v2\/media\/3328"}],"wp:attachment":[{"href":"https:\/\/promochaudiere.be\/nl\/wp-json\/wp\/v2\/media?parent=3238"}],"wp:term":[{"taxonomy":"product_brand","embeddable":true,"href":"https:\/\/promochaudiere.be\/nl\/wp-json\/wp\/v2\/product_brand?post=3238"},{"taxonomy":"product_cat","embeddable":true,"href":"https:\/\/promochaudiere.be\/nl\/wp-json\/wp\/v2\/product_cat?post=3238"},{"taxonomy":"product_tag","embeddable":true,"href":"https:\/\/promochaudiere.be\/nl\/wp-json\/wp\/v2\/product_tag?post=3238"}],"curies":[{"name":"wp","href":"https:\/\/api.w.org\/{rel}","templated":true}]}}