{"id":3239,"date":"2022-06-13T08:38:29","date_gmt":"2022-06-13T08:38:29","guid":{"rendered":"https:\/\/promochaudiere.be\/produit\/vasco-unite-de-ventilation-c400-avec-commutateur-classe-erp-b\/"},"modified":"2026-02-03T18:16:42","modified_gmt":"2026-02-03T17:16:42","slug":"vasco-unite-de-ventilation-c400-avec-commutateur-classe-erp-b","status":"publish","type":"product","link":"https:\/\/promochaudiere.be\/nl\/product\/vasco-unite-de-ventilation-c400-avec-commutateur-classe-erp-b\/","title":{"rendered":"Vasco unit\u00e9 de ventilation C400 avec commutateur classe erp B"},"content":{"rendered":"<p>Si vous recherchiez quelque chose totalement solide et performant la marque <strong>Vasco<\/strong> vous pr\u00e9sente le ventilateur domestique C400 qui est convient parfaitement pour tout type d\u2019habitation et \u00e9galement pour les applications de r\u00e9novation.<\/p>\n<p>Il vous permet de profiter d\u2019une utilisation en toute s\u00e9curit\u00e9 et confort. En effet, il se pr\u00e9sente par une construction bien soign\u00e9e, et une fabrication en mati\u00e8re d\u2019une qualit\u00e9 remarquable avec une excellente finition qui mettra en \u00e9vidence la robustesse et la r\u00e9sistance.<\/p>","protected":false},"excerpt":{"rendered":"<p><strong>Caract\u00e9ristiques :<\/strong><\/p>\n<ul style=\"list-style-type: disc;\">\n<li>Cat\u00e9gorie : ventilation<\/li>\n<li>Capacit\u00e9 : 400 m3\/h<\/li>\n<\/ul>","protected":false},"featured_media":3323,"comment_status":"open","ping_status":"closed","template":"","meta":[],"product_brand":[],"product_cat":[5521],"product_tag":[],"class_list":{"0":"post-3239","1":"product","2":"type-product","3":"status-publish","4":"has-post-thumbnail","6":"product_cat-unite-de-ventilation","7":"pa_marque-vasco","9":"first","10":"instock","11":"sale","12":"taxable","13":"shipping-taxable","14":"purchasable","15":"product-type-simple"},"aioseo_notices":[],"_links":{"self":[{"href":"https:\/\/promochaudiere.be\/nl\/wp-json\/wp\/v2\/product\/3239","targetHints":{"allow":["GET"]}}],"collection":[{"href":"https:\/\/promochaudiere.be\/nl\/wp-json\/wp\/v2\/product"}],"about":[{"href":"https:\/\/promochaudiere.be\/nl\/wp-json\/wp\/v2\/types\/product"}],"replies":[{"embeddable":true,"href":"https:\/\/promochaudiere.be\/nl\/wp-json\/wp\/v2\/comments?post=3239"}],"version-history":[{"count":0,"href":"https:\/\/promochaudiere.be\/nl\/wp-json\/wp\/v2\/product\/3239\/revisions"}],"wp:featuredmedia":[{"embeddable":true,"href":"https:\/\/promochaudiere.be\/nl\/wp-json\/wp\/v2\/media\/3323"}],"wp:attachment":[{"href":"https:\/\/promochaudiere.be\/nl\/wp-json\/wp\/v2\/media?parent=3239"}],"wp:term":[{"taxonomy":"product_brand","embeddable":true,"href":"https:\/\/promochaudiere.be\/nl\/wp-json\/wp\/v2\/product_brand?post=3239"},{"taxonomy":"product_cat","embeddable":true,"href":"https:\/\/promochaudiere.be\/nl\/wp-json\/wp\/v2\/product_cat?post=3239"},{"taxonomy":"product_tag","embeddable":true,"href":"https:\/\/promochaudiere.be\/nl\/wp-json\/wp\/v2\/product_tag?post=3239"}],"curies":[{"name":"wp","href":"https:\/\/api.w.org\/{rel}","templated":true}]}}