{"id":324,"date":"2022-04-01T15:43:11","date_gmt":"2022-04-01T15:43:11","guid":{"rendered":"https:\/\/promochaudiere.be\/produit\/bulex-boiler-au-sol-fe-120-bm-sans-groupe-de-securite\/"},"modified":"2026-02-03T18:17:08","modified_gmt":"2026-02-03T17:17:08","slug":"bulex-boiler-au-sol-fe-120-bm-sans-groupe-de-securite","status":"publish","type":"product","link":"https:\/\/promochaudiere.be\/nl\/product\/bulex-boiler-au-sol-fe-120-bm-sans-groupe-de-securite\/","title":{"rendered":"Bulex boiler au sol FE 120 BM sans groupe de s\u00e9curit\u00e9"},"content":{"rendered":"<p>Installez chez-vous ce boiler FE 120 BM de la marque Bulex qui permet de disposer d\u2019eau chaude plus rapidement. Il dispose d\u2019une cuve en acier \u00e9maill\u00e9 qui permet de prot\u00e9ger toutes les corrosions.<\/p>\n<p>Sa conception est con\u00e7ue \u00e0 partir de mat\u00e9riau de tr\u00e8s bonne qualit\u00e9 qui assurera une durabilit\u00e9 optimale.<\/p>","protected":false},"excerpt":{"rendered":"<p><strong>Caract\u00e9ristiques\u00a0:<\/strong><\/p>\n<ul>\n<li>Classe \u00e9nerg\u00e9tique\u00a0: B<\/li>\n<li>Capacit\u00e9 : 117 L<\/li>\n<li>Mat\u00e9riau du ballon : \u00c9mail<\/li>\n<li>Hauteur : 853 mm<\/li>\n<li>Largeur : 590 mm<\/li>\n<li>Profondeur : 590 mm<\/li>\n<li>Raccordement sanitaire : 3\/4&Prime;<\/li>\n<li>Raccordement chauffage : 1&Prime;<\/li>\n<\/ul>","protected":false},"featured_media":494,"comment_status":"open","ping_status":"closed","template":"","meta":[],"product_brand":[],"product_cat":[10957],"product_tag":[],"class_list":{"0":"post-324","1":"product","2":"type-product","3":"status-publish","4":"has-post-thumbnail","6":"product_cat-bulex-fr","7":"pa_marque-bulex","9":"first","10":"instock","11":"sale","12":"taxable","13":"shipping-taxable","14":"purchasable","15":"product-type-simple"},"aioseo_notices":[],"_links":{"self":[{"href":"https:\/\/promochaudiere.be\/nl\/wp-json\/wp\/v2\/product\/324","targetHints":{"allow":["GET"]}}],"collection":[{"href":"https:\/\/promochaudiere.be\/nl\/wp-json\/wp\/v2\/product"}],"about":[{"href":"https:\/\/promochaudiere.be\/nl\/wp-json\/wp\/v2\/types\/product"}],"replies":[{"embeddable":true,"href":"https:\/\/promochaudiere.be\/nl\/wp-json\/wp\/v2\/comments?post=324"}],"version-history":[{"count":2,"href":"https:\/\/promochaudiere.be\/nl\/wp-json\/wp\/v2\/product\/324\/revisions"}],"predecessor-version":[{"id":51818,"href":"https:\/\/promochaudiere.be\/nl\/wp-json\/wp\/v2\/product\/324\/revisions\/51818"}],"wp:featuredmedia":[{"embeddable":true,"href":"https:\/\/promochaudiere.be\/nl\/wp-json\/wp\/v2\/media\/494"}],"wp:attachment":[{"href":"https:\/\/promochaudiere.be\/nl\/wp-json\/wp\/v2\/media?parent=324"}],"wp:term":[{"taxonomy":"product_brand","embeddable":true,"href":"https:\/\/promochaudiere.be\/nl\/wp-json\/wp\/v2\/product_brand?post=324"},{"taxonomy":"product_cat","embeddable":true,"href":"https:\/\/promochaudiere.be\/nl\/wp-json\/wp\/v2\/product_cat?post=324"},{"taxonomy":"product_tag","embeddable":true,"href":"https:\/\/promochaudiere.be\/nl\/wp-json\/wp\/v2\/product_tag?post=324"}],"curies":[{"name":"wp","href":"https:\/\/api.w.org\/{rel}","templated":true}]}}