{"id":3245,"date":"2022-06-13T08:38:30","date_gmt":"2022-06-13T08:38:30","guid":{"rendered":"https:\/\/promochaudiere.be\/produit\/zehnder-comfoair-q450-premium-500-m%c2%b3-h\/"},"modified":"2026-02-03T19:40:22","modified_gmt":"2026-02-03T18:40:22","slug":"zehnder-comfoair-q450-premium-500-m%c2%b3-h","status":"publish","type":"product","link":"https:\/\/promochaudiere.be\/nl\/product\/zehnder-comfoair-q450-premium-500-m%c2%b3-h\/","title":{"rendered":"Zehnder ComfoAir Q450 premium &#8211; 500 m\u00b3\/H"},"content":{"rendered":"<p>Si vous chercher \u00e0 profiter d\u2019une utilisation confort et en toute s\u00e9curit\u00e9 ! Installer chez vous le syst\u00e8me <strong>ComfoAir <\/strong>de la marque <strong>Zenhder<\/strong> qui est consid\u00e9r\u00e9 comme la meilleure production disponible sur le march\u00e9.<\/p>\n<p>Silencieux et intelligent avec une consommation \u00e9nerg\u00e9tique particuli\u00e8rement r\u00e9duite cet appareil se pr\u00e9sente par une construction bien soign\u00e9e et une fabriqu\u00e9 en mati\u00e8re ultrasolide qui garantira sans doute une utilisation durable, il se distingue par un design unique qui respire l&rsquo;\u00e9l\u00e9gance.<\/p>\n<p>Cet appareil vous garantit une utilisation tr\u00e8s confort et en toute s\u00e9curit\u00e9, ainsi une installation et un entretien facile.<\/p>","protected":false},"excerpt":{"rendered":"<p><b>Caract\u00e9ristiques :<\/b><\/p>\n<ul style=\"list-style-type: disc;\">\n<li>Cat\u00e9gorie : ventilation<\/li>\n<li>D\u00e9bit d\u2019air : 500m\u00b3\/h \u00e0 200 Pa<\/li>\n<\/ul>","protected":false},"featured_media":3330,"comment_status":"open","ping_status":"closed","template":"","meta":[],"product_brand":[],"product_cat":[2783],"product_tag":[],"class_list":{"0":"post-3245","1":"product","2":"type-product","3":"status-publish","4":"has-post-thumbnail","6":"product_cat-systeme-d-fr","7":"pa_marque-zehnder","9":"first","10":"instock","11":"sale","12":"taxable","13":"shipping-taxable","14":"purchasable","15":"product-type-simple"},"aioseo_notices":[],"_links":{"self":[{"href":"https:\/\/promochaudiere.be\/nl\/wp-json\/wp\/v2\/product\/3245","targetHints":{"allow":["GET"]}}],"collection":[{"href":"https:\/\/promochaudiere.be\/nl\/wp-json\/wp\/v2\/product"}],"about":[{"href":"https:\/\/promochaudiere.be\/nl\/wp-json\/wp\/v2\/types\/product"}],"replies":[{"embeddable":true,"href":"https:\/\/promochaudiere.be\/nl\/wp-json\/wp\/v2\/comments?post=3245"}],"version-history":[{"count":0,"href":"https:\/\/promochaudiere.be\/nl\/wp-json\/wp\/v2\/product\/3245\/revisions"}],"wp:featuredmedia":[{"embeddable":true,"href":"https:\/\/promochaudiere.be\/nl\/wp-json\/wp\/v2\/media\/3330"}],"wp:attachment":[{"href":"https:\/\/promochaudiere.be\/nl\/wp-json\/wp\/v2\/media?parent=3245"}],"wp:term":[{"taxonomy":"product_brand","embeddable":true,"href":"https:\/\/promochaudiere.be\/nl\/wp-json\/wp\/v2\/product_brand?post=3245"},{"taxonomy":"product_cat","embeddable":true,"href":"https:\/\/promochaudiere.be\/nl\/wp-json\/wp\/v2\/product_cat?post=3245"},{"taxonomy":"product_tag","embeddable":true,"href":"https:\/\/promochaudiere.be\/nl\/wp-json\/wp\/v2\/product_tag?post=3245"}],"curies":[{"name":"wp","href":"https:\/\/api.w.org\/{rel}","templated":true}]}}