{"id":3248,"date":"2022-06-13T08:38:31","date_gmt":"2022-06-13T08:38:31","guid":{"rendered":"https:\/\/promochaudiere.be\/produit\/zenhder-stork-groupe-vent-base-g-comfo-300r\/"},"modified":"2026-02-03T19:40:18","modified_gmt":"2026-02-03T18:40:18","slug":"zenhder-stork-groupe-vent-base-g-comfo-300r","status":"publish","type":"product","link":"https:\/\/promochaudiere.be\/nl\/product\/zenhder-stork-groupe-vent-base-g-comfo-300r\/","title":{"rendered":"Zenhder Stork groupe vent base G-comfo 300R"},"content":{"rendered":"<p>Unit\u00e9 de ventilation confort avec alimentation droite. Le fonctionnement est bas\u00e9 sur un interrupteur \u00e0 3 positions, et un d\u00e9bit de 300 m\u00b3 \/ h peut \u00eatre ventil\u00e9 en fonction de la position s\u00e9lectionn\u00e9e. L&rsquo;air passe \u00e0 travers un filtre (type G4) c\u00f4t\u00e9 entr\u00e9e et c\u00f4t\u00e9 sortie.<\/p>","protected":false},"excerpt":{"rendered":"<p>Zenhder Stork groupe vent base G-comfo 300R<\/p>","protected":false},"featured_media":3333,"comment_status":"open","ping_status":"closed","template":"","meta":[],"product_brand":[],"product_cat":[2783],"product_tag":[],"class_list":{"0":"post-3248","1":"product","2":"type-product","3":"status-publish","4":"has-post-thumbnail","6":"product_cat-systeme-d-fr","7":"pa_marque-zehnder","9":"first","10":"instock","11":"sale","12":"taxable","13":"shipping-taxable","14":"purchasable","15":"product-type-simple"},"aioseo_notices":[],"_links":{"self":[{"href":"https:\/\/promochaudiere.be\/nl\/wp-json\/wp\/v2\/product\/3248","targetHints":{"allow":["GET"]}}],"collection":[{"href":"https:\/\/promochaudiere.be\/nl\/wp-json\/wp\/v2\/product"}],"about":[{"href":"https:\/\/promochaudiere.be\/nl\/wp-json\/wp\/v2\/types\/product"}],"replies":[{"embeddable":true,"href":"https:\/\/promochaudiere.be\/nl\/wp-json\/wp\/v2\/comments?post=3248"}],"version-history":[{"count":0,"href":"https:\/\/promochaudiere.be\/nl\/wp-json\/wp\/v2\/product\/3248\/revisions"}],"wp:featuredmedia":[{"embeddable":true,"href":"https:\/\/promochaudiere.be\/nl\/wp-json\/wp\/v2\/media\/3333"}],"wp:attachment":[{"href":"https:\/\/promochaudiere.be\/nl\/wp-json\/wp\/v2\/media?parent=3248"}],"wp:term":[{"taxonomy":"product_brand","embeddable":true,"href":"https:\/\/promochaudiere.be\/nl\/wp-json\/wp\/v2\/product_brand?post=3248"},{"taxonomy":"product_cat","embeddable":true,"href":"https:\/\/promochaudiere.be\/nl\/wp-json\/wp\/v2\/product_cat?post=3248"},{"taxonomy":"product_tag","embeddable":true,"href":"https:\/\/promochaudiere.be\/nl\/wp-json\/wp\/v2\/product_tag?post=3248"}],"curies":[{"name":"wp","href":"https:\/\/api.w.org\/{rel}","templated":true}]}}