{"id":3252,"date":"2022-06-13T08:38:32","date_gmt":"2022-06-13T08:38:32","guid":{"rendered":"https:\/\/promochaudiere.be\/produit\/zihnder-tube-de-ventilation-comfoflat-diametre-51-rouleaux-de-20-metre\/"},"modified":"2026-02-03T19:40:05","modified_gmt":"2026-02-03T18:40:05","slug":"zihnder-tube-de-ventilation-comfoflat-diametre-51-rouleaux-de-20-metre","status":"publish","type":"product","link":"https:\/\/promochaudiere.be\/nl\/product\/zihnder-tube-de-ventilation-comfoflat-diametre-51-rouleaux-de-20-metre\/","title":{"rendered":"Zehnder tube de ventilation comfoFlat diam\u00e8tre 51 rouleaux de 20 m\u00e8tre"},"content":{"rendered":"<p>Le tuyau <strong>ComfoFlat<\/strong> de la marque <strong>Zehnder<\/strong> est se distingue par une construction bien soign\u00e9e \u00e0 base de mat\u00e9riaux ultras solides d\u2019une qualit\u00e9 ultime qui assurera une r\u00e9sistante optimale \u00e0 l&rsquo;\u00e9preuve du temps. Ce tuyau est fait partie du syst\u00e8me de distribution d&rsquo;air peut facilement \u00eatre appliqu\u00e9 et entretenir.<\/p>","protected":false},"excerpt":{"rendered":"<p><strong>Caract\u00e9ristique<\/strong> :<\/p>\n<ul style=\"list-style-type: disc;\">\n<li>Cat\u00e9gorie : accessoires<\/li>\n<li>Application : ventilation<\/li>\n<li>Couleur : gris<\/li>\n<\/ul>","protected":false},"featured_media":3335,"comment_status":"open","ping_status":"closed","template":"","meta":[],"product_brand":[],"product_cat":[10923],"product_tag":[],"class_list":{"0":"post-3252","1":"product","2":"type-product","3":"status-publish","4":"has-post-thumbnail","6":"product_cat-canal-zehnder","7":"pa_marque-zehnder","9":"first","10":"instock","11":"sale","12":"taxable","13":"shipping-taxable","14":"purchasable","15":"product-type-simple"},"aioseo_notices":[],"_links":{"self":[{"href":"https:\/\/promochaudiere.be\/nl\/wp-json\/wp\/v2\/product\/3252","targetHints":{"allow":["GET"]}}],"collection":[{"href":"https:\/\/promochaudiere.be\/nl\/wp-json\/wp\/v2\/product"}],"about":[{"href":"https:\/\/promochaudiere.be\/nl\/wp-json\/wp\/v2\/types\/product"}],"replies":[{"embeddable":true,"href":"https:\/\/promochaudiere.be\/nl\/wp-json\/wp\/v2\/comments?post=3252"}],"version-history":[{"count":0,"href":"https:\/\/promochaudiere.be\/nl\/wp-json\/wp\/v2\/product\/3252\/revisions"}],"wp:featuredmedia":[{"embeddable":true,"href":"https:\/\/promochaudiere.be\/nl\/wp-json\/wp\/v2\/media\/3335"}],"wp:attachment":[{"href":"https:\/\/promochaudiere.be\/nl\/wp-json\/wp\/v2\/media?parent=3252"}],"wp:term":[{"taxonomy":"product_brand","embeddable":true,"href":"https:\/\/promochaudiere.be\/nl\/wp-json\/wp\/v2\/product_brand?post=3252"},{"taxonomy":"product_cat","embeddable":true,"href":"https:\/\/promochaudiere.be\/nl\/wp-json\/wp\/v2\/product_cat?post=3252"},{"taxonomy":"product_tag","embeddable":true,"href":"https:\/\/promochaudiere.be\/nl\/wp-json\/wp\/v2\/product_tag?post=3252"}],"curies":[{"name":"wp","href":"https:\/\/api.w.org\/{rel}","templated":true}]}}