{"id":3780,"date":"2022-06-14T11:18:26","date_gmt":"2022-06-14T11:18:26","guid":{"rendered":"https:\/\/promochaudiere.be\/produit\/radson-radiateur-compact-type-33-hauteur-900-longueur-2250-puissance-7902w\/"},"modified":"2025-12-09T16:59:35","modified_gmt":"2025-12-09T16:59:35","slug":"radson-radiateur-compact-type-33-hauteur-900-longueur-2250-puissance-7902w","status":"publish","type":"product","link":"https:\/\/promochaudiere.be\/nl\/product\/radson-radiateur-compact-type-33-hauteur-900-longueur-2250-puissance-7902w\/","title":{"rendered":"Radson radiateur Compact type 33 hauteur 900 longueur 2250 puissance 7902w"},"content":{"rendered":"<p>Les radiateurs Compact de la marque Radson sont fabriqu\u00e9 en t\u00f4le d\u2019acier de haute qualit\u00e9, lamin\u00e9e \u00e0 froid DC 01A.<\/p>\n<p>La face avant est reconnaissable \u00e0 ses canaux d\u2019eau chaude arrondis et larges qui forment un profil ininterrompu.<\/p>\n<p>Les coins du radiateur sont arrondis.<\/p>\n<p>Sur la face arri\u00e8re du radiateur ont \u00e9t\u00e9 soud\u00e9es 4 ou 6 pattes de fixation (en fonction de la longueur du radiateur). 2 ou 3 consoles \u201dMCW-5\u201d sont fournies dans l\u2019emballage.<\/p>\n<p>Tuyauterie: standard externe<\/p>\n<p>Raccordement: 4 x G 1\/2\u201d<\/p>\n<p>Montage: 4 \u00e0 6 pattes de fixation soud\u00e9es au dos du radiateur.<\/p>\n<p>Les radiateurs Radson sont garantis pour un d\u00e9lai de 10 ans.<\/p>","protected":false},"excerpt":{"rendered":"<p><strong>Caract\u00e9ristiques:<\/strong><\/p>\n<ul>\n<li>Type: 33<\/li>\n<li>Hauteur: 900<\/li>\n<li>Longueur: 2250<\/li>\n<li>Puissance: 7902<\/li>\n<\/ul>","protected":false},"featured_media":5215,"comment_status":"open","ping_status":"closed","template":"","meta":[],"product_brand":[],"product_cat":[10849],"product_tag":[],"class_list":{"0":"post-3780","1":"product","2":"type-product","3":"status-publish","4":"has-post-thumbnail","6":"product_cat-compact","7":"pa_marque-radson","9":"first","10":"instock","11":"sale","12":"taxable","13":"shipping-taxable","14":"purchasable","15":"product-type-simple"},"aioseo_notices":[],"_links":{"self":[{"href":"https:\/\/promochaudiere.be\/nl\/wp-json\/wp\/v2\/product\/3780","targetHints":{"allow":["GET"]}}],"collection":[{"href":"https:\/\/promochaudiere.be\/nl\/wp-json\/wp\/v2\/product"}],"about":[{"href":"https:\/\/promochaudiere.be\/nl\/wp-json\/wp\/v2\/types\/product"}],"replies":[{"embeddable":true,"href":"https:\/\/promochaudiere.be\/nl\/wp-json\/wp\/v2\/comments?post=3780"}],"version-history":[{"count":1,"href":"https:\/\/promochaudiere.be\/nl\/wp-json\/wp\/v2\/product\/3780\/revisions"}],"predecessor-version":[{"id":50784,"href":"https:\/\/promochaudiere.be\/nl\/wp-json\/wp\/v2\/product\/3780\/revisions\/50784"}],"wp:featuredmedia":[{"embeddable":true,"href":"https:\/\/promochaudiere.be\/nl\/wp-json\/wp\/v2\/media\/5215"}],"wp:attachment":[{"href":"https:\/\/promochaudiere.be\/nl\/wp-json\/wp\/v2\/media?parent=3780"}],"wp:term":[{"taxonomy":"product_brand","embeddable":true,"href":"https:\/\/promochaudiere.be\/nl\/wp-json\/wp\/v2\/product_brand?post=3780"},{"taxonomy":"product_cat","embeddable":true,"href":"https:\/\/promochaudiere.be\/nl\/wp-json\/wp\/v2\/product_cat?post=3780"},{"taxonomy":"product_tag","embeddable":true,"href":"https:\/\/promochaudiere.be\/nl\/wp-json\/wp\/v2\/product_tag?post=3780"}],"curies":[{"name":"wp","href":"https:\/\/api.w.org\/{rel}","templated":true}]}}