{"id":3867,"date":"2022-06-14T11:18:50","date_gmt":"2022-06-14T11:18:50","guid":{"rendered":"https:\/\/promochaudiere.be\/produit\/radson-radiateur-e-flow-integra-type-21s-hauteur-400-longueur-1200-puissance-1195w-gauche\/"},"modified":"2025-12-09T16:58:30","modified_gmt":"2025-12-09T16:58:30","slug":"radson-radiateur-e-flow-integra-type-21s-hauteur-400-longueur-1200-puissance-1195w-gauche","status":"publish","type":"product","link":"https:\/\/promochaudiere.be\/nl\/product\/radson-radiateur-e-flow-integra-type-21s-hauteur-400-longueur-1200-puissance-1195w-gauche\/","title":{"rendered":"Radson radiateur E.Flow Integra type 21S hauteur 400 longueur 1200 puissance 1195w gauche"},"content":{"rendered":"<p>Radiateur E-flow Integra de la marque Radson \u00e0 robinetterie int\u00e9gr\u00e9e et 8 raccordements, dont deux au centre. Il offre ainsi non seulement une flexibilit\u00e9 maximale, mais \u00e9galement un rendement thermique optimal garanti. Ce radiateur a\u00a0 une finition avec une belle grille sup\u00e9rieure et deux parois lat\u00e9rales soign\u00e9es ainsi que des consoles de fixation \u00e9galement dissimul\u00e9es derri\u00e8re le radiateur.<\/p>\n<p>Tuyauterie :<\/p>\n<p>Int\u00e9gr\u00e9 \u00e0 droite (\u00e0 gauche sur demande) corps de vanne thermostatisable \u00e0 Kv r\u00e9glable est mont\u00e9 en usine ainsi que le purgeur et 6 bouchons pleins<\/p>\n<p>Raccordement :<\/p>\n<ul style=\"list-style-type: disc;\">\n<li>2 x G 1\/2\u201d en bas \u00e0 droite ou \u00e0 gauche, obtur\u00e9s avec 2 bouchons femelles SW 12<\/li>\n<li>2 x G 3\/4\u201d Euroconus au centre, ferm\u00e9s avec 2 bouchons pleins SW 30<\/li>\n<li>4 x G 1\/2\u201d lat\u00e9ral gauche et droite, ferm\u00e9 dans le haut par 1 purgeur et 1 corps de vanne, dans le bas par 2 bouchons pleins SW 22<\/li>\n<\/ul>\n<p>Montage :<\/p>\n<p>4 \u00e0 6 pattes de fixation soud\u00e9es au dos du radiateur<\/p>","protected":false},"excerpt":{"rendered":"<p><strong>Caract\u00e9ristiques:<\/strong><\/p>\n<ul>\n<li>Type: 21S<\/li>\n<li>Hauteur: 400<\/li>\n<li>Longueur: 1200<\/li>\n<li>Puissance: 1195w<\/li>\n<\/ul>","protected":false},"featured_media":5216,"comment_status":"open","ping_status":"closed","template":"","meta":[],"product_brand":[],"product_cat":[10841],"product_tag":[],"class_list":{"0":"post-3867","1":"product","2":"type-product","3":"status-publish","4":"has-post-thumbnail","6":"product_cat-e-flow-integra","7":"pa_marque-radson","9":"first","10":"instock","11":"sale","12":"taxable","13":"shipping-taxable","14":"purchasable","15":"product-type-simple"},"aioseo_notices":[],"_links":{"self":[{"href":"https:\/\/promochaudiere.be\/nl\/wp-json\/wp\/v2\/product\/3867","targetHints":{"allow":["GET"]}}],"collection":[{"href":"https:\/\/promochaudiere.be\/nl\/wp-json\/wp\/v2\/product"}],"about":[{"href":"https:\/\/promochaudiere.be\/nl\/wp-json\/wp\/v2\/types\/product"}],"replies":[{"embeddable":true,"href":"https:\/\/promochaudiere.be\/nl\/wp-json\/wp\/v2\/comments?post=3867"}],"version-history":[{"count":1,"href":"https:\/\/promochaudiere.be\/nl\/wp-json\/wp\/v2\/product\/3867\/revisions"}],"predecessor-version":[{"id":50701,"href":"https:\/\/promochaudiere.be\/nl\/wp-json\/wp\/v2\/product\/3867\/revisions\/50701"}],"wp:featuredmedia":[{"embeddable":true,"href":"https:\/\/promochaudiere.be\/nl\/wp-json\/wp\/v2\/media\/5216"}],"wp:attachment":[{"href":"https:\/\/promochaudiere.be\/nl\/wp-json\/wp\/v2\/media?parent=3867"}],"wp:term":[{"taxonomy":"product_brand","embeddable":true,"href":"https:\/\/promochaudiere.be\/nl\/wp-json\/wp\/v2\/product_brand?post=3867"},{"taxonomy":"product_cat","embeddable":true,"href":"https:\/\/promochaudiere.be\/nl\/wp-json\/wp\/v2\/product_cat?post=3867"},{"taxonomy":"product_tag","embeddable":true,"href":"https:\/\/promochaudiere.be\/nl\/wp-json\/wp\/v2\/product_tag?post=3867"}],"curies":[{"name":"wp","href":"https:\/\/api.w.org\/{rel}","templated":true}]}}