{"id":580,"date":"2022-04-06T12:54:16","date_gmt":"2022-04-06T12:54:16","guid":{"rendered":"https:\/\/promochaudiere.be\/produit\/bulex-boiler-electrique-sdc-150-2v-tri-2400-w\/"},"modified":"2025-12-09T17:12:12","modified_gmt":"2025-12-09T17:12:12","slug":"bulex-boiler-electrique-sdc-150-2v-tri-2400-w","status":"publish","type":"product","link":"https:\/\/promochaudiere.be\/nl\/product\/bulex-boiler-electrique-sdc-150-2v-tri-2400-w\/","title":{"rendered":"Bulex boiler \u00e9lectrique SDC 150\/2V tri 2400 W"},"content":{"rendered":"<p>Ce boiler \u00e9lectrique de la marque Bulex est la solution parfaite pour profiter rapidement d\u2019une eau chaude dans votre cuisine ou votre salle de bain. Sa forme ad\u00e9quate lui permet de s&rsquo;adapter parfaitement dans tout type d&rsquo;int\u00e9rieur.<\/p>\n<p>Sa conception est con\u00e7ue \u00e0 partir de mat\u00e9riau de tr\u00e8s bonne qualit\u00e9 qui assurera une durabilit\u00e9 optimale.<\/p>","protected":false},"excerpt":{"rendered":"<p><strong>Caract\u00e9ristiques\u00a0:<\/strong><\/p>\n<ul>\n<li>Classe \u00e9nerg\u00e9tique\u00a0: C<\/li>\n<li>Puissance\u00a0: 2,4 KW<\/li>\n<li>Capacit\u00e9 : 150 L<\/li>\n<li>Mat\u00e9riau du ballon : Acier<\/li>\n<li>Hauteur : 1205 mm<\/li>\n<li>Diam\u00e8tre : 515 mm<\/li>\n<li>Alimentation \u00e9lectrique\u00a0: 230 V<\/li>\n<li>Profil de puisage\u00a0: L<\/li>\n<li>Raccordement sanitaire : 3\/4&Prime;<\/li>\n<\/ul>","protected":false},"featured_media":806,"comment_status":"open","ping_status":"closed","template":"","meta":[],"product_brand":[],"product_cat":[540],"product_tag":[],"class_list":{"0":"post-580","1":"product","2":"type-product","3":"status-publish","4":"has-post-thumbnail","6":"product_cat-boiler-bulex","7":"pa_marque-bulex","9":"first","10":"instock","11":"sale","12":"taxable","13":"shipping-taxable","14":"purchasable","15":"product-type-simple"},"aioseo_notices":[],"_links":{"self":[{"href":"https:\/\/promochaudiere.be\/nl\/wp-json\/wp\/v2\/product\/580","targetHints":{"allow":["GET"]}}],"collection":[{"href":"https:\/\/promochaudiere.be\/nl\/wp-json\/wp\/v2\/product"}],"about":[{"href":"https:\/\/promochaudiere.be\/nl\/wp-json\/wp\/v2\/types\/product"}],"replies":[{"embeddable":true,"href":"https:\/\/promochaudiere.be\/nl\/wp-json\/wp\/v2\/comments?post=580"}],"version-history":[{"count":1,"href":"https:\/\/promochaudiere.be\/nl\/wp-json\/wp\/v2\/product\/580\/revisions"}],"predecessor-version":[{"id":51778,"href":"https:\/\/promochaudiere.be\/nl\/wp-json\/wp\/v2\/product\/580\/revisions\/51778"}],"wp:featuredmedia":[{"embeddable":true,"href":"https:\/\/promochaudiere.be\/nl\/wp-json\/wp\/v2\/media\/806"}],"wp:attachment":[{"href":"https:\/\/promochaudiere.be\/nl\/wp-json\/wp\/v2\/media?parent=580"}],"wp:term":[{"taxonomy":"product_brand","embeddable":true,"href":"https:\/\/promochaudiere.be\/nl\/wp-json\/wp\/v2\/product_brand?post=580"},{"taxonomy":"product_cat","embeddable":true,"href":"https:\/\/promochaudiere.be\/nl\/wp-json\/wp\/v2\/product_cat?post=580"},{"taxonomy":"product_tag","embeddable":true,"href":"https:\/\/promochaudiere.be\/nl\/wp-json\/wp\/v2\/product_tag?post=580"}],"curies":[{"name":"wp","href":"https:\/\/api.w.org\/{rel}","templated":true}]}}