{"id":581,"date":"2022-04-06T12:54:16","date_gmt":"2022-04-06T12:54:16","guid":{"rendered":"https:\/\/promochaudiere.be\/produit\/bulex-boiler-electrique-steatite-sdc-50-2-mural-vertical-1200w-mono-erp-c-tap-m\/"},"modified":"2025-12-09T17:12:13","modified_gmt":"2025-12-09T17:12:13","slug":"bulex-boiler-electrique-steatite-sdc-50-2-mural-vertical-1200w-mono-erp-c-tap-m","status":"publish","type":"product","link":"https:\/\/promochaudiere.be\/nl\/product\/bulex-boiler-electrique-steatite-sdc-50-2-mural-vertical-1200w-mono-erp-c-tap-m\/","title":{"rendered":"Bulex boiler \u00e9lectrique st\u00e9atite SDC 50\/2 mural vertical 1200W mono ERP C TAP M"},"content":{"rendered":"<p>Pour profiter rapidement d\u2019une eau chaude, nous mettons \u00e0 votre disposition ce boiler \u00e9lectrique de la marque Bulex qui ira parfaitement \u00e0 vos exigences. Sa forme ad\u00e9quate lui permet de s&rsquo;adapter parfaitement dans tout type d&rsquo;int\u00e9rieur.<\/p>\n<p>Sa conception est con\u00e7ue \u00e0 partir de mat\u00e9riau de tr\u00e8s bonne qualit\u00e9 qui assurera une durabilit\u00e9 optimale.<\/p>","protected":false},"excerpt":{"rendered":"<p><strong>Caract\u00e9ristiques\u00a0:<\/strong><\/p>\n<ul>\n<li>Classe \u00e9nerg\u00e9tique\u00a0: C<\/li>\n<li>Puissance\u00a0: 1,2 KW<\/li>\n<li>Capacit\u00e9 : 50 L<\/li>\n<li>Mat\u00e9riau du ballon : Acier<\/li>\n<li>Hauteur : 730 mm<\/li>\n<li>Diam\u00e8tre : 410 mm<\/li>\n<li>Alimentation \u00e9lectrique\u00a0: 230 V<\/li>\n<li>Profil de puisage\u00a0: M<\/li>\n<li>Raccordement sanitaire : 1\/2&Prime;<\/li>\n<\/ul>","protected":false},"featured_media":1925,"comment_status":"open","ping_status":"closed","template":"","meta":[],"product_brand":[],"product_cat":[540],"product_tag":[],"class_list":{"0":"post-581","1":"product","2":"type-product","3":"status-publish","4":"has-post-thumbnail","6":"product_cat-boiler-bulex","7":"pa_marque-bulex","9":"first","10":"instock","11":"sale","12":"taxable","13":"shipping-taxable","14":"purchasable","15":"product-type-simple"},"aioseo_notices":[],"_links":{"self":[{"href":"https:\/\/promochaudiere.be\/nl\/wp-json\/wp\/v2\/product\/581","targetHints":{"allow":["GET"]}}],"collection":[{"href":"https:\/\/promochaudiere.be\/nl\/wp-json\/wp\/v2\/product"}],"about":[{"href":"https:\/\/promochaudiere.be\/nl\/wp-json\/wp\/v2\/types\/product"}],"replies":[{"embeddable":true,"href":"https:\/\/promochaudiere.be\/nl\/wp-json\/wp\/v2\/comments?post=581"}],"version-history":[{"count":1,"href":"https:\/\/promochaudiere.be\/nl\/wp-json\/wp\/v2\/product\/581\/revisions"}],"predecessor-version":[{"id":51779,"href":"https:\/\/promochaudiere.be\/nl\/wp-json\/wp\/v2\/product\/581\/revisions\/51779"}],"wp:featuredmedia":[{"embeddable":true,"href":"https:\/\/promochaudiere.be\/nl\/wp-json\/wp\/v2\/media\/1925"}],"wp:attachment":[{"href":"https:\/\/promochaudiere.be\/nl\/wp-json\/wp\/v2\/media?parent=581"}],"wp:term":[{"taxonomy":"product_brand","embeddable":true,"href":"https:\/\/promochaudiere.be\/nl\/wp-json\/wp\/v2\/product_brand?post=581"},{"taxonomy":"product_cat","embeddable":true,"href":"https:\/\/promochaudiere.be\/nl\/wp-json\/wp\/v2\/product_cat?post=581"},{"taxonomy":"product_tag","embeddable":true,"href":"https:\/\/promochaudiere.be\/nl\/wp-json\/wp\/v2\/product_tag?post=581"}],"curies":[{"name":"wp","href":"https:\/\/api.w.org\/{rel}","templated":true}]}}