{"id":589,"date":"2022-04-06T12:54:16","date_gmt":"2022-04-06T12:54:16","guid":{"rendered":"https:\/\/promochaudiere.be\/produit\/bulex-boiler-electrique-rbk-10s-10l-2000w-sous-evier-erp-b-tap-xxs\/"},"modified":"2026-02-03T18:16:30","modified_gmt":"2026-02-03T17:16:30","slug":"bulex-boiler-electrique-rbk-10s-10l-2000w-sous-evier-erp-b-tap-xxs","status":"publish","type":"product","link":"https:\/\/promochaudiere.be\/nl\/product\/bulex-boiler-electrique-rbk-10s-10l-2000w-sous-evier-erp-b-tap-xxs\/","title":{"rendered":"Bulex boiler \u00e9lectrique RBK 10S 10L 2000W sous \u00e9vier ERP B TAP XXS"},"content":{"rendered":"<p>Pour profiter rapidement d\u2019une eau chaude, nous mettons \u00e0 votre disposition ce boiler \u00e9lectrique de la marque Bulex qui ira parfaitement \u00e0 vos exigences. Il s\u2019installe en dessous du l\u2019\u00e9vier.<\/p>\n<p>Sa conception est con\u00e7ue \u00e0 partir de mat\u00e9riau de tr\u00e8s bonne qualit\u00e9 qui assurera une durabilit\u00e9 optimale.<\/p>","protected":false},"excerpt":{"rendered":"<p><strong>Caract\u00e9ristiques\u00a0:<\/strong><\/p>\n<ul>\n<li>Classe \u00e9nerg\u00e9tique\u00a0: B<\/li>\n<li>Puissance\u00a0: 2 KW<\/li>\n<li>Capacit\u00e9 : 10 L<\/li>\n<li>Mat\u00e9riau du ballon : Email<\/li>\n<li>Hauteur : 456 mm<\/li>\n<li>Diam\u00e8tre : 255 mm<\/li>\n<li>Alimentation \u00e9lectrique\u00a0: 230 V<\/li>\n<li>Profil de puisage\u00a0: XXS<\/li>\n<li>Raccordement sanitaire : 1\/2&Prime;<\/li>\n<\/ul>","protected":false},"featured_media":824,"comment_status":"open","ping_status":"closed","template":"","meta":[],"product_brand":[],"product_cat":[540],"product_tag":[],"class_list":{"0":"post-589","1":"product","2":"type-product","3":"status-publish","4":"has-post-thumbnail","6":"product_cat-boiler-bulex","7":"pa_marque-bulex","9":"first","10":"instock","11":"sale","12":"taxable","13":"shipping-taxable","14":"purchasable","15":"product-type-simple"},"aioseo_notices":[],"_links":{"self":[{"href":"https:\/\/promochaudiere.be\/nl\/wp-json\/wp\/v2\/product\/589","targetHints":{"allow":["GET"]}}],"collection":[{"href":"https:\/\/promochaudiere.be\/nl\/wp-json\/wp\/v2\/product"}],"about":[{"href":"https:\/\/promochaudiere.be\/nl\/wp-json\/wp\/v2\/types\/product"}],"replies":[{"embeddable":true,"href":"https:\/\/promochaudiere.be\/nl\/wp-json\/wp\/v2\/comments?post=589"}],"version-history":[{"count":1,"href":"https:\/\/promochaudiere.be\/nl\/wp-json\/wp\/v2\/product\/589\/revisions"}],"predecessor-version":[{"id":51787,"href":"https:\/\/promochaudiere.be\/nl\/wp-json\/wp\/v2\/product\/589\/revisions\/51787"}],"wp:featuredmedia":[{"embeddable":true,"href":"https:\/\/promochaudiere.be\/nl\/wp-json\/wp\/v2\/media\/824"}],"wp:attachment":[{"href":"https:\/\/promochaudiere.be\/nl\/wp-json\/wp\/v2\/media?parent=589"}],"wp:term":[{"taxonomy":"product_brand","embeddable":true,"href":"https:\/\/promochaudiere.be\/nl\/wp-json\/wp\/v2\/product_brand?post=589"},{"taxonomy":"product_cat","embeddable":true,"href":"https:\/\/promochaudiere.be\/nl\/wp-json\/wp\/v2\/product_cat?post=589"},{"taxonomy":"product_tag","embeddable":true,"href":"https:\/\/promochaudiere.be\/nl\/wp-json\/wp\/v2\/product_tag?post=589"}],"curies":[{"name":"wp","href":"https:\/\/api.w.org\/{rel}","templated":true}]}}