{"id":590,"date":"2022-04-06T12:54:16","date_gmt":"2022-04-06T12:54:16","guid":{"rendered":"https:\/\/promochaudiere.be\/produit\/bulex-chauffe-bain-opalia-c11-i2e-avec-raccordement-cheminee-allumage-automatique\/"},"modified":"2026-02-03T18:17:10","modified_gmt":"2026-02-03T17:17:10","slug":"bulex-chauffe-bain-opalia-c11-i2e-avec-raccordement-cheminee-allumage-automatique","status":"publish","type":"product","link":"https:\/\/promochaudiere.be\/nl\/product\/bulex-chauffe-bain-opalia-c11-i2e-avec-raccordement-cheminee-allumage-automatique\/","title":{"rendered":"Bulex chauffe-bain OPALIA C11 I2E avec raccordement chemin\u00e9e + allumage automatique"},"content":{"rendered":"<p>Nous vous recommandons d\u2019installer ce chauffe-bain Opalia de la marque Bulex de qualit\u00e9 et de bon prix. Il assure uniquement la production de l\u2019eau chaude instantan\u00e9e.<\/p>\n<p>Opalia vous offre un haut confort d\u2019eau chaude \u00e0 partir de 11 allant jusqu&rsquo;\u00e0 17 litres par minute.<\/p>\n<p>Sa structure est con\u00e7ue \u00e0 partir d\u2019une mati\u00e8re de premi\u00e8re qualit\u00e9 qui propose une durabilit\u00e9 optimale.<\/p>","protected":false},"excerpt":{"rendered":"<p><strong>Caract\u00e9ristiques\u00a0:<\/strong><\/p>\n<ul>\n<li>Classe \u00e9nerg\u00e9tique\u00a0: A<\/li>\n<li>Puissance\u00a0: 18,1 KW<\/li>\n<li>Profil de puisage\u00a0: M<\/li>\n<\/ul>","protected":false},"featured_media":825,"comment_status":"open","ping_status":"closed","template":"","meta":[],"product_brand":[],"product_cat":[526],"product_tag":[],"class_list":{"0":"post-590","1":"product","2":"type-product","3":"status-publish","4":"has-post-thumbnail","6":"product_cat-chauffe-bain-bulex-fr","7":"pa_marque-bulex","9":"first","10":"instock","11":"sale","12":"taxable","13":"shipping-taxable","14":"purchasable","15":"product-type-simple"},"aioseo_notices":[],"_links":{"self":[{"href":"https:\/\/promochaudiere.be\/nl\/wp-json\/wp\/v2\/product\/590","targetHints":{"allow":["GET"]}}],"collection":[{"href":"https:\/\/promochaudiere.be\/nl\/wp-json\/wp\/v2\/product"}],"about":[{"href":"https:\/\/promochaudiere.be\/nl\/wp-json\/wp\/v2\/types\/product"}],"replies":[{"embeddable":true,"href":"https:\/\/promochaudiere.be\/nl\/wp-json\/wp\/v2\/comments?post=590"}],"version-history":[{"count":1,"href":"https:\/\/promochaudiere.be\/nl\/wp-json\/wp\/v2\/product\/590\/revisions"}],"predecessor-version":[{"id":51788,"href":"https:\/\/promochaudiere.be\/nl\/wp-json\/wp\/v2\/product\/590\/revisions\/51788"}],"wp:featuredmedia":[{"embeddable":true,"href":"https:\/\/promochaudiere.be\/nl\/wp-json\/wp\/v2\/media\/825"}],"wp:attachment":[{"href":"https:\/\/promochaudiere.be\/nl\/wp-json\/wp\/v2\/media?parent=590"}],"wp:term":[{"taxonomy":"product_brand","embeddable":true,"href":"https:\/\/promochaudiere.be\/nl\/wp-json\/wp\/v2\/product_brand?post=590"},{"taxonomy":"product_cat","embeddable":true,"href":"https:\/\/promochaudiere.be\/nl\/wp-json\/wp\/v2\/product_cat?post=590"},{"taxonomy":"product_tag","embeddable":true,"href":"https:\/\/promochaudiere.be\/nl\/wp-json\/wp\/v2\/product_tag?post=590"}],"curies":[{"name":"wp","href":"https:\/\/api.w.org\/{rel}","templated":true}]}}