{"id":596,"date":"2022-04-06T12:54:16","date_gmt":"2022-04-06T12:54:16","guid":{"rendered":"https:\/\/promochaudiere.be\/produit\/bulex-chauffe-bain-opalia-f17-1-lrt-low-nox-gaz-naturel\/"},"modified":"2026-02-03T18:17:16","modified_gmt":"2026-02-03T17:17:16","slug":"bulex-chauffe-bain-opalia-f17-1-lrt-low-nox-gaz-naturel","status":"publish","type":"product","link":"https:\/\/promochaudiere.be\/nl\/product\/bulex-chauffe-bain-opalia-f17-1-lrt-low-nox-gaz-naturel\/","title":{"rendered":"Bulex chauffe-bain OPALIA F17\/1 LRT low nox gaz naturel"},"content":{"rendered":"<p>Nous mettons \u00e0 votre disposition ce chauffe-bain Opalia F de la marque Bulex qui se caract\u00e9rise par un design compact.<\/p>\n<p>Opalia F assure uniquement la production de l\u2019eau chaude instantan\u00e9e. Il est dot\u00e9 d&rsquo;un \u00e9cran digital qui affiche la temp\u00e9rature souhait\u00e9e.<\/p>\n<p>Sa structure est con\u00e7ue \u00e0 partir d\u2019une mati\u00e8re de premi\u00e8re qualit\u00e9 qui propose une durabilit\u00e9 optimale.<\/p>","protected":false},"excerpt":{"rendered":"<p>Bulex chauffe-bain OPALIA F17\/1 LRT low nox gaz naturel<\/p>","protected":false},"featured_media":833,"comment_status":"open","ping_status":"closed","template":"","meta":[],"product_brand":[],"product_cat":[526],"product_tag":[],"class_list":{"0":"post-596","1":"product","2":"type-product","3":"status-publish","4":"has-post-thumbnail","6":"product_cat-chauffe-bain-bulex-fr","7":"pa_marque-bulex","9":"first","10":"instock","11":"sale","12":"taxable","13":"shipping-taxable","14":"purchasable","15":"product-type-simple"},"aioseo_notices":[],"_links":{"self":[{"href":"https:\/\/promochaudiere.be\/nl\/wp-json\/wp\/v2\/product\/596","targetHints":{"allow":["GET"]}}],"collection":[{"href":"https:\/\/promochaudiere.be\/nl\/wp-json\/wp\/v2\/product"}],"about":[{"href":"https:\/\/promochaudiere.be\/nl\/wp-json\/wp\/v2\/types\/product"}],"replies":[{"embeddable":true,"href":"https:\/\/promochaudiere.be\/nl\/wp-json\/wp\/v2\/comments?post=596"}],"version-history":[{"count":1,"href":"https:\/\/promochaudiere.be\/nl\/wp-json\/wp\/v2\/product\/596\/revisions"}],"predecessor-version":[{"id":51794,"href":"https:\/\/promochaudiere.be\/nl\/wp-json\/wp\/v2\/product\/596\/revisions\/51794"}],"wp:featuredmedia":[{"embeddable":true,"href":"https:\/\/promochaudiere.be\/nl\/wp-json\/wp\/v2\/media\/833"}],"wp:attachment":[{"href":"https:\/\/promochaudiere.be\/nl\/wp-json\/wp\/v2\/media?parent=596"}],"wp:term":[{"taxonomy":"product_brand","embeddable":true,"href":"https:\/\/promochaudiere.be\/nl\/wp-json\/wp\/v2\/product_brand?post=596"},{"taxonomy":"product_cat","embeddable":true,"href":"https:\/\/promochaudiere.be\/nl\/wp-json\/wp\/v2\/product_cat?post=596"},{"taxonomy":"product_tag","embeddable":true,"href":"https:\/\/promochaudiere.be\/nl\/wp-json\/wp\/v2\/product_tag?post=596"}],"curies":[{"name":"wp","href":"https:\/\/api.w.org\/{rel}","templated":true}]}}