{"id":597,"date":"2022-04-06T12:54:17","date_gmt":"2022-04-06T12:54:17","guid":{"rendered":"https:\/\/promochaudiere.be\/produit\/vaillant-chauffe-eau-turbomag-145-1-t-e-be-14l-gaz-naturel\/"},"modified":"2026-02-03T19:40:15","modified_gmt":"2026-02-03T18:40:15","slug":"vaillant-chauffe-eau-turbomag-145-1-t-e-be-14l-gaz-naturel","status":"publish","type":"product","link":"https:\/\/promochaudiere.be\/nl\/product\/vaillant-chauffe-eau-turbomag-145-1-t-e-be-14l-gaz-naturel\/","title":{"rendered":"Vaillant chauffe-eau TURBOMAG 145\/1 T (E-BE) 14L gaz naturel"},"content":{"rendered":"<p>Nous mettons \u00e0 votre disposition ce chauffe-eau Turbomag 145\/1 T F de la marque Vaillant qui se caract\u00e9rise par un design compact.<\/p>\n<p>Gr\u00e2ce \u00e0 son fonctionnement au gaz, ce Turbomag assure automatiquement la production de l\u2019eau chaude. Il est dot\u00e9 d&rsquo;un \u00e9cran digital qui affiche la temp\u00e9rature souhait\u00e9e.<\/p>\n<p>Sa structure est con\u00e7ue \u00e0 partir d\u2019une mati\u00e8re de premi\u00e8re qualit\u00e9 qui propose une durabilit\u00e9 optimale.<\/p>","protected":false},"excerpt":{"rendered":"<p><strong>Caract\u00e9ristiques\u00a0:<\/strong><\/p>\n<ul>\n<li>Classe \u00e9nerg\u00e9tique\u00a0: A<\/li>\n<li>Profil de puisage sanitaire\u00a0: L<\/li>\n<li>Puissance\u00a0: 8,3 &#8230; 23,2 KW<\/li>\n<li>Hauteur\u00a0: 682 mm<\/li>\n<li>Largeur\u00a0: 352 mm<\/li>\n<li>Profondeur\u00a0: 266 mm<\/li>\n<li>Alimentation \u00e9lectrique\u00a0: 230 V\/50 Hz<\/li>\n<li>Puissance \u00e9lectrique absorb\u00e9e\u00a0: 43 W<\/li>\n<li>Classe de protection\u00a0: IPX5<\/li>\n<\/ul>","protected":false},"featured_media":834,"comment_status":"open","ping_status":"closed","template":"","meta":[],"product_brand":[],"product_cat":[528],"product_tag":[],"class_list":{"0":"post-597","1":"product","2":"type-product","3":"status-publish","4":"has-post-thumbnail","6":"product_cat-chauffe-bain-vaillant-fr","7":"pa_marque-vaillant","9":"first","10":"instock","11":"sale","12":"taxable","13":"shipping-taxable","14":"purchasable","15":"product-type-simple"},"aioseo_notices":[],"_links":{"self":[{"href":"https:\/\/promochaudiere.be\/nl\/wp-json\/wp\/v2\/product\/597","targetHints":{"allow":["GET"]}}],"collection":[{"href":"https:\/\/promochaudiere.be\/nl\/wp-json\/wp\/v2\/product"}],"about":[{"href":"https:\/\/promochaudiere.be\/nl\/wp-json\/wp\/v2\/types\/product"}],"replies":[{"embeddable":true,"href":"https:\/\/promochaudiere.be\/nl\/wp-json\/wp\/v2\/comments?post=597"}],"version-history":[{"count":0,"href":"https:\/\/promochaudiere.be\/nl\/wp-json\/wp\/v2\/product\/597\/revisions"}],"wp:featuredmedia":[{"embeddable":true,"href":"https:\/\/promochaudiere.be\/nl\/wp-json\/wp\/v2\/media\/834"}],"wp:attachment":[{"href":"https:\/\/promochaudiere.be\/nl\/wp-json\/wp\/v2\/media?parent=597"}],"wp:term":[{"taxonomy":"product_brand","embeddable":true,"href":"https:\/\/promochaudiere.be\/nl\/wp-json\/wp\/v2\/product_brand?post=597"},{"taxonomy":"product_cat","embeddable":true,"href":"https:\/\/promochaudiere.be\/nl\/wp-json\/wp\/v2\/product_cat?post=597"},{"taxonomy":"product_tag","embeddable":true,"href":"https:\/\/promochaudiere.be\/nl\/wp-json\/wp\/v2\/product_tag?post=597"}],"curies":[{"name":"wp","href":"https:\/\/api.w.org\/{rel}","templated":true}]}}