{"id":599,"date":"2022-04-06T12:54:17","date_gmt":"2022-04-06T12:54:17","guid":{"rendered":"https:\/\/promochaudiere.be\/produit\/vaillant-chauffe-bain-atmomag-11-i2e-avec-raccordement-cheminee-allumage-automatique-gaz-naturel\/"},"modified":"2026-02-03T19:40:12","modified_gmt":"2026-02-03T18:40:12","slug":"vaillant-chauffe-bain-atmomag-11-i2e-avec-raccordement-cheminee-allumage-automatique-gaz-naturel","status":"publish","type":"product","link":"https:\/\/promochaudiere.be\/nl\/product\/vaillant-chauffe-bain-atmomag-11-i2e-avec-raccordement-cheminee-allumage-automatique-gaz-naturel\/","title":{"rendered":"Vaillant chauffe-bain ATMOMAG 11 I2E avec raccordement chemin\u00e9e + allumage automatique gaz naturel"},"content":{"rendered":"<p>Pour faire chauffer l\u2019eau destin\u00e9e \u00e0 un usage sanitaire (douche, baignoire\u2026) nous vous pr\u00e9sentons ce chauffe-bain ATMOMAG de la marque Vaillant. Il fonctionne au gaz naturel et s\u2019allume automatiquement par un d\u00e9tecteur de d\u00e9bit (g\u00e9n\u00e9rateur).<\/p>\n<p>ATMOMAG est dot\u00e9 d\u2019un br\u00fbleur atmosph\u00e9rique en acier inoxydable, un affichage par LED du fonctionnement ou d\u00e9rangement de la flamme et une \u00e9lectrode d&rsquo;allumage.<\/p>\n<p>Sa structure est con\u00e7ue \u00e0 partir d\u2019une mati\u00e8re de premi\u00e8re qualit\u00e9 qui propose une durabilit\u00e9 optimale.<\/p>","protected":false},"excerpt":{"rendered":"<p><strong>Caract\u00e9ristiques\u00a0:<\/strong><\/p>\n<ul>\n<li>Classe \u00e9nerg\u00e9tique\u00a0: A<\/li>\n<li>Profil de puisage sanitaire\u00a0: M<\/li>\n<li>Puissance\u00a0: 6,4 &#8230; 18,1 KW<\/li>\n<li>Hauteur\u00a0: 680 mm<\/li>\n<li>Largeur\u00a0: 350 mm<\/li>\n<li>Profondeur\u00a0: 270 mm<\/li>\n<\/ul>","protected":false},"featured_media":837,"comment_status":"open","ping_status":"closed","template":"","meta":[],"product_brand":[],"product_cat":[528],"product_tag":[],"class_list":{"0":"post-599","1":"product","2":"type-product","3":"status-publish","4":"has-post-thumbnail","6":"product_cat-chauffe-bain-vaillant-fr","7":"pa_marque-vaillant","9":"first","10":"instock","11":"sale","12":"taxable","13":"shipping-taxable","14":"purchasable","15":"product-type-simple"},"aioseo_notices":[],"_links":{"self":[{"href":"https:\/\/promochaudiere.be\/nl\/wp-json\/wp\/v2\/product\/599","targetHints":{"allow":["GET"]}}],"collection":[{"href":"https:\/\/promochaudiere.be\/nl\/wp-json\/wp\/v2\/product"}],"about":[{"href":"https:\/\/promochaudiere.be\/nl\/wp-json\/wp\/v2\/types\/product"}],"replies":[{"embeddable":true,"href":"https:\/\/promochaudiere.be\/nl\/wp-json\/wp\/v2\/comments?post=599"}],"version-history":[{"count":0,"href":"https:\/\/promochaudiere.be\/nl\/wp-json\/wp\/v2\/product\/599\/revisions"}],"wp:featuredmedia":[{"embeddable":true,"href":"https:\/\/promochaudiere.be\/nl\/wp-json\/wp\/v2\/media\/837"}],"wp:attachment":[{"href":"https:\/\/promochaudiere.be\/nl\/wp-json\/wp\/v2\/media?parent=599"}],"wp:term":[{"taxonomy":"product_brand","embeddable":true,"href":"https:\/\/promochaudiere.be\/nl\/wp-json\/wp\/v2\/product_brand?post=599"},{"taxonomy":"product_cat","embeddable":true,"href":"https:\/\/promochaudiere.be\/nl\/wp-json\/wp\/v2\/product_cat?post=599"},{"taxonomy":"product_tag","embeddable":true,"href":"https:\/\/promochaudiere.be\/nl\/wp-json\/wp\/v2\/product_tag?post=599"}],"curies":[{"name":"wp","href":"https:\/\/api.w.org\/{rel}","templated":true}]}}