{"id":602,"date":"2022-04-06T12:54:18","date_gmt":"2022-04-06T12:54:18","guid":{"rendered":"https:\/\/promochaudiere.be\/produit\/vaillant-chauffe-bain-atmomag-11-i3p-avec-raccordement-cheminee-allumage-automatique-gaz-liquide\/"},"modified":"2026-02-03T19:40:13","modified_gmt":"2026-02-03T18:40:13","slug":"vaillant-chauffe-bain-atmomag-11-i3p-avec-raccordement-cheminee-allumage-automatique-gaz-liquide","status":"publish","type":"product","link":"https:\/\/promochaudiere.be\/nl\/product\/vaillant-chauffe-bain-atmomag-11-i3p-avec-raccordement-cheminee-allumage-automatique-gaz-liquide\/","title":{"rendered":"Vaillant chauffe-bain ATMOMAG 11 I3P avec raccordement chemin\u00e9e + allumage automatique gaz liquide"},"content":{"rendered":"<p>Pour faire chauffer l\u2019eau destin\u00e9e \u00e0 un usage sanitaire (douche, baignoire\u2026) nous vous pr\u00e9sentons ce chauffe-bain ATMOMAG de la marque Vaillant. Il fonctionne au gaz naturel et s\u2019allume par pi\u00ebzo pour la veilleuse.<\/p>\n<p>ATMOMAG est dot\u00e9 d\u2019un br\u00fbleur atmosph\u00e9rique en acier inoxydable, une veilleuse avec s\u00e9curit\u00e9 thermo\u00e9lectrique et une \u00e9lectrode d\u2019allumage pour la veilleuse.<\/p>\n<p>Sa structure est con\u00e7ue \u00e0 partir d\u2019une mati\u00e8re de premi\u00e8re qualit\u00e9 qui propose une durabilit\u00e9 optimale.<\/p>","protected":false},"excerpt":{"rendered":"<p><strong>Caract\u00e9ristiques\u00a0:<\/strong><\/p>\n<ul>\n<li>Classe \u00e9nerg\u00e9tique\u00a0: A<\/li>\n<li>Profil de puisage sanitaire\u00a0: M<\/li>\n<li>Puissance\u00a0: 6,4 &#8230; 18,1 KW<\/li>\n<li>Hauteur\u00a0: 680 mm<\/li>\n<li>Largeur\u00a0: 350 mm<\/li>\n<li>Profondeur\u00a0: 270 mm<\/li>\n<\/ul>","protected":false},"featured_media":841,"comment_status":"open","ping_status":"closed","template":"","meta":[],"product_brand":[],"product_cat":[528],"product_tag":[],"class_list":{"0":"post-602","1":"product","2":"type-product","3":"status-publish","4":"has-post-thumbnail","6":"product_cat-chauffe-bain-vaillant-fr","7":"pa_marque-vaillant","9":"first","10":"instock","11":"sale","12":"taxable","13":"shipping-taxable","14":"purchasable","15":"product-type-simple"},"aioseo_notices":[],"_links":{"self":[{"href":"https:\/\/promochaudiere.be\/nl\/wp-json\/wp\/v2\/product\/602","targetHints":{"allow":["GET"]}}],"collection":[{"href":"https:\/\/promochaudiere.be\/nl\/wp-json\/wp\/v2\/product"}],"about":[{"href":"https:\/\/promochaudiere.be\/nl\/wp-json\/wp\/v2\/types\/product"}],"replies":[{"embeddable":true,"href":"https:\/\/promochaudiere.be\/nl\/wp-json\/wp\/v2\/comments?post=602"}],"version-history":[{"count":1,"href":"https:\/\/promochaudiere.be\/nl\/wp-json\/wp\/v2\/product\/602\/revisions"}],"predecessor-version":[{"id":842,"href":"https:\/\/promochaudiere.be\/nl\/wp-json\/wp\/v2\/product\/602\/revisions\/842"}],"wp:featuredmedia":[{"embeddable":true,"href":"https:\/\/promochaudiere.be\/nl\/wp-json\/wp\/v2\/media\/841"}],"wp:attachment":[{"href":"https:\/\/promochaudiere.be\/nl\/wp-json\/wp\/v2\/media?parent=602"}],"wp:term":[{"taxonomy":"product_brand","embeddable":true,"href":"https:\/\/promochaudiere.be\/nl\/wp-json\/wp\/v2\/product_brand?post=602"},{"taxonomy":"product_cat","embeddable":true,"href":"https:\/\/promochaudiere.be\/nl\/wp-json\/wp\/v2\/product_cat?post=602"},{"taxonomy":"product_tag","embeddable":true,"href":"https:\/\/promochaudiere.be\/nl\/wp-json\/wp\/v2\/product_tag?post=602"}],"curies":[{"name":"wp","href":"https:\/\/api.w.org\/{rel}","templated":true}]}}