{"id":611,"date":"2022-04-06T12:54:18","date_gmt":"2022-04-06T12:54:18","guid":{"rendered":"https:\/\/promochaudiere.be\/produit\/vaillant-boiler-deau-chaude-sanitaire-unistor-vih-r-150-type-6b-avec-anode-magnesium\/"},"modified":"2026-02-03T19:40:11","modified_gmt":"2026-02-03T18:40:11","slug":"vaillant-boiler-deau-chaude-sanitaire-unistor-vih-r-150-type-6b-avec-anode-magnesium","status":"publish","type":"product","link":"https:\/\/promochaudiere.be\/nl\/product\/vaillant-boiler-deau-chaude-sanitaire-unistor-vih-r-150-type-6b-avec-anode-magnesium\/","title":{"rendered":"Vaillant boiler d&rsquo;eau chaude sanitaire UNISTOR VIH R 150 type 6B avec anode magn\u00e9sium"},"content":{"rendered":"<p>Optez pour votre habitation ce boiler d\u2019eau chaude sanitaire de la marque Vaillant qui est con\u00e7u sp\u00e9cialement pour r\u00e9pond \u00e0 vos exigences. Il offre une protection par anode en magn\u00e9sium.<\/p>\n<p>Sa structure est \u00e9labor\u00e9e d\u2019un acier \u00e9maill\u00e9 de tr\u00e8s bonne qualit\u00e9 qui propose une durabilit\u00e9 optimale.<\/p>","protected":false},"excerpt":{"rendered":"<p><strong>Caract\u00e9ristiques\u00a0:<\/strong><\/p>\n<ul>\n<li>Classe \u00e9nerg\u00e9tique\u00a0: B<\/li>\n<li>Capacit\u00e9\u00a0: 144 L<\/li>\n<li>Puissance\u00a0: 12,9 &#8211; 35,9 KW<\/li>\n<li>Hauteur\u00a0: 988 mm<\/li>\n<li>Diam\u00e8tre\u00a0: 590 mm<\/li>\n<\/ul>","protected":false},"featured_media":856,"comment_status":"open","ping_status":"closed","template":"","meta":[],"product_brand":[],"product_cat":[10961],"product_tag":[],"class_list":{"0":"post-611","1":"product","2":"type-product","3":"status-publish","4":"has-post-thumbnail","6":"product_cat-vaillant-fr","7":"pa_marque-vaillant","9":"first","10":"instock","11":"sale","12":"taxable","13":"shipping-taxable","14":"purchasable","15":"product-type-simple"},"aioseo_notices":[],"_links":{"self":[{"href":"https:\/\/promochaudiere.be\/nl\/wp-json\/wp\/v2\/product\/611","targetHints":{"allow":["GET"]}}],"collection":[{"href":"https:\/\/promochaudiere.be\/nl\/wp-json\/wp\/v2\/product"}],"about":[{"href":"https:\/\/promochaudiere.be\/nl\/wp-json\/wp\/v2\/types\/product"}],"replies":[{"embeddable":true,"href":"https:\/\/promochaudiere.be\/nl\/wp-json\/wp\/v2\/comments?post=611"}],"version-history":[{"count":0,"href":"https:\/\/promochaudiere.be\/nl\/wp-json\/wp\/v2\/product\/611\/revisions"}],"wp:featuredmedia":[{"embeddable":true,"href":"https:\/\/promochaudiere.be\/nl\/wp-json\/wp\/v2\/media\/856"}],"wp:attachment":[{"href":"https:\/\/promochaudiere.be\/nl\/wp-json\/wp\/v2\/media?parent=611"}],"wp:term":[{"taxonomy":"product_brand","embeddable":true,"href":"https:\/\/promochaudiere.be\/nl\/wp-json\/wp\/v2\/product_brand?post=611"},{"taxonomy":"product_cat","embeddable":true,"href":"https:\/\/promochaudiere.be\/nl\/wp-json\/wp\/v2\/product_cat?post=611"},{"taxonomy":"product_tag","embeddable":true,"href":"https:\/\/promochaudiere.be\/nl\/wp-json\/wp\/v2\/product_tag?post=611"}],"curies":[{"name":"wp","href":"https:\/\/api.w.org\/{rel}","templated":true}]}}