{"id":6126,"date":"2022-06-17T14:40:23","date_gmt":"2022-06-17T14:40:23","guid":{"rendered":"https:\/\/promochaudiere.be\/produit\/radson-radiateur-e-flow-ramo-type-11-hauteur-600-longueur-450-puissance-424w-gauche\/"},"modified":"2025-12-09T16:40:55","modified_gmt":"2025-12-09T16:40:55","slug":"radson-radiateur-e-flow-ramo-type-11-hauteur-600-longueur-450-puissance-424w-gauche","status":"publish","type":"product","link":"https:\/\/promochaudiere.be\/nl\/product\/radson-radiateur-e-flow-ramo-type-11-hauteur-600-longueur-450-puissance-424w-gauche\/","title":{"rendered":"Radson radiateur E.Flow Ramo type 11 hauteur 600 longueur 450 puissance 424w gauche"},"content":{"rendered":"<p>Radiateur E-flow Ramo de la marque Radson \u00e0 robinetterie int\u00e9gr\u00e9e et 8 raccordements, dont deux au centre. Il offre ainsi non seulement une flexibilit\u00e9 maximale, mais \u00e9galement un rendement thermique optimal garanti. Ce radiateur avec une face avant aux lignes rigide a une finition avec une belle grille sup\u00e9rieure et deux parois lat\u00e9rales soign\u00e9es ainsi que des consoles de fixation \u00e9galement dissimul\u00e9es derri\u00e8re le radiateur, vous obtenez un ensemble de classe.<\/p>\n<p>Tuyauterie\u00a0:<\/p>\n<p>Int\u00e9gr\u00e9 \u00e0 droite (\u00e0 gauche sur demande) corps de vanne thermostatisable \u00e0 Kv r\u00e9glable est mont\u00e9 en usine ainsi que le purgeur et 6 bouchons pleins<\/p>\n<p>Raccordement\u00a0:<\/p>\n<ul>\n<li>2 x G 1\/2\u201d en bas \u00e0 droite ou \u00e0 gauche, obtur\u00e9s avec 2 bouchons femelles SW 12<\/li>\n<li>2 x G 3\/4\u201d Euroconus au centre, ferm\u00e9s avec 2 bouchons pleins SW 30<\/li>\n<li>4 x G 1\/2\u201d lat\u00e9ral gauche et droite, ferm\u00e9 dans le haut par 1 purgeur et 1 corps de vanne, dans le bas par 2 bouchons pleins SW 22.<\/li>\n<\/ul>\n<p>Montage\u00a0:<\/p>\n<p>4 \u00e0 6 pattes de fixation soud\u00e9es au dos du radiateur.<\/p>","protected":false},"excerpt":{"rendered":"<p><strong>Caract\u00e9ristiques:<\/strong><\/p>\n<ul>\n<li>Type: 11<\/li>\n<li>Hauteur: 600<\/li>\n<li>Longueur: 450<\/li>\n<li>Puissance: 424w<\/li>\n<\/ul>","protected":false},"featured_media":6097,"comment_status":"open","ping_status":"closed","template":"","meta":[],"product_brand":[],"product_cat":[10853],"product_tag":[],"class_list":{"0":"post-6126","1":"product","2":"type-product","3":"status-publish","4":"has-post-thumbnail","6":"product_cat-e-flow-ramo","7":"pa_marque-radson","9":"first","10":"instock","11":"sale","12":"taxable","13":"shipping-taxable","14":"purchasable","15":"product-type-simple"},"aioseo_notices":[],"_links":{"self":[{"href":"https:\/\/promochaudiere.be\/nl\/wp-json\/wp\/v2\/product\/6126","targetHints":{"allow":["GET"]}}],"collection":[{"href":"https:\/\/promochaudiere.be\/nl\/wp-json\/wp\/v2\/product"}],"about":[{"href":"https:\/\/promochaudiere.be\/nl\/wp-json\/wp\/v2\/types\/product"}],"replies":[{"embeddable":true,"href":"https:\/\/promochaudiere.be\/nl\/wp-json\/wp\/v2\/comments?post=6126"}],"version-history":[{"count":1,"href":"https:\/\/promochaudiere.be\/nl\/wp-json\/wp\/v2\/product\/6126\/revisions"}],"predecessor-version":[{"id":49322,"href":"https:\/\/promochaudiere.be\/nl\/wp-json\/wp\/v2\/product\/6126\/revisions\/49322"}],"wp:featuredmedia":[{"embeddable":true,"href":"https:\/\/promochaudiere.be\/nl\/wp-json\/wp\/v2\/media\/6097"}],"wp:attachment":[{"href":"https:\/\/promochaudiere.be\/nl\/wp-json\/wp\/v2\/media?parent=6126"}],"wp:term":[{"taxonomy":"product_brand","embeddable":true,"href":"https:\/\/promochaudiere.be\/nl\/wp-json\/wp\/v2\/product_brand?post=6126"},{"taxonomy":"product_cat","embeddable":true,"href":"https:\/\/promochaudiere.be\/nl\/wp-json\/wp\/v2\/product_cat?post=6126"},{"taxonomy":"product_tag","embeddable":true,"href":"https:\/\/promochaudiere.be\/nl\/wp-json\/wp\/v2\/product_tag?post=6126"}],"curies":[{"name":"wp","href":"https:\/\/api.w.org\/{rel}","templated":true}]}}