{"id":613,"date":"2022-04-06T12:54:18","date_gmt":"2022-04-06T12:54:18","guid":{"rendered":"https:\/\/promochaudiere.be\/produit\/vaillant-boiler-deau-chaude-sanitaire-unistor-vih-q-75-2-b\/"},"modified":"2026-02-03T19:40:10","modified_gmt":"2026-02-03T18:40:10","slug":"vaillant-boiler-deau-chaude-sanitaire-unistor-vih-q-75-2-b","status":"publish","type":"product","link":"https:\/\/promochaudiere.be\/nl\/product\/vaillant-boiler-deau-chaude-sanitaire-unistor-vih-q-75-2-b\/","title":{"rendered":"Vaillant boiler d&rsquo;eau chaude sanitaire UNISTOR VIH Q 75\/2 B"},"content":{"rendered":"<p>Optez pour votre habitation ce boiler d\u2019eau chaude sanitaire de la marque Vaillant qui est con\u00e7u sp\u00e9cialement pour r\u00e9pond \u00e0 vos exigences. Il offre une protection par anode en magn\u00e9sium.<\/p>\n<p>Sa structure est \u00e9labor\u00e9e d\u2019un acier \u00e9maill\u00e9 de tr\u00e8s bonne qualit\u00e9 qui propose une durabilit\u00e9 optimale.<\/p>","protected":false},"excerpt":{"rendered":"<p><strong>Caract\u00e9ristiques\u00a0:<\/strong><\/p>\n<ul>\n<li>Classe \u00e9nerg\u00e9tique\u00a0: B<\/li>\n<li>Capacit\u00e9\u00a0: 68 L<\/li>\n<li>Puissance\u00a0: 11 &#8211; 37 KW<\/li>\n<li>Hauteur\u00a0: 720 mm<\/li>\n<li>Largeur\u00a0: 440 mm<\/li>\n<li>Profondeur\u00a0: 440 mm<\/li>\n<\/ul>","protected":false},"featured_media":860,"comment_status":"open","ping_status":"closed","template":"","meta":[],"product_brand":[],"product_cat":[10961],"product_tag":[],"class_list":{"0":"post-613","1":"product","2":"type-product","3":"status-publish","4":"has-post-thumbnail","6":"product_cat-vaillant-fr","7":"pa_marque-vaillant","9":"first","10":"instock","11":"sale","12":"taxable","13":"shipping-taxable","14":"purchasable","15":"product-type-simple"},"aioseo_notices":[],"_links":{"self":[{"href":"https:\/\/promochaudiere.be\/nl\/wp-json\/wp\/v2\/product\/613","targetHints":{"allow":["GET"]}}],"collection":[{"href":"https:\/\/promochaudiere.be\/nl\/wp-json\/wp\/v2\/product"}],"about":[{"href":"https:\/\/promochaudiere.be\/nl\/wp-json\/wp\/v2\/types\/product"}],"replies":[{"embeddable":true,"href":"https:\/\/promochaudiere.be\/nl\/wp-json\/wp\/v2\/comments?post=613"}],"version-history":[{"count":1,"href":"https:\/\/promochaudiere.be\/nl\/wp-json\/wp\/v2\/product\/613\/revisions"}],"predecessor-version":[{"id":861,"href":"https:\/\/promochaudiere.be\/nl\/wp-json\/wp\/v2\/product\/613\/revisions\/861"}],"wp:featuredmedia":[{"embeddable":true,"href":"https:\/\/promochaudiere.be\/nl\/wp-json\/wp\/v2\/media\/860"}],"wp:attachment":[{"href":"https:\/\/promochaudiere.be\/nl\/wp-json\/wp\/v2\/media?parent=613"}],"wp:term":[{"taxonomy":"product_brand","embeddable":true,"href":"https:\/\/promochaudiere.be\/nl\/wp-json\/wp\/v2\/product_brand?post=613"},{"taxonomy":"product_cat","embeddable":true,"href":"https:\/\/promochaudiere.be\/nl\/wp-json\/wp\/v2\/product_cat?post=613"},{"taxonomy":"product_tag","embeddable":true,"href":"https:\/\/promochaudiere.be\/nl\/wp-json\/wp\/v2\/product_tag?post=613"}],"curies":[{"name":"wp","href":"https:\/\/api.w.org\/{rel}","templated":true}]}}