{"id":615,"date":"2022-04-06T12:54:18","date_gmt":"2022-04-06T12:54:18","guid":{"rendered":"https:\/\/promochaudiere.be\/produit\/bosch-boiler-deau-sanitaire-stora-w-200-5ep1-b-200l\/"},"modified":"2026-02-03T19:40:15","modified_gmt":"2026-02-03T18:40:15","slug":"bosch-boiler-deau-sanitaire-stora-w-200-5ep1-b-200l","status":"publish","type":"product","link":"https:\/\/promochaudiere.be\/nl\/product\/bosch-boiler-deau-sanitaire-stora-w-200-5ep1-b-200l\/","title":{"rendered":"Bosch boiler d\u2019eau sanitaire STORA W 200-5EP1 B 200L"},"content":{"rendered":"<p>Optez pour votre habitation ce boiler d\u2019eau chaude sanitaire de la marque Bosch qui est con\u00e7u sp\u00e9cialement pour r\u00e9pond \u00e0 vos exigences.<\/p>\n<p>Sa structure est \u00e9labor\u00e9e \u00e0 partir d\u2019une mati\u00e8re de tr\u00e8s bonne qualit\u00e9 qui propose une durabilit\u00e9 optimale.<\/p>","protected":false},"excerpt":{"rendered":"<p><strong>Caract\u00e9ristiques\u00a0:<\/strong><\/p>\n<ul>\n<li>Capacit\u00e9\u00a0: 200 L<\/li>\n<li>Puissance\u00a0: 30 KW<\/li>\n<li>Hauteur\u00a0: 1530 mm<\/li>\n<li>Diam\u00e8tre\u00a0: 550 mm<\/li>\n<\/ul>","protected":false},"featured_media":863,"comment_status":"open","ping_status":"closed","template":"","meta":[],"product_brand":[],"product_cat":[10969],"product_tag":[],"class_list":{"0":"post-615","1":"product","2":"type-product","3":"status-publish","4":"has-post-thumbnail","6":"product_cat-bosch-junkers","7":"pa_marque-bosch","9":"first","10":"instock","11":"sale","12":"taxable","13":"shipping-taxable","14":"purchasable","15":"product-type-simple"},"aioseo_notices":[],"_links":{"self":[{"href":"https:\/\/promochaudiere.be\/nl\/wp-json\/wp\/v2\/product\/615","targetHints":{"allow":["GET"]}}],"collection":[{"href":"https:\/\/promochaudiere.be\/nl\/wp-json\/wp\/v2\/product"}],"about":[{"href":"https:\/\/promochaudiere.be\/nl\/wp-json\/wp\/v2\/types\/product"}],"replies":[{"embeddable":true,"href":"https:\/\/promochaudiere.be\/nl\/wp-json\/wp\/v2\/comments?post=615"}],"version-history":[{"count":2,"href":"https:\/\/promochaudiere.be\/nl\/wp-json\/wp\/v2\/product\/615\/revisions"}],"predecessor-version":[{"id":51777,"href":"https:\/\/promochaudiere.be\/nl\/wp-json\/wp\/v2\/product\/615\/revisions\/51777"}],"wp:featuredmedia":[{"embeddable":true,"href":"https:\/\/promochaudiere.be\/nl\/wp-json\/wp\/v2\/media\/863"}],"wp:attachment":[{"href":"https:\/\/promochaudiere.be\/nl\/wp-json\/wp\/v2\/media?parent=615"}],"wp:term":[{"taxonomy":"product_brand","embeddable":true,"href":"https:\/\/promochaudiere.be\/nl\/wp-json\/wp\/v2\/product_brand?post=615"},{"taxonomy":"product_cat","embeddable":true,"href":"https:\/\/promochaudiere.be\/nl\/wp-json\/wp\/v2\/product_cat?post=615"},{"taxonomy":"product_tag","embeddable":true,"href":"https:\/\/promochaudiere.be\/nl\/wp-json\/wp\/v2\/product_tag?post=615"}],"curies":[{"name":"wp","href":"https:\/\/api.w.org\/{rel}","templated":true}]}}