{"id":621,"date":"2022-04-06T12:54:19","date_gmt":"2022-04-06T12:54:19","guid":{"rendered":"https:\/\/promochaudiere.be\/produit\/atlantic-chauffe-eau-electrique-lineo-connecte-40l-multi-position-blanc\/"},"modified":"2026-02-03T18:16:57","modified_gmt":"2026-02-03T17:16:57","slug":"atlantic-chauffe-eau-electrique-lineo-connecte-40l-multi-position-blanc","status":"publish","type":"product","link":"https:\/\/promochaudiere.be\/nl\/product\/atlantic-chauffe-eau-electrique-lineo-connecte-40l-multi-position-blanc\/","title":{"rendered":"Atlantic chauffe-eau \u00e9lectrique LINEO CONNECTE 40L multi-position blanc"},"content":{"rendered":"<p>D\u2019un syst\u00e8me de fixation rapide et facile, ce chauffe-eau \u00e9lectrique de la marque Atlantic convient parfaitement pour les espaces r\u00e9duites. Il assure une r\u00e9sistance st\u00e9atite prot\u00e9g\u00e9e par un fourreau pour un entartage limit\u00e9.<\/p>\n<p>Sa conception est faite \u00e0 partir des mat\u00e9riaux de premi\u00e8re qualit\u00e9 qui assure une durabilit\u00e9 optimale.<\/p>","protected":false},"excerpt":{"rendered":"<p><strong>Caract\u00e9ristiques\u00a0:<\/strong><\/p>\n<ul>\n<li>Couleur\u00a0: Blanc<\/li>\n<li>Classe \u00e9nerg\u00e9tique\u00a0: B<\/li>\n<li>Profil de soutirage : M<\/li>\n<li>Capacit\u00e9 : 40 L<\/li>\n<li>Puissance : 2,25 KW<\/li>\n<li>Alimentation \u00e9lectrique : 220-240 V<\/li>\n<li>Hauteur : 765 mm<\/li>\n<li>Largueur : 490 mm<\/li>\n<li>Profondeur : 300 mm<\/li>\n<\/ul>","protected":false},"featured_media":873,"comment_status":"open","ping_status":"closed","template":"","meta":[],"product_brand":[],"product_cat":[524],"product_tag":[],"class_list":{"0":"post-621","1":"product","2":"type-product","3":"status-publish","4":"has-post-thumbnail","6":"product_cat-chauffe-bain-atlantic-fr","7":"pa_marque-atlantic","9":"first","10":"instock","11":"sale","12":"taxable","13":"shipping-taxable","14":"purchasable","15":"product-type-simple"},"aioseo_notices":[],"_links":{"self":[{"href":"https:\/\/promochaudiere.be\/nl\/wp-json\/wp\/v2\/product\/621","targetHints":{"allow":["GET"]}}],"collection":[{"href":"https:\/\/promochaudiere.be\/nl\/wp-json\/wp\/v2\/product"}],"about":[{"href":"https:\/\/promochaudiere.be\/nl\/wp-json\/wp\/v2\/types\/product"}],"replies":[{"embeddable":true,"href":"https:\/\/promochaudiere.be\/nl\/wp-json\/wp\/v2\/comments?post=621"}],"version-history":[{"count":2,"href":"https:\/\/promochaudiere.be\/nl\/wp-json\/wp\/v2\/product\/621\/revisions"}],"predecessor-version":[{"id":51770,"href":"https:\/\/promochaudiere.be\/nl\/wp-json\/wp\/v2\/product\/621\/revisions\/51770"}],"wp:featuredmedia":[{"embeddable":true,"href":"https:\/\/promochaudiere.be\/nl\/wp-json\/wp\/v2\/media\/873"}],"wp:attachment":[{"href":"https:\/\/promochaudiere.be\/nl\/wp-json\/wp\/v2\/media?parent=621"}],"wp:term":[{"taxonomy":"product_brand","embeddable":true,"href":"https:\/\/promochaudiere.be\/nl\/wp-json\/wp\/v2\/product_brand?post=621"},{"taxonomy":"product_cat","embeddable":true,"href":"https:\/\/promochaudiere.be\/nl\/wp-json\/wp\/v2\/product_cat?post=621"},{"taxonomy":"product_tag","embeddable":true,"href":"https:\/\/promochaudiere.be\/nl\/wp-json\/wp\/v2\/product_tag?post=621"}],"curies":[{"name":"wp","href":"https:\/\/api.w.org\/{rel}","templated":true}]}}