{"id":628,"date":"2022-04-06T12:54:20","date_gmt":"2022-04-06T12:54:20","guid":{"rendered":"https:\/\/promochaudiere.be\/produit\/atlantic-chauffe-eau-electrique-zeneo-vm-75l-aci-1200-w\/"},"modified":"2026-02-03T18:17:00","modified_gmt":"2026-02-03T17:17:00","slug":"atlantic-chauffe-eau-electrique-zeneo-vm-75l-aci-1200-w","status":"publish","type":"product","link":"https:\/\/promochaudiere.be\/nl\/product\/atlantic-chauffe-eau-electrique-zeneo-vm-75l-aci-1200-w\/","title":{"rendered":"Atlantic chauffe-eau \u00e9lectrique ZENEO VM 75L ACI 1200 W"},"content":{"rendered":"<p>D\u2019un syst\u00e8me de fixation rapide et facile, ce chauffe-eau \u00e9lectrique de la marque Atlantic convient parfaitement pour tout type d\u2019int\u00e9rieur.<\/p>\n<p>Ce boiler est dot\u00e9 d\u2019une technologie ACI Hybride anticorrosion pour une dur\u00e9e de vie prolong\u00e9e. Il assure une temp\u00e9rature de chauffe constante et stable et une r\u00e9sistance st\u00e9atite prot\u00e9g\u00e9e par un fourreau pour un entartrage limit\u00e9.<\/p>\n<p>Sa conception est faite \u00e0 partir des mat\u00e9riaux de premi\u00e8re qualit\u00e9 qui assure une durabilit\u00e9 optimale.<\/p>","protected":false},"excerpt":{"rendered":"<p><strong>Caract\u00e9ristiques\u00a0:<\/strong><\/p>\n<ul>\n<li>Classe \u00e9nerg\u00e9tique\u00a0: C<\/li>\n<li>Capacit\u00e9 : 75 L<\/li>\n<li>Puissance : 1,2 KW<\/li>\n<li>Alimentation \u00e9lectrique : 230 V<\/li>\n<li>Hauteur : 705 mm<\/li>\n<li>Largeur\u00a0: 513 mm<\/li>\n<li>Profondeur\u00a0: 530 mm<\/li>\n<\/ul>","protected":false},"featured_media":886,"comment_status":"open","ping_status":"closed","template":"","meta":[],"product_brand":[],"product_cat":[524],"product_tag":[],"class_list":{"0":"post-628","1":"product","2":"type-product","3":"status-publish","4":"has-post-thumbnail","6":"product_cat-chauffe-bain-atlantic-fr","7":"pa_marque-atlantic","9":"first","10":"instock","11":"sale","12":"taxable","13":"shipping-taxable","14":"purchasable","15":"product-type-simple"},"aioseo_notices":[],"_links":{"self":[{"href":"https:\/\/promochaudiere.be\/nl\/wp-json\/wp\/v2\/product\/628","targetHints":{"allow":["GET"]}}],"collection":[{"href":"https:\/\/promochaudiere.be\/nl\/wp-json\/wp\/v2\/product"}],"about":[{"href":"https:\/\/promochaudiere.be\/nl\/wp-json\/wp\/v2\/types\/product"}],"replies":[{"embeddable":true,"href":"https:\/\/promochaudiere.be\/nl\/wp-json\/wp\/v2\/comments?post=628"}],"version-history":[{"count":1,"href":"https:\/\/promochaudiere.be\/nl\/wp-json\/wp\/v2\/product\/628\/revisions"}],"predecessor-version":[{"id":51758,"href":"https:\/\/promochaudiere.be\/nl\/wp-json\/wp\/v2\/product\/628\/revisions\/51758"}],"wp:featuredmedia":[{"embeddable":true,"href":"https:\/\/promochaudiere.be\/nl\/wp-json\/wp\/v2\/media\/886"}],"wp:attachment":[{"href":"https:\/\/promochaudiere.be\/nl\/wp-json\/wp\/v2\/media?parent=628"}],"wp:term":[{"taxonomy":"product_brand","embeddable":true,"href":"https:\/\/promochaudiere.be\/nl\/wp-json\/wp\/v2\/product_brand?post=628"},{"taxonomy":"product_cat","embeddable":true,"href":"https:\/\/promochaudiere.be\/nl\/wp-json\/wp\/v2\/product_cat?post=628"},{"taxonomy":"product_tag","embeddable":true,"href":"https:\/\/promochaudiere.be\/nl\/wp-json\/wp\/v2\/product_tag?post=628"}],"curies":[{"name":"wp","href":"https:\/\/api.w.org\/{rel}","templated":true}]}}