{"id":639,"date":"2022-04-06T12:54:22","date_gmt":"2022-04-06T12:54:22","guid":{"rendered":"https:\/\/promochaudiere.be\/produit\/reflex-vase-dexpansion-cc-n35-15-gris-4-bar\/"},"modified":"2026-02-03T18:13:47","modified_gmt":"2026-02-03T17:13:47","slug":"reflex-vase-dexpansion-cc-n35-15-gris-4-bar","status":"publish","type":"product","link":"https:\/\/promochaudiere.be\/nl\/product\/reflex-vase-dexpansion-cc-n35-15-gris-4-bar\/","title":{"rendered":"Reflex vase d\u2019expansion CC N35 1,5 gris 4 bar"},"content":{"rendered":"<p>Besoin d\u2019un vase d\u2019expansion efficace de bonne qualit\u00e9\u00a0? Ce vase d\u2019expansion de la marque reflex est con\u00e7u sp\u00e9cialement pour vous\u00a0! Il convient parfaitement pour les syst\u00e8mes d\u2019eau de chauffage et de refroidissement. Son rev\u00eatement en r\u00e9sine \u00e9poxy.<\/p>","protected":false},"excerpt":{"rendered":"<p><strong>Caract\u00e9ristiques\u00a0:<\/strong><\/p>\n<ul>\n<li>Temp\u00e9rature syst\u00e8me max. admissible\u00a0: 120 \u00b0C<\/li>\n<li>Temp\u00e9rature de service admissible\u00a0: 70 \u00b0C<\/li>\n<li>Couleur :\u00a0Gris<\/li>\n<li>Volume nominal :\u00a035 L<\/li>\n<li>Volume utile max. :\u00a017,5 L<\/li>\n<li>Max. pression de service :\u00a04 bar<\/li>\n<li>Pression de pr\u00e9-gonflage :\u00a01,5 bar<\/li>\n<li>Raccord :\u00a0R 3\/4&Prime;<\/li>\n<li>Diam\u00e8tre :\u00a0376 mm<\/li>\n<li>Hauteur max. : 466 mm<\/li>\n<li>Hauteur prise d&rsquo;eau : 130 mm<\/li>\n<\/ul>","protected":false},"featured_media":904,"comment_status":"open","ping_status":"closed","template":"","meta":[],"product_brand":[],"product_cat":[11001],"product_tag":[],"class_list":{"0":"post-639","1":"product","2":"type-product","3":"status-publish","4":"has-post-thumbnail","6":"product_cat-vase-dexpansion-chauffage","7":"pa_marque-reflex","9":"first","10":"instock","11":"sale","12":"taxable","13":"shipping-taxable","14":"purchasable","15":"product-type-simple"},"aioseo_notices":[],"_links":{"self":[{"href":"https:\/\/promochaudiere.be\/nl\/wp-json\/wp\/v2\/product\/639","targetHints":{"allow":["GET"]}}],"collection":[{"href":"https:\/\/promochaudiere.be\/nl\/wp-json\/wp\/v2\/product"}],"about":[{"href":"https:\/\/promochaudiere.be\/nl\/wp-json\/wp\/v2\/types\/product"}],"replies":[{"embeddable":true,"href":"https:\/\/promochaudiere.be\/nl\/wp-json\/wp\/v2\/comments?post=639"}],"version-history":[{"count":1,"href":"https:\/\/promochaudiere.be\/nl\/wp-json\/wp\/v2\/product\/639\/revisions"}],"predecessor-version":[{"id":51750,"href":"https:\/\/promochaudiere.be\/nl\/wp-json\/wp\/v2\/product\/639\/revisions\/51750"}],"wp:featuredmedia":[{"embeddable":true,"href":"https:\/\/promochaudiere.be\/nl\/wp-json\/wp\/v2\/media\/904"}],"wp:attachment":[{"href":"https:\/\/promochaudiere.be\/nl\/wp-json\/wp\/v2\/media?parent=639"}],"wp:term":[{"taxonomy":"product_brand","embeddable":true,"href":"https:\/\/promochaudiere.be\/nl\/wp-json\/wp\/v2\/product_brand?post=639"},{"taxonomy":"product_cat","embeddable":true,"href":"https:\/\/promochaudiere.be\/nl\/wp-json\/wp\/v2\/product_cat?post=639"},{"taxonomy":"product_tag","embeddable":true,"href":"https:\/\/promochaudiere.be\/nl\/wp-json\/wp\/v2\/product_tag?post=639"}],"curies":[{"name":"wp","href":"https:\/\/api.w.org\/{rel}","templated":true}]}}