{"id":646,"date":"2022-04-06T12:54:23","date_gmt":"2022-04-06T12:54:23","guid":{"rendered":"https:\/\/promochaudiere.be\/produit\/reflex-vase-dexpansion-sanitaire-refix-a-vessie-en-butyle-bleu-50l-4-10-bar\/"},"modified":"2026-02-03T18:16:38","modified_gmt":"2026-02-03T17:16:38","slug":"reflex-vase-dexpansion-sanitaire-refix-a-vessie-en-butyle-bleu-50l-4-10-bar","status":"publish","type":"product","link":"https:\/\/promochaudiere.be\/nl\/product\/reflex-vase-dexpansion-sanitaire-refix-a-vessie-en-butyle-bleu-50l-4-10-bar\/","title":{"rendered":"Reflex vase d\u2019expansion sanitaire REFIX \u00e0 vessie en butyle bleu 50L 4 10 bar"},"content":{"rendered":"<p>Besoin d\u2019un vase d\u2019expansion efficace de bonne qualit\u00e9\u00a0? Ce vase d\u2019expansion \u00e0 vessie de la marque reflex est con\u00e7u sp\u00e9cialement pour vous\u00a0! Il convient parfaitement pour les installations en eau. Son rev\u00eatement en r\u00e9sine \u00e9poxy. La vessie en butyle permet de s\u00e9parer efficacement la chambre de gaz de la chambre d&rsquo;eau.<\/p>\n<p>Ce vase d\u2019expansion dispose d\u2019une manom\u00e8tre et soupape de pression d\u2019admission prot\u00e9g\u00e9s par arceau m\u00e9tallique.<\/p>","protected":false},"excerpt":{"rendered":"<p><strong>Caract\u00e9ristiques\u00a0: <\/strong><\/p>\n<ul>\n<li>Couleur :\u00a0Bleu<\/li>\n<li>Volume nominal :\u00a050 L<\/li>\n<li>Volume utile max. :\u00a040 L<\/li>\n<li>Temp\u00e9rature syst\u00e8me adm. :\u00a070 \u00b0C<\/li>\n<li>temp\u00e9rature de service :\u00a070 \u00b0C<\/li>\n<li>pression de service :\u00a010 bar<\/li>\n<li>Pression de pr\u00e9-gonflage :\u00a04 bar<\/li>\n<li>Raccord :\u00a0G 1&Prime;<\/li>\n<li>Diam\u00e8tre : 409 mm<\/li>\n<li>Hauteur max. : \u00a0604 mm<\/li>\n<li>Hauteur prise d&rsquo;eau : 102 mm<\/li>\n<\/ul>","protected":false},"featured_media":917,"comment_status":"open","ping_status":"closed","template":"","meta":[],"product_brand":[],"product_cat":[322],"product_tag":[],"class_list":{"0":"post-646","1":"product","2":"type-product","3":"status-publish","4":"has-post-thumbnail","6":"product_cat-vase-dexpansion","7":"pa_marque-reflex","9":"first","10":"instock","11":"sale","12":"taxable","13":"shipping-taxable","14":"purchasable","15":"product-type-simple"},"aioseo_notices":[],"_links":{"self":[{"href":"https:\/\/promochaudiere.be\/nl\/wp-json\/wp\/v2\/product\/646","targetHints":{"allow":["GET"]}}],"collection":[{"href":"https:\/\/promochaudiere.be\/nl\/wp-json\/wp\/v2\/product"}],"about":[{"href":"https:\/\/promochaudiere.be\/nl\/wp-json\/wp\/v2\/types\/product"}],"replies":[{"embeddable":true,"href":"https:\/\/promochaudiere.be\/nl\/wp-json\/wp\/v2\/comments?post=646"}],"version-history":[{"count":2,"href":"https:\/\/promochaudiere.be\/nl\/wp-json\/wp\/v2\/product\/646\/revisions"}],"predecessor-version":[{"id":51747,"href":"https:\/\/promochaudiere.be\/nl\/wp-json\/wp\/v2\/product\/646\/revisions\/51747"}],"wp:featuredmedia":[{"embeddable":true,"href":"https:\/\/promochaudiere.be\/nl\/wp-json\/wp\/v2\/media\/917"}],"wp:attachment":[{"href":"https:\/\/promochaudiere.be\/nl\/wp-json\/wp\/v2\/media?parent=646"}],"wp:term":[{"taxonomy":"product_brand","embeddable":true,"href":"https:\/\/promochaudiere.be\/nl\/wp-json\/wp\/v2\/product_brand?post=646"},{"taxonomy":"product_cat","embeddable":true,"href":"https:\/\/promochaudiere.be\/nl\/wp-json\/wp\/v2\/product_cat?post=646"},{"taxonomy":"product_tag","embeddable":true,"href":"https:\/\/promochaudiere.be\/nl\/wp-json\/wp\/v2\/product_tag?post=646"}],"curies":[{"name":"wp","href":"https:\/\/api.w.org\/{rel}","templated":true}]}}