{"id":649,"date":"2022-04-06T12:54:24","date_gmt":"2022-04-06T12:54:24","guid":{"rendered":"https:\/\/promochaudiere.be\/produit\/reflex-vase-dexpansion-c18-pour-systeme-chauffage-a-vessie-en-butyle-1-3bar\/"},"modified":"2026-02-03T18:13:48","modified_gmt":"2026-02-03T17:13:48","slug":"reflex-vase-dexpansion-c18-pour-systeme-chauffage-a-vessie-en-butyle-1-3bar","status":"publish","type":"product","link":"https:\/\/promochaudiere.be\/nl\/product\/reflex-vase-dexpansion-c18-pour-systeme-chauffage-a-vessie-en-butyle-1-3bar\/","title":{"rendered":"Reflex vase d\u2019expansion C18 pour syst\u00e8me chauffage \u00e0 vessie en butyle 1 3bar"},"content":{"rendered":"<p>Besoin d\u2019un vase d\u2019expansion efficace de bonne qualit\u00e9 ? Ce vase d\u2019expansion de la marque reflex est con\u00e7u sp\u00e9cialement pour vous ! Il convient parfaitement pour les syst\u00e8mes d&rsquo;eau de chauffage et de refroidissement ferm\u00e9s. Son rev\u00eatement en r\u00e9sine \u00e9poxy. La vessie en butyle permet de s\u00e9parer efficacement la chambre de gaz de la chambre d&rsquo;eau.<\/p>","protected":false},"excerpt":{"rendered":"<p><strong>Caract\u00e9ristiques\u00a0: <\/strong><\/p>\n<ul>\n<li>Type\u00a0: C18<\/li>\n<li>Couleur :\u00a0Gris<\/li>\n<li>Volume nominal :\u00a018 L<\/li>\n<li>Volume utile max. :\u00a016 L<\/li>\n<li>Temp\u00e9rature syst\u00e8me adm. :\u00a0120 \u00b0C<\/li>\n<li>temp\u00e9rature de service :\u00a070 \u00b0C<\/li>\n<li>pression de service :\u00a03 bar<\/li>\n<li>Pression de pr\u00e9-gonflage :\u00a01 bar<\/li>\n<li>Raccord :\u00a0G 3\/4&Prime;<\/li>\n<li>Diam\u00e8tre :\u00a0356 mm<\/li>\n<li>Hauteur max. : 370 mm<\/li>\n<li>Profondeur : 236 mm<\/li>\n<\/ul>","protected":false},"featured_media":920,"comment_status":"open","ping_status":"closed","template":"","meta":[],"product_brand":[],"product_cat":[11001],"product_tag":[],"class_list":{"0":"post-649","1":"product","2":"type-product","3":"status-publish","4":"has-post-thumbnail","6":"product_cat-vase-dexpansion-chauffage","7":"pa_marque-reflex","9":"first","10":"instock","11":"sale","12":"taxable","13":"shipping-taxable","14":"purchasable","15":"product-type-simple"},"aioseo_notices":[],"_links":{"self":[{"href":"https:\/\/promochaudiere.be\/nl\/wp-json\/wp\/v2\/product\/649","targetHints":{"allow":["GET"]}}],"collection":[{"href":"https:\/\/promochaudiere.be\/nl\/wp-json\/wp\/v2\/product"}],"about":[{"href":"https:\/\/promochaudiere.be\/nl\/wp-json\/wp\/v2\/types\/product"}],"replies":[{"embeddable":true,"href":"https:\/\/promochaudiere.be\/nl\/wp-json\/wp\/v2\/comments?post=649"}],"version-history":[{"count":1,"href":"https:\/\/promochaudiere.be\/nl\/wp-json\/wp\/v2\/product\/649\/revisions"}],"predecessor-version":[{"id":51736,"href":"https:\/\/promochaudiere.be\/nl\/wp-json\/wp\/v2\/product\/649\/revisions\/51736"}],"wp:featuredmedia":[{"embeddable":true,"href":"https:\/\/promochaudiere.be\/nl\/wp-json\/wp\/v2\/media\/920"}],"wp:attachment":[{"href":"https:\/\/promochaudiere.be\/nl\/wp-json\/wp\/v2\/media?parent=649"}],"wp:term":[{"taxonomy":"product_brand","embeddable":true,"href":"https:\/\/promochaudiere.be\/nl\/wp-json\/wp\/v2\/product_brand?post=649"},{"taxonomy":"product_cat","embeddable":true,"href":"https:\/\/promochaudiere.be\/nl\/wp-json\/wp\/v2\/product_cat?post=649"},{"taxonomy":"product_tag","embeddable":true,"href":"https:\/\/promochaudiere.be\/nl\/wp-json\/wp\/v2\/product_tag?post=649"}],"curies":[{"name":"wp","href":"https:\/\/api.w.org\/{rel}","templated":true}]}}