{"id":657,"date":"2022-04-06T12:54:24","date_gmt":"2022-04-06T12:54:24","guid":{"rendered":"https:\/\/promochaudiere.be\/produit\/caleffi-console-preequipee-chauffage-pour-vase-dexpansion\/"},"modified":"2026-02-03T18:13:45","modified_gmt":"2026-02-03T17:13:45","slug":"caleffi-console-preequipee-chauffage-pour-vase-dexpansion","status":"publish","type":"product","link":"https:\/\/promochaudiere.be\/nl\/product\/caleffi-console-preequipee-chauffage-pour-vase-dexpansion\/","title":{"rendered":"Caleffi console pr\u00e9\u00e9quip\u00e9e chauffage pour vase d\u2019expansion"},"content":{"rendered":"<p>Cette console de la marque Caleffi est fabriqu\u00e9e en acier de tr\u00e8s bonne qualit\u00e9. Elle dispose d&rsquo;un purgeur automatique, soupape de s\u00e9curit\u00e9, manom\u00e8tre et r\u00f4binet d&rsquo;arr\u00eat automatique pour vase d\u2019expansion.<\/p>","protected":false},"excerpt":{"rendered":"<p>Caleffi console pr\u00e9\u00e9quip\u00e9e chauffage pour vase d\u2019expansion<\/p>","protected":false},"featured_media":928,"comment_status":"open","ping_status":"closed","template":"","meta":[],"product_brand":[],"product_cat":[822],"product_tag":[],"class_list":{"0":"post-657","1":"product","2":"type-product","3":"status-publish","4":"has-post-thumbnail","6":"product_cat-accessoire","7":"pa_marque-caleffi","9":"first","10":"instock","11":"sale","12":"taxable","13":"shipping-taxable","14":"purchasable","15":"product-type-simple"},"aioseo_notices":[],"_links":{"self":[{"href":"https:\/\/promochaudiere.be\/nl\/wp-json\/wp\/v2\/product\/657","targetHints":{"allow":["GET"]}}],"collection":[{"href":"https:\/\/promochaudiere.be\/nl\/wp-json\/wp\/v2\/product"}],"about":[{"href":"https:\/\/promochaudiere.be\/nl\/wp-json\/wp\/v2\/types\/product"}],"replies":[{"embeddable":true,"href":"https:\/\/promochaudiere.be\/nl\/wp-json\/wp\/v2\/comments?post=657"}],"version-history":[{"count":1,"href":"https:\/\/promochaudiere.be\/nl\/wp-json\/wp\/v2\/product\/657\/revisions"}],"predecessor-version":[{"id":51744,"href":"https:\/\/promochaudiere.be\/nl\/wp-json\/wp\/v2\/product\/657\/revisions\/51744"}],"wp:featuredmedia":[{"embeddable":true,"href":"https:\/\/promochaudiere.be\/nl\/wp-json\/wp\/v2\/media\/928"}],"wp:attachment":[{"href":"https:\/\/promochaudiere.be\/nl\/wp-json\/wp\/v2\/media?parent=657"}],"wp:term":[{"taxonomy":"product_brand","embeddable":true,"href":"https:\/\/promochaudiere.be\/nl\/wp-json\/wp\/v2\/product_brand?post=657"},{"taxonomy":"product_cat","embeddable":true,"href":"https:\/\/promochaudiere.be\/nl\/wp-json\/wp\/v2\/product_cat?post=657"},{"taxonomy":"product_tag","embeddable":true,"href":"https:\/\/promochaudiere.be\/nl\/wp-json\/wp\/v2\/product_tag?post=657"}],"curies":[{"name":"wp","href":"https:\/\/api.w.org\/{rel}","templated":true}]}}