{"id":660,"date":"2022-04-06T12:54:25","date_gmt":"2022-04-06T12:54:25","guid":{"rendered":"https:\/\/promochaudiere.be\/produit\/fernox-tf1-compact-filter-3-4\/"},"modified":"2026-01-29T20:08:36","modified_gmt":"2026-01-29T19:08:36","slug":"fernox-tf1-compact-filter-3-4","status":"publish","type":"product","link":"https:\/\/promochaudiere.be\/nl\/product\/fernox-tf1-compact-filter-3-4\/","title":{"rendered":"Fernox TF1 Compact Filter 3\/4\u2033"},"content":{"rendered":"<p>Le TF1 compact Filter de la marque Fernox est un filtre magn\u00e9tique tr\u00e8s performant fabriqu\u00e9 en plastique composite de premi\u00e8re qualit\u00e9. Il est la solution parfaite pour les espaces r\u00e9duites et restreintes.<\/p>\n<p>Simple \u00e0 installer, ce filtre s\u2019adaptera parfaitement aux tuyauteries verticales et horizontales dans de multiples orientations.<\/p>\n<p>Sa structure capture \u00e0 la fois les d\u00e9bris magn\u00e9tiques et non magn\u00e9tiques, tout en utilisant l&rsquo;action de l&rsquo;hydrocyclone et des ensembles d&rsquo;aimants sp\u00e9cialement con\u00e7u pour collecter et contenir les d\u00e9bris dans le filtre, puis le retirer en toute s\u00e9curit\u00e9.<\/p>\n<p>Sa vanne de vidange en 2 minutes, c\u2019est un avantage pour un nettoyage rapide et sans salet\u00e9 !<\/p>","protected":false},"excerpt":{"rendered":"<p>Fernox TF1 Compact Filter 3\/4\u2033<\/p>","protected":false},"featured_media":930,"comment_status":"closed","ping_status":"closed","template":"","meta":[],"product_brand":[],"product_cat":[296,522],"product_tag":[],"class_list":{"0":"post-660","1":"product","2":"type-product","3":"status-publish","4":"has-post-thumbnail","6":"product_cat-filtre-magnetique","7":"product_cat-meilleures-ventes","8":"pa_marque-fernox","10":"first","11":"instock","12":"sale","13":"taxable","14":"shipping-taxable","15":"purchasable","16":"product-type-simple"},"aioseo_notices":[],"_links":{"self":[{"href":"https:\/\/promochaudiere.be\/nl\/wp-json\/wp\/v2\/product\/660","targetHints":{"allow":["GET"]}}],"collection":[{"href":"https:\/\/promochaudiere.be\/nl\/wp-json\/wp\/v2\/product"}],"about":[{"href":"https:\/\/promochaudiere.be\/nl\/wp-json\/wp\/v2\/types\/product"}],"replies":[{"embeddable":true,"href":"https:\/\/promochaudiere.be\/nl\/wp-json\/wp\/v2\/comments?post=660"}],"version-history":[{"count":1,"href":"https:\/\/promochaudiere.be\/nl\/wp-json\/wp\/v2\/product\/660\/revisions"}],"predecessor-version":[{"id":51723,"href":"https:\/\/promochaudiere.be\/nl\/wp-json\/wp\/v2\/product\/660\/revisions\/51723"}],"wp:featuredmedia":[{"embeddable":true,"href":"https:\/\/promochaudiere.be\/nl\/wp-json\/wp\/v2\/media\/930"}],"wp:attachment":[{"href":"https:\/\/promochaudiere.be\/nl\/wp-json\/wp\/v2\/media?parent=660"}],"wp:term":[{"taxonomy":"product_brand","embeddable":true,"href":"https:\/\/promochaudiere.be\/nl\/wp-json\/wp\/v2\/product_brand?post=660"},{"taxonomy":"product_cat","embeddable":true,"href":"https:\/\/promochaudiere.be\/nl\/wp-json\/wp\/v2\/product_cat?post=660"},{"taxonomy":"product_tag","embeddable":true,"href":"https:\/\/promochaudiere.be\/nl\/wp-json\/wp\/v2\/product_tag?post=660"}],"curies":[{"name":"wp","href":"https:\/\/api.w.org\/{rel}","templated":true}]}}