{"id":662,"date":"2022-04-06T12:54:25","date_gmt":"2022-04-06T12:54:25","guid":{"rendered":"https:\/\/promochaudiere.be\/produit\/fernox-total-filtre-tf1-4-4-f1-filtre-fluid\/"},"modified":"2026-02-03T19:40:04","modified_gmt":"2026-02-03T18:40:04","slug":"fernox-total-filtre-tf1-4-4-f1-filtre-fluid","status":"publish","type":"product","link":"https:\/\/promochaudiere.be\/nl\/product\/fernox-total-filtre-tf1-4-4-f1-filtre-fluid\/","title":{"rendered":"Fernox total filtre TF1 4\/4&Prime; + F1 filtre fluid"},"content":{"rendered":"<p>Le TF1 Total Filter de la marque Fernox dispose d\u2019une action hydro-cyclonique avec puissants assemblages magn\u00e9tiques au n\u00e9odyme, cette technique permet d\u2019\u00e9liminer les contaminants magn\u00e9tiques et non magn\u00e9tiques de l\u2019eau du syst\u00e8me et les contenir en toute s\u00e9curit\u00e9 dans le filtre. Il s\u2019adaptera parfaitement aux canalisations verticales et horizontales.<\/p>","protected":false},"excerpt":{"rendered":"<p>Fernox total filtre TF1 4\/4&Prime; + F1 filtre fluid<\/p>","protected":false},"featured_media":10697,"comment_status":"open","ping_status":"closed","template":"","meta":[],"product_brand":[],"product_cat":[296],"product_tag":[],"class_list":{"0":"post-662","1":"product","2":"type-product","3":"status-publish","4":"has-post-thumbnail","6":"product_cat-filtre-magnetique","7":"pa_marque-fernox","9":"first","10":"instock","11":"sale","12":"taxable","13":"shipping-taxable","14":"purchasable","15":"product-type-simple"},"aioseo_notices":[],"_links":{"self":[{"href":"https:\/\/promochaudiere.be\/nl\/wp-json\/wp\/v2\/product\/662","targetHints":{"allow":["GET"]}}],"collection":[{"href":"https:\/\/promochaudiere.be\/nl\/wp-json\/wp\/v2\/product"}],"about":[{"href":"https:\/\/promochaudiere.be\/nl\/wp-json\/wp\/v2\/types\/product"}],"replies":[{"embeddable":true,"href":"https:\/\/promochaudiere.be\/nl\/wp-json\/wp\/v2\/comments?post=662"}],"version-history":[{"count":1,"href":"https:\/\/promochaudiere.be\/nl\/wp-json\/wp\/v2\/product\/662\/revisions"}],"predecessor-version":[{"id":51725,"href":"https:\/\/promochaudiere.be\/nl\/wp-json\/wp\/v2\/product\/662\/revisions\/51725"}],"wp:featuredmedia":[{"embeddable":true,"href":"https:\/\/promochaudiere.be\/nl\/wp-json\/wp\/v2\/media\/10697"}],"wp:attachment":[{"href":"https:\/\/promochaudiere.be\/nl\/wp-json\/wp\/v2\/media?parent=662"}],"wp:term":[{"taxonomy":"product_brand","embeddable":true,"href":"https:\/\/promochaudiere.be\/nl\/wp-json\/wp\/v2\/product_brand?post=662"},{"taxonomy":"product_cat","embeddable":true,"href":"https:\/\/promochaudiere.be\/nl\/wp-json\/wp\/v2\/product_cat?post=662"},{"taxonomy":"product_tag","embeddable":true,"href":"https:\/\/promochaudiere.be\/nl\/wp-json\/wp\/v2\/product_tag?post=662"}],"curies":[{"name":"wp","href":"https:\/\/api.w.org\/{rel}","templated":true}]}}