{"id":664,"date":"2022-04-06T12:54:25","date_gmt":"2022-04-06T12:54:25","guid":{"rendered":"https:\/\/promochaudiere.be\/produit\/fernox-tf1-omega-filter-3-4\/"},"modified":"2026-02-03T19:39:58","modified_gmt":"2026-02-03T18:39:58","slug":"fernox-tf1-omega-filter-3-4","status":"publish","type":"product","link":"https:\/\/promochaudiere.be\/nl\/product\/fernox-tf1-omega-filter-3-4\/","title":{"rendered":"Fernox TF1 Omega filter 3\/4&Prime;"},"content":{"rendered":"<p>Ce filtre de la marque Fernox convient sp\u00e9cialement pour les espaces r\u00e9duites ou restreintes. Il est facile \u00e0 installer et rapide et pratique \u00e0 nettoyer.<\/p>\n<p>Le filtre est dot\u00e9 d\u2019une technologie HPS (s\u00e9paration des particules hydroniques) et la filtration magn\u00e9tique qui permet d\u2019\u00e9liminer les d\u00e9bris magn\u00e9tiques et non magn\u00e9tiques du syst\u00e8me. Sa structure est fabriqu\u00e9e en laiton nickel\u00e9 de tr\u00e8s bonne qualit\u00e9.<\/p>","protected":false},"excerpt":{"rendered":"<p>Fernox TF1 Omega filter 3\/4&Prime;<\/p>","protected":false},"featured_media":936,"comment_status":"open","ping_status":"closed","template":"","meta":[],"product_brand":[],"product_cat":[296,522],"product_tag":[],"class_list":{"0":"post-664","1":"product","2":"type-product","3":"status-publish","4":"has-post-thumbnail","6":"product_cat-filtre-magnetique","7":"product_cat-meilleures-ventes","8":"pa_marque-fernox","10":"first","11":"instock","12":"sale","13":"taxable","14":"shipping-taxable","15":"purchasable","16":"product-type-simple"},"aioseo_notices":[],"_links":{"self":[{"href":"https:\/\/promochaudiere.be\/nl\/wp-json\/wp\/v2\/product\/664","targetHints":{"allow":["GET"]}}],"collection":[{"href":"https:\/\/promochaudiere.be\/nl\/wp-json\/wp\/v2\/product"}],"about":[{"href":"https:\/\/promochaudiere.be\/nl\/wp-json\/wp\/v2\/types\/product"}],"replies":[{"embeddable":true,"href":"https:\/\/promochaudiere.be\/nl\/wp-json\/wp\/v2\/comments?post=664"}],"version-history":[{"count":1,"href":"https:\/\/promochaudiere.be\/nl\/wp-json\/wp\/v2\/product\/664\/revisions"}],"predecessor-version":[{"id":51727,"href":"https:\/\/promochaudiere.be\/nl\/wp-json\/wp\/v2\/product\/664\/revisions\/51727"}],"wp:featuredmedia":[{"embeddable":true,"href":"https:\/\/promochaudiere.be\/nl\/wp-json\/wp\/v2\/media\/936"}],"wp:attachment":[{"href":"https:\/\/promochaudiere.be\/nl\/wp-json\/wp\/v2\/media?parent=664"}],"wp:term":[{"taxonomy":"product_brand","embeddable":true,"href":"https:\/\/promochaudiere.be\/nl\/wp-json\/wp\/v2\/product_brand?post=664"},{"taxonomy":"product_cat","embeddable":true,"href":"https:\/\/promochaudiere.be\/nl\/wp-json\/wp\/v2\/product_cat?post=664"},{"taxonomy":"product_tag","embeddable":true,"href":"https:\/\/promochaudiere.be\/nl\/wp-json\/wp\/v2\/product_tag?post=664"}],"curies":[{"name":"wp","href":"https:\/\/api.w.org\/{rel}","templated":true}]}}