{"id":6685,"date":"2022-06-17T14:43:05","date_gmt":"2022-06-17T14:43:05","guid":{"rendered":"https:\/\/promochaudiere.be\/produit\/radson-radiateur-kos-vertical-type-21c-hauteur-1950-longueur-1950-puissance-1405w\/"},"modified":"2025-12-09T16:33:48","modified_gmt":"2025-12-09T16:33:48","slug":"radson-radiateur-kos-vertical-type-21c-hauteur-1950-longueur-1950-puissance-1405w","status":"publish","type":"product","link":"https:\/\/promochaudiere.be\/nl\/product\/radson-radiateur-kos-vertical-type-21c-hauteur-1950-longueur-1950-puissance-1405w\/","title":{"rendered":"Radson radiateur Kos vertical type 21C hauteur 1950 longueur 450 puissance 1405w"},"content":{"rendered":"<p>Le radiateur Kos verticale est fabriqu\u00e9 en t\u00f4le d\u2019acier de haute qualit\u00e9, lamin\u00e9e a froid, selon EN 10130: 2006. Il poss\u00e8de une face avant une face avant plane et des parois lat\u00e9rales ferm\u00e9es.. Gr\u00e2ce \u00e0 sa forme verticale, le radiateur prend peu de place au mur<\/p>\n<p>Mat\u00e9riau: T\u00f4le d\u2019acier de qualit\u00e9, lamin\u00e9e \u00e0 froid DC 01A<\/p>\n<p>Tuyauterie:<\/p>\n<p>les radiateurs sont livr\u00e9s pour un syst\u00e8me bitube. Le radiateur est r\u00e9versible haut\/bas. (Attention: en cas de raccordement dans le haut, le radiateur doit \u00eatre tourn\u00e9 180\u00b0)<\/p>\n<p>Raccordement:<\/p>\n<p>6 x G 1\/2\u201d Attention, pour le type 22, la vanne de raccordement est plac\u00e9e de fa\u00e7on excentrique dans le radiateur<\/p>\n<p>Montage:<\/p>\n<p>pas de pattes de fixation soud\u00e9es<\/p>","protected":false},"excerpt":{"rendered":"<p><strong>Caract\u00e9ristiques:<\/strong><\/p>\n<ul>\n<li>Type: 21C<\/li>\n<li>Hauteur: 1950<\/li>\n<li>Longueur: 450<\/li>\n<li>Puissance: 1405w<\/li>\n<\/ul>","protected":false},"featured_media":6707,"comment_status":"open","ping_status":"closed","template":"","meta":[],"product_brand":[],"product_cat":[10488],"product_tag":[],"class_list":{"0":"post-6685","1":"product","2":"type-product","3":"status-publish","4":"has-post-thumbnail","6":"product_cat-kos-v","7":"pa_marque-radson","9":"first","10":"instock","11":"sale","12":"taxable","13":"shipping-taxable","14":"purchasable","15":"product-type-simple"},"aioseo_notices":[],"_links":{"self":[{"href":"https:\/\/promochaudiere.be\/nl\/wp-json\/wp\/v2\/product\/6685","targetHints":{"allow":["GET"]}}],"collection":[{"href":"https:\/\/promochaudiere.be\/nl\/wp-json\/wp\/v2\/product"}],"about":[{"href":"https:\/\/promochaudiere.be\/nl\/wp-json\/wp\/v2\/types\/product"}],"replies":[{"embeddable":true,"href":"https:\/\/promochaudiere.be\/nl\/wp-json\/wp\/v2\/comments?post=6685"}],"version-history":[{"count":1,"href":"https:\/\/promochaudiere.be\/nl\/wp-json\/wp\/v2\/product\/6685\/revisions"}],"predecessor-version":[{"id":48762,"href":"https:\/\/promochaudiere.be\/nl\/wp-json\/wp\/v2\/product\/6685\/revisions\/48762"}],"wp:featuredmedia":[{"embeddable":true,"href":"https:\/\/promochaudiere.be\/nl\/wp-json\/wp\/v2\/media\/6707"}],"wp:attachment":[{"href":"https:\/\/promochaudiere.be\/nl\/wp-json\/wp\/v2\/media?parent=6685"}],"wp:term":[{"taxonomy":"product_brand","embeddable":true,"href":"https:\/\/promochaudiere.be\/nl\/wp-json\/wp\/v2\/product_brand?post=6685"},{"taxonomy":"product_cat","embeddable":true,"href":"https:\/\/promochaudiere.be\/nl\/wp-json\/wp\/v2\/product_cat?post=6685"},{"taxonomy":"product_tag","embeddable":true,"href":"https:\/\/promochaudiere.be\/nl\/wp-json\/wp\/v2\/product_tag?post=6685"}],"curies":[{"name":"wp","href":"https:\/\/api.w.org\/{rel}","templated":true}]}}